{"id":1755,"date":"2024-07-05T09:35:01","date_gmt":"2024-07-05T09:35:01","guid":{"rendered":"https:\/\/mesoforming.com\/?post_type=product&#038;p=1755"},"modified":"2024-07-30T02:20:23","modified_gmt":"2024-07-30T02:20:23","slug":"%d9%85%d8%a7%d9%83%d9%8a%d9%86%d8%a9-%d8%a7%d9%84%d8%aa%d8%b4%d9%83%d9%8a%d9%84-%d8%a7%d9%84%d8%ad%d8%b1%d8%a7%d8%b1%d9%8a-%d8%ab%d9%84%d8%a7%d8%ab%d9%8a%d8%a9-%d8%a7%d9%84%d9%85%d8%ad%d8%b7%d8%a7-3","status":"publish","type":"product","link":"https:\/\/mesoforming.com\/ar\/%d8%a7%d9%84%d9%85%d9%86%d8%aa%d8%ac\/%d9%85%d8%a7%d9%83%d9%8a%d9%86%d8%a9-%d8%a7%d9%84%d8%aa%d8%b4%d9%83%d9%8a%d9%84-%d8%a7%d9%84%d8%ad%d8%b1%d8%a7%d8%b1%d9%8a-%d8%ab%d9%84%d8%a7%d8%ab%d9%8a%d8%a9-%d8%a7%d9%84%d9%85%d8%ad%d8%b7%d8%a7-3\/","title":{"rendered":"\u0645\u0627\u0643\u064a\u0646\u0629 \u0627\u0644\u062a\u0634\u0643\u064a\u0644 \u0627\u0644\u062d\u0631\u0627\u0631\u064a \u062b\u0644\u0627\u062b\u064a\u0629 \u0627\u0644\u0645\u062d\u0637\u0627\u062a \u0627\u0644\u0623\u0648\u062a\u0648\u0645\u0627\u062a\u064a\u0643\u064a\u0629 \u0628\u0627\u0644\u0643\u0627\u0645\u0644 MS900*700"},"content":{"rendered":"<p><strong>\u0648\u0635\u0641 \u0627\u0644\u0645\u0646\u062a\u062c<\/strong><\/p>\n<p>\u0635\u064f\u0645\u0645\u062a \u0645\u0627\u0643\u064a\u0646\u0629 \u0627\u0644\u062a\u0634\u0643\u064a\u0644 \u0627\u0644\u062d\u0631\u0627\u0631\u064a \u0627\u0644\u0623\u0648\u062a\u0648\u0645\u0627\u062a\u064a\u0643\u064a\u0629 \u0628\u0627\u0644\u0643\u0627\u0645\u0644 \u062b\u0644\u0627\u062b\u064a\u0629 \u0627\u0644\u0645\u062d\u0637\u0627\u062a MS900*700 \u0644\u0625\u0646\u062a\u0627\u062c \u0645\u062c\u0645\u0648\u0639\u0629 \u0645\u062a\u0646\u0648\u0639\u0629 \u0645\u0646 \u0627\u0644\u0645\u0646\u062a\u062c\u0627\u062a \u0645\u062b\u0644 \u0623\u063a\u0637\u064a\u0629 \u0627\u0644\u0623\u0643\u0648\u0627\u0628\u060c \u0648\u0635\u0646\u0627\u062f\u064a\u0642 \u0627\u0644\u0648\u062c\u0628\u0627\u062a\u060c \u0648\u062d\u0627\u0648\u064a\u0627\u062a \u0627\u0644\u0635\u0644\u0635\u0629\u060c \u0648\u0623\u0637\u0628\u0627\u0642 \u0627\u0644\u0635\u0644\u0635\u0629\u060c \u0648\u0627\u0644\u0623\u0637\u0628\u0627\u0642\u060c \u0648\u0635\u0646\u0627\u062f\u064a\u0642 \u0627\u0644\u0641\u0627\u0643\u0647\u0629 \u0627\u0644\u0642\u0627\u0628\u0644\u0629 \u0644\u0644\u0637\u064a\u060c \u0648\u0635\u0646\u0627\u062f\u064a\u0642 \u0627\u0644\u0643\u064a\u0643 \u0627\u0644\u0642\u0627\u0628\u0644\u0629 \u0644\u0644\u0637\u064a\u060c \u0648\u0627\u0644\u0635\u0648\u0627\u0646\u064a. \u0648\u0647\u064a \u062a\u062f\u0645\u062c \u0627\u0644\u062a\u063a\u0630\u064a\u0629\u060c \u0648\u0627\u0644\u062a\u0633\u062e\u064a\u0646\u060c \u0648\u0627\u0644\u062a\u0645\u062f\u064a\u062f\u060c \u0648\u0627\u0644\u062a\u0634\u0643\u064a\u0644\u060c \u0648\u0627\u0644\u062a\u0642\u0637\u064a\u0639\u060c \u0648\u0627\u0644\u062a\u0643\u062f\u064a\u0633 \u0641\u064a \u0639\u0645\u0644\u064a\u0629 \u0622\u0644\u064a\u0629 \u0648\u0627\u062d\u062f\u0629.<\/p>\n<p><strong>\u0645\u064a\u0632\u0627\u062a \u0627\u0644\u0645\u0646\u062a\u062c<\/strong><\/p>\n<table>\n<thead>\n<tr>\n<th>\u0627\u0644\u0645\u064a\u0632\u0629<\/th>\n<th>\u0627\u0644\u0648\u0635\u0641<\/th>\n<\/tr>\n<\/thead>\n<tbody>\n<tr>\n<td><strong>\u0627\u0644\u0623\u062a\u0645\u062a\u0629<\/strong><\/td>\n<td>\u062a\u0634\u063a\u064a\u0644 \u0623\u0648\u062a\u0648\u0645\u0627\u062a\u064a\u0643\u064a \u0628\u0627\u0644\u0643\u0627\u0645\u0644 \u0628\u062f\u0621\u064b\u0627 \u0645\u0646 \u0627\u0644\u062a\u063a\u0630\u064a\u0629 \u0648\u062d\u062a\u0649 \u0627\u0644\u062a\u0643\u062f\u064a\u0633\u060c \u0645\u0645\u0627 \u064a\u0636\u0645\u0646 \u0643\u0641\u0627\u0621\u0629 \u0639\u0627\u0644\u064a\u0629 \u0648\u0623\u0642\u0644 \u0645\u062a\u0637\u0644\u0628\u0627\u062a \u0644\u0644\u0639\u0645\u0627\u0644\u0629.<\/td>\n<\/tr>\n<tr>\n<td><strong>\u0646\u0638\u0627\u0645 \u0627\u0644\u062a\u062f\u0641\u0626\u0629<\/strong><\/td>\n<td>\u064a\u0633\u062a\u062e\u062f\u0645 \u062a\u062d\u0643\u0645\u064b\u0627 \u0645\u062a\u0642\u062f\u0645\u064b\u0627 \u0641\u064a \u062f\u0631\u062c\u0629 \u0627\u0644\u062d\u0631\u0627\u0631\u0629 \u0645\u0633\u062a\u0648\u0631\u062f\u064b\u0627 \u0645\u0646 \u0623\u0644\u0645\u0627\u0646\u064a\u0627 \u0644\u062a\u062d\u0642\u064a\u0642 \u0643\u0641\u0627\u0621\u0629 \u0627\u0644\u0637\u0627\u0642\u0629 (\u062a\u0648\u0641\u064a\u0631 \u0641\u064a \u0627\u0644\u0637\u0627\u0642\u0629 \u064a\u0628\u0644\u063a \u062d\u0648\u0627\u0644\u064a 231 \u062a\u064a\u0631\u0627\u0628\u0627\u064a\u062a 3 \u062a\u064a\u0631\u0627\u0628\u0627\u064a\u062a)\u060c \u0648\u0648\u0642\u062a \u0627\u0633\u062a\u062c\u0627\u0628\u0629 \u0633\u0631\u064a\u0639\u060c \u0648\u0641\u0639\u0627\u0644\u064a\u0629 \u0645\u0646 \u062d\u064a\u062b \u0627\u0644\u062a\u0643\u0644\u0641\u0629.<\/td>\n<\/tr>\n<tr>\n<td><strong>\u062a\u0639\u062f\u062f \u0627\u0644\u0627\u0633\u062a\u062e\u062f\u0627\u0645\u0627\u062a<\/strong><\/td>\n<td>\u0642\u0627\u062f\u0631\u0629 \u0639\u0644\u0649 \u0645\u0639\u0627\u0644\u062c\u0629 \u0645\u062c\u0645\u0648\u0639\u0629 \u0643\u0628\u064a\u0631\u0629 \u0645\u0646 \u0627\u0644\u0645\u0648\u0627\u062f\u060c \u0628\u0645\u0627 \u0641\u064a \u0630\u0644\u0643 \u0627\u0644\u0645\u0648\u0627\u062f \u0627\u0644\u0642\u0627\u0626\u0645\u0629 \u0639\u0644\u0649 \u0627\u0644\u0646\u0634\u0627\u060c \u0648\u0627\u0644\u0628\u0648\u0644\u064a \u0628\u0631\u0648\u0628\u064a\u0644\u064a\u0646\u060c \u0648\u0627\u0644\u0628\u0648\u0644\u064a \u0628\u0631\u0648\u0628\u064a\u0644\u064a\u0646\u060c \u0648\u0627\u0644\u0628\u0648\u0644\u064a \u0625\u064a\u062b\u064a\u0644\u064a\u0646 \u062a\u064a\u0631\u064a\u0641\u062b\u0627\u0644\u064a\u062a \u0648\u0627\u0644\u0628\u0648\u0644\u064a \u0625\u064a\u062b\u064a\u0644\u064a\u0646 \u062a\u064a\u0631\u064a\u0641\u062b\u0627\u0644\u064a\u062a \u0648\u0627\u0644\u0628\u0644\u0627\u0633\u062a\u064a\u0643 \u0648\u0627\u0644\u0628\u0644\u0627\u0633\u062a\u064a\u0643 \u0627\u0644\u0628\u0644\u0627\u0633\u062a\u064a\u0643\u064a \u0648\u0627\u0644\u0628\u0644\u0627\u0633\u062a\u064a\u0643 PLA \u0648CPLA \u0648CPET \u0648\u0643\u0631\u0628\u0648\u0646\u0627\u062a \u0627\u0644\u0643\u0627\u0644\u0633\u064a\u0648\u0645 \u0648\u0623\u0644\u0648\u0627\u062d OPS.<\/td>\n<\/tr>\n<tr>\n<td><strong>\u0627\u0644\u0623\u062f\u0627\u0621<\/strong><\/td>\n<td>\u064a\u0648\u0641\u0631 \u062a\u0634\u063a\u064a\u0644\u064b\u0627 \u0645\u0633\u062a\u0642\u0631\u064b\u0627\u060c \u0648\u0625\u0646\u062a\u0627\u062c\u064a\u0629 \u0639\u0627\u0644\u064a\u0629\u060c \u0648\u0645\u0633\u062a\u0648\u064a\u0627\u062a \u0636\u0648\u0636\u0627\u0621 \u0645\u0646\u062e\u0641\u0636\u0629\u060c \u0648\u0642\u062f\u0631\u0627\u062a \u062a\u0634\u0643\u064a\u0644 \u062f\u0642\u064a\u0642\u0629 \u0644\u0644\u0645\u0646\u062a\u062c.<\/td>\n<\/tr>\n<\/tbody>\n<\/table>\n<p><strong>\u0627\u0644\u0645\u0648\u0627\u0635\u0641\u0627\u062a \u0627\u0644\u0641\u0646\u064a\u0629<\/strong><\/p>\n<table>\n<thead>\n<tr>\n<th>\u0627\u0644\u0645\u0639\u0644\u0645\u0629<\/th>\n<th>\u0627\u0644\u062a\u0641\u0627\u0635\u064a\u0644<\/th>\n<\/tr>\n<\/thead>\n<tbody>\n<tr>\n<td><strong>\u0627\u0644\u0645\u0648\u0627\u062f \u0627\u0644\u0645\u0646\u0627\u0633\u0628\u0629<\/strong><\/td>\n<td>\u062a\u062d\u0644\u0644 \u0627\u0644\u0646\u0634\u0627\u060c \u0648\u0627\u0644\u062a\u062d\u0644\u0644 \u0627\u0644\u0636\u0648\u0626\u064a\u060c \u0648\u0627\u0644\u0628\u0648\u0644\u064a \u0628\u0631\u0648\u0628\u064a\u0644\u064a\u0646\u060c \u0648\u0627\u0644\u0628\u0648\u0644\u064a \u0628\u0631\u0648\u0628\u064a\u0644\u064a\u0646\u060c \u0648\u0627\u0644\u0628\u0648\u0644\u064a \u0625\u064a\u062b\u064a\u0644\u064a\u0646 \u062a\u064a\u0631\u064a\u0641\u062b\u0627\u0644\u064a\u062a \u0648\u0627\u0644\u0628\u0648\u0644\u064a \u0625\u064a\u062b\u064a\u0644\u064a\u0646 \u062a\u064a\u0631\u064a\u0641\u062b\u0627\u0644\u064a\u062a \u0648\u0627\u0644\u0628\u0648\u0644\u064a \u0641\u064a\u0646\u064a\u0644 \u0643\u0644\u0648\u0631\u064a\u062f \u0645\u062a\u0639\u062f\u062f \u0627\u0644\u0641\u064a\u0646\u064a\u0644 \u0648\u0627\u0644\u0628\u0644\u0627\u0633\u062a\u064a\u0643 \u0648\u0627\u0644\u0628\u0644\u0627\u0633\u062a\u064a\u0643 PLA \u0648 CPLA \u0648 CPET \u0648\u0643\u0631\u0628\u0648\u0646\u0627\u062a \u0627\u0644\u0643\u0627\u0644\u0633\u064a\u0648\u0645 \u0648 OPS\u060c \u0625\u0644\u062e.<\/td>\n<\/tr>\n<tr>\n<td><strong>\u0633\u064f\u0645\u0643 \u0627\u0644\u0648\u0631\u0642\u0629<\/strong><\/td>\n<td>0.2-1.5 \u0645\u0645<\/td>\n<\/tr>\n<tr>\n<td><strong>\u0645\u0646\u0637\u0642\u0629 \u0627\u0644\u062a\u0634\u0643\u064a\u0644<\/strong><\/td>\n<td>700-920 \u0645\u0645<\/td>\n<\/tr>\n<tr>\n<td><strong>\u0627\u0644\u062d\u062f \u0627\u0644\u0623\u0642\u0635\u0649. \u0639\u0645\u0642 \u0627\u0644\u062a\u0634\u0643\u064a\u0644<\/strong><\/td>\n<td>170 \u0645\u0645<\/td>\n<\/tr>\n<tr>\n<td><strong>\u0627\u0644\u062d\u062f \u0627\u0644\u0623\u0642\u0635\u0649. \u0633\u0631\u0639\u0629 \u0627\u0644\u062a\u0634\u0643\u064a\u0644<\/strong><\/td>\n<td>120 \u062f\u0648\u0631\u0629\/\u062f\u0642\u064a\u0642\u0629<\/td>\n<\/tr>\n<tr>\n<td><strong>\u0642\u0648\u0629 \u0627\u0644\u0642\u0637\u0639<\/strong><\/td>\n<td>700-920 \u0643\u064a\u0644\u0648 \u0646\u064a\u0648\u062a\u0646<\/td>\n<\/tr>\n<tr>\n<td><strong>\u0636\u0631\u0628\u0629 \u0627\u0644\u0642\u0627\u0644\u0628 \u0627\u0644\u0639\u0644\u0648\u064a<\/strong><\/td>\n<td>221 \u0645\u0645 (\u0633\u0645\u0643 7.5 \u0645\u0645)<\/td>\n<\/tr>\n<tr>\n<td><strong>\u0636\u0631\u0628\u0629 \u0627\u0644\u0642\u0627\u0644\u0628 \u0627\u0644\u0633\u0641\u0644\u064a \u0627\u0644\u0633\u0641\u0644\u064a\u0629<\/strong><\/td>\n<td>271 \u0645\u0645 (\u0633\u0645\u0643 7.5 \u0645\u0645)<\/td>\n<\/tr>\n<tr>\n<td><strong>\u0627\u0644\u062d\u062f \u0627\u0644\u0623\u0642\u0635\u0649. \u0627\u0631\u062a\u0641\u0627\u0639 \u0627\u0644\u062a\u0643\u062f\u064a\u0633<\/strong><\/td>\n<td>30 \u0645\u0645<\/td>\n<\/tr>\n<tr>\n<td><strong>\u0627\u0633\u062a\u0647\u0644\u0627\u0643 \u0627\u0644\u0637\u0627\u0642\u0629<\/strong><\/td>\n<td>50-70 \u0643\u064a\u0644\u0648\u0648\u0627\u0637\/\u0633\u0627\u0639\u0629<\/td>\n<\/tr>\n<tr>\n<td><strong>\u0648\u0632\u0646 \u0627\u0644\u0645\u0627\u0643\u064a\u0646\u0629<\/strong><\/td>\n<td>18 \u0637\u0646\u0627\u064b \u062a\u0642\u0631\u064a\u0628\u0627\u064b<\/td>\n<\/tr>\n<tr>\n<td><strong>\u0627\u0644\u0623\u0628\u0639\u0627\u062f (\u0627\u0644\u0637\u0648\u0644 \u00d7 \u0627\u0644\u0639\u0631\u0636 \u00d7 \u0627\u0644\u0627\u0631\u062a\u0641\u0627\u0639)<\/strong><\/td>\n<td>14 \u00d7 2.5 \u00d7 2.5 \u00d7 2.8 \u0645\u062a\u0631<\/td>\n<\/tr>\n<\/tbody>\n<\/table>\n<p>&nbsp;<\/p>","protected":false},"excerpt":{"rendered":"<p>\u062a\u064f\u0639\u062f \u0645\u0627\u0643\u064a\u0646\u0629 \u0627\u0644\u062a\u0634\u0643\u064a\u0644 \u0627\u0644\u062d\u0631\u0627\u0631\u064a MS900*700 \u062d\u0644\u0627\u064b \u0623\u0648\u062a\u0648\u0645\u0627\u062a\u064a\u0643\u064a\u064b\u0627 \u0628\u0627\u0644\u0643\u0627\u0645\u0644 \u0648\u0639\u0627\u0644\u064a \u0627\u0644\u0623\u062f\u0627\u0621 \u0644\u0625\u0646\u062a\u0627\u062c \u0645\u062c\u0645\u0648\u0639\u0629 \u0643\u0628\u064a\u0631\u0629 \u0645\u0646 \u0627\u0644\u0645\u0646\u062a\u062c\u0627\u062a \u0627\u0644\u0645\u0634\u0643\u0651\u0644\u0629 \u062d\u0631\u0627\u0631\u064a\u064b\u0627 \u0628\u0643\u0641\u0627\u0621\u0629 \u0648\u062a\u0646\u0648\u0639 \u0641\u064a \u062a\u0648\u0627\u0641\u0642 \u0627\u0644\u0645\u0648\u0627\u062f \u0648\u0627\u0646\u062e\u0641\u0627\u0636 \u062a\u0643\u0627\u0644\u064a\u0641 \u0627\u0644\u062a\u0634\u063a\u064a\u0644.<\/p>","protected":false},"featured_media":352,"template":"","meta":[],"product_brand":[],"product_cat":[23,35],"product_tag":[],"class_list":{"0":"post-1755","1":"product","2":"type-product","3":"status-publish","4":"has-post-thumbnail","6":"product_cat-machine","7":"product_cat-fully-automatic-three-station-thermoforming-machine","9":"first","10":"instock","11":"shipping-taxable","12":"product-type-simple"},"_links":{"self":[{"href":"https:\/\/mesoforming.com\/ar\/wp-json\/wp\/v2\/product\/1755","targetHints":{"allow":["GET"]}}],"collection":[{"href":"https:\/\/mesoforming.com\/ar\/wp-json\/wp\/v2\/product"}],"about":[{"href":"https:\/\/mesoforming.com\/ar\/wp-json\/wp\/v2\/types\/product"}],"version-history":[{"count":0,"href":"https:\/\/mesoforming.com\/ar\/wp-json\/wp\/v2\/product\/1755\/revisions"}],"wp:featuredmedia":[{"embeddable":true,"href":"https:\/\/mesoforming.com\/ar\/wp-json\/wp\/v2\/media\/352"}],"wp:attachment":[{"href":"https:\/\/mesoforming.com\/ar\/wp-json\/wp\/v2\/media?parent=1755"}],"wp:term":[{"taxonomy":"product_brand","embeddable":true,"href":"https:\/\/mesoforming.com\/ar\/wp-json\/wp\/v2\/product_brand?post=1755"},{"taxonomy":"product_cat","embeddable":true,"href":"https:\/\/mesoforming.com\/ar\/wp-json\/wp\/v2\/product_cat?post=1755"},{"taxonomy":"product_tag","embeddable":true,"href":"https:\/\/mesoforming.com\/ar\/wp-json\/wp\/v2\/product_tag?post=1755"}],"curies":[{"name":"wp","href":"https:\/\/api.w.org\/{rel}","templated":true}]}}