{"id":1756,"date":"2024-07-05T09:42:46","date_gmt":"2024-07-05T09:42:46","guid":{"rendered":"https:\/\/mesoforming.com\/?post_type=product&#038;p=1756"},"modified":"2024-07-05T09:42:46","modified_gmt":"2024-07-05T09:42:46","slug":"%d9%85%d8%a7%d9%83%d9%8a%d9%86%d8%a9-%d8%a7%d9%84%d8%b6%d8%ba%d8%b7-%d8%a7%d9%84%d8%b3%d8%a7%d9%84%d8%a8-%d8%a7%d9%84%d9%85%d8%af%d9%85%d8%ac%d8%a9-ms780850","status":"publish","type":"product","link":"https:\/\/mesoforming.com\/ar\/%d8%a7%d9%84%d9%85%d9%86%d8%aa%d8%ac\/%d9%85%d8%a7%d9%83%d9%8a%d9%86%d8%a9-%d8%a7%d9%84%d8%b6%d8%ba%d8%b7-%d8%a7%d9%84%d8%b3%d8%a7%d9%84%d8%a8-%d8%a7%d9%84%d9%85%d8%af%d9%85%d8%ac%d8%a9-ms780850\/","title":{"rendered":"\u0622\u0644\u0629 \u0627\u0644\u0636\u063a\u0637 \u0627\u0644\u0633\u0627\u0644\u0628 \u0627\u0644\u0645\u062a\u0643\u0627\u0645\u0644\u0629 MS780*850 \u0627\u0644\u0645\u062f\u0645\u062c\u0629 MS780*850"},"content":{"rendered":"<p><strong>\u0648\u0635\u0641 \u0627\u0644\u0645\u0646\u062a\u062c<\/strong><\/p>\n<p>\u062a\u0645 \u062a\u0635\u0645\u064a\u0645 \u0645\u0627\u0643\u064a\u0646\u0629 \u0627\u0644\u062a\u0634\u0643\u064a\u0644 \u0628\u0627\u0644\u062a\u0641\u0631\u064a\u063a \u0627\u0644\u0647\u0648\u0627\u0626\u064a MS780*850 \u0644\u0625\u0646\u062a\u0627\u062c \u0627\u0644\u0645\u0646\u062a\u062c\u0627\u062a \u0627\u0644\u0634\u0627\u0626\u0639\u0629 \u0627\u0644\u0645\u0634\u0643\u0651\u0644\u0629 \u0628\u0627\u0644\u062a\u0641\u0631\u064a\u063a \u0645\u062b\u0644 \u0627\u0644\u0635\u0646\u0627\u062f\u064a\u0642 \u0648\u0627\u0644\u0635\u0648\u0627\u0646\u064a \u0627\u0644\u0642\u0627\u0628\u0644\u0629 \u0644\u0644\u0637\u064a. \u0648\u0647\u064a \u062a\u062f\u0645\u062c \u062a\u063a\u0630\u064a\u0629 \u0627\u0644\u0645\u0648\u0627\u062f\u060c \u0648\u0627\u0644\u062a\u0633\u062e\u064a\u0646\u060c \u0648\u0627\u0644\u062a\u0634\u0643\u064a\u0644\u060c \u0648\u0627\u0644\u0642\u0637\u0639\u060c \u0648\u0627\u0644\u062a\u0643\u062f\u064a\u0633\/\u0627\u0644\u0627\u0644\u062a\u0642\u0627\u0637 \u0627\u0644\u0622\u0644\u064a\u060c \u0648\u0646\u0642\u0644 \u0627\u0644\u0645\u0646\u062a\u062c \u0627\u0644\u0646\u0647\u0627\u0626\u064a\u060c \u0648\u0625\u0639\u0627\u062f\u0629 \u0644\u0641 \u0627\u0644\u0645\u0648\u0627\u062f \u0630\u0627\u062a \u0627\u0644\u062d\u0648\u0627\u0641 \u0641\u064a \u0639\u0645\u0644\u064a\u0629 \u0622\u0644\u064a\u0629 \u0648\u0627\u062d\u062f\u0629.<\/p>\n<p><strong>\u0645\u064a\u0632\u0627\u062a \u0627\u0644\u0645\u0646\u062a\u062c<\/strong><\/p>\n<table>\n<thead>\n<tr>\n<th>\u0627\u0644\u0645\u064a\u0632\u0629<\/th>\n<th>\u0627\u0644\u0648\u0635\u0641<\/th>\n<\/tr>\n<\/thead>\n<tbody>\n<tr>\n<td><strong>\u0627\u0644\u0623\u062a\u0645\u062a\u0629<\/strong><\/td>\n<td>\u062a\u0634\u063a\u064a\u0644 \u0623\u0648\u062a\u0648\u0645\u0627\u062a\u064a\u0643\u064a \u0628\u0627\u0644\u0643\u0627\u0645\u0644 \u0628\u062f\u0621\u064b\u0627 \u0645\u0646 \u062a\u063a\u0630\u064a\u0629 \u0627\u0644\u0645\u0648\u0627\u062f \u0625\u0644\u0649 \u0646\u0642\u0644 \u0627\u0644\u0645\u0646\u062a\u062c \u0627\u0644\u0646\u0647\u0627\u0626\u064a\u060c \u0645\u0645\u0627 \u064a\u0636\u0645\u0646 \u0643\u0641\u0627\u0621\u0629 \u0639\u0627\u0644\u064a\u0629 \u0648\u0623\u0642\u0644 \u0645\u062a\u0637\u0644\u0628\u0627\u062a \u0644\u0644\u0639\u0645\u0627\u0644\u0629.<\/td>\n<\/tr>\n<tr>\n<td><strong>\u0646\u0638\u0627\u0645 \u0627\u0644\u062a\u062f\u0641\u0626\u0629<\/strong><\/td>\n<td>\u062a\u0633\u062a\u062e\u062f\u0645 \u0646\u0638\u0627\u0645 \u062a\u062f\u0641\u0626\u0629 \u0645\u062a\u0637\u0648\u0631 \u0645\u0639 \u0623\u0648\u0642\u0627\u062a \u0627\u0633\u062a\u062c\u0627\u0628\u0629 \u0633\u0631\u064a\u0639\u0629\u060c \u0645\u0645\u0627 \u064a\u062d\u0642\u0642 \u0643\u0641\u0627\u0621\u0629 \u0639\u0627\u0644\u064a\u0629 \u0648\u062a\u0643\u0627\u0644\u064a\u0641 \u062a\u0634\u063a\u064a\u0644\u064a\u0629 \u0645\u0646\u062e\u0641\u0636\u0629.<\/td>\n<\/tr>\n<tr>\n<td><strong>\u0627\u0644\u062a\u062d\u0643\u0645 \u0641\u064a \u062f\u0631\u062c\u0629 \u0627\u0644\u062d\u0631\u0627\u0631\u0629<\/strong><\/td>\n<td>\u0645\u062c\u0647\u0632 \u0628\u0646\u0638\u0627\u0645 \u062a\u062d\u0643\u0645 \u0623\u0648\u062a\u0648\u0645\u0627\u062a\u064a\u0643\u064a \u0630\u0643\u064a \u0645\u062d\u0648\u0633\u0628 \u0628\u0627\u0644\u0643\u0627\u0645\u0644 \u0644\u0644\u062a\u062d\u0643\u0645 \u0641\u064a \u0627\u0644\u062a\u0639\u0648\u064a\u0636 \u0627\u0644\u0623\u0648\u062a\u0648\u0645\u0627\u062a\u064a\u0643\u064a \u0644\u0636\u0628\u0637 \u062f\u0631\u062c\u0629 \u0627\u0644\u062d\u0631\u0627\u0631\u0629 \u0628\u062f\u0642\u0629\u060c \u0648\u062a\u0633\u062e\u064a\u0646 \u0645\u0648\u062d\u062f \u0648\u0645\u0633\u062a\u0642\u0631\u060c \u0648\u0644\u0627 \u064a\u062a\u0623\u062b\u0631 \u0628\u062a\u0642\u0644\u0628\u0627\u062a \u0627\u0644\u062c\u0647\u062f \u0627\u0644\u062e\u0627\u0631\u062c\u064a\u060c \u0648\u0627\u0633\u062a\u0647\u0644\u0627\u0643 \u0645\u0646\u062e\u0641\u0636 \u0644\u0644\u0637\u0627\u0642\u0629 (\u062a\u0648\u0641\u064a\u0631 \u0627\u0644\u0637\u0627\u0642\u0629 151 \u062a\u064a\u0631\u0627\u0628\u0627\u064a\u062a 3 \u062a\u064a\u0631\u0627 \u0628\u0627\u064a\u062a \u062a\u0642\u0631\u064a\u0628\u064b\u0627). \u062a\u062a\u0645\u062a\u0639 \u0644\u0648\u062d\u0629 \u0627\u0644\u062a\u0633\u062e\u064a\u0646 \u0628\u0639\u0645\u0631 \u062e\u062f\u0645\u0629 \u0637\u0648\u064a\u0644.<\/td>\n<\/tr>\n<\/tbody>\n<\/table>\n<p><strong>\u0627\u0644\u0645\u0648\u0627\u0635\u0641\u0627\u062a \u0627\u0644\u0641\u0646\u064a\u0629<\/strong><\/p>\n<table>\n<thead>\n<tr>\n<th>\u0627\u0644\u0645\u0639\u0644\u0645\u0629<\/th>\n<th>\u0627\u0644\u062a\u0641\u0627\u0635\u064a\u0644<\/th>\n<\/tr>\n<\/thead>\n<tbody>\n<tr>\n<td><strong>\u0627\u0644\u0645\u0648\u0627\u062f \u0627\u0644\u0645\u0646\u0627\u0633\u0628\u0629<\/strong><\/td>\n<td>\u0635\u0641\u0627\u0626\u062d \u0627\u0644\u0628\u0648\u0644\u064a \u0628\u0631\u0648\u0628\u064a\u0644\u064a\u0646\u060c \u0648\u0628\u0648\u0644\u064a \u0628\u0631\u0648\u0628\u064a\u0644\u064a\u0646\u060c \u0648\u0628\u0648\u0644\u064a \u0625\u064a\u062b\u064a\u0644\u064a\u0646 \u062a\u064a\u0631\u064a\u0641\u062b\u0627\u0644\u064a\u062a \u0648\u0628\u0648\u0644\u064a \u0643\u0644\u0648\u0631\u064a\u062f \u0627\u0644\u0641\u064a\u0646\u064a\u0644 \u0648\u063a\u064a\u0631\u0647\u0627 \u0645\u0646 \u0627\u0644\u0635\u0641\u0627\u0626\u062d<\/td>\n<\/tr>\n<tr>\n<td><strong>\u0633\u064f\u0645\u0643 \u0627\u0644\u0648\u0631\u0642\u0629<\/strong><\/td>\n<td>0.2-1.5 \u0645\u0645<\/td>\n<\/tr>\n<tr>\n<td><strong>\u0645\u0646\u0637\u0642\u0629 \u0627\u0644\u062a\u0634\u0643\u064a\u0644<\/strong><\/td>\n<td>550-820 \u0645\u0645<\/td>\n<\/tr>\n<tr>\n<td><strong>\u0627\u0644\u062d\u062f \u0627\u0644\u0623\u0642\u0635\u0649. \u0639\u0645\u0642 \u0627\u0644\u062a\u0634\u0643\u064a\u0644<\/strong><\/td>\n<td>120 \u0645\u0645<\/td>\n<\/tr>\n<tr>\n<td><strong>\u0627\u0644\u062d\u062f \u0627\u0644\u0623\u0642\u0635\u0649. \u0633\u0631\u0639\u0629 \u0627\u0644\u062a\u0634\u0643\u064a\u0644<\/strong><\/td>\n<td>120 \u062f\u0648\u0631\u0629\/\u062f\u0642\u064a\u0642\u0629<\/td>\n<\/tr>\n<tr>\n<td><strong>\u0642\u0648\u0629 \u0627\u0644\u0642\u0637\u0639<\/strong><\/td>\n<td>550-780 \u0643\u064a\u0644\u0648 \u0646\u064a\u0648\u062a\u0646<\/td>\n<\/tr>\n<tr>\n<td><strong>\u0636\u0631\u0628\u0629 \u0627\u0644\u0642\u0627\u0644\u0628 \u0627\u0644\u0639\u0644\u0648\u064a<\/strong><\/td>\n<td>120 \u0645\u0645<\/td>\n<\/tr>\n<tr>\n<td><strong>\u0636\u0631\u0628\u0629 \u0627\u0644\u0642\u0627\u0644\u0628 \u0627\u0644\u0633\u0641\u0644\u064a \u0627\u0644\u0633\u0641\u0644\u064a\u0629<\/strong><\/td>\n<td>150 \u0645\u0645<\/td>\n<\/tr>\n<tr>\n<td><strong>\u0627\u0644\u062d\u062f \u0627\u0644\u0623\u0642\u0635\u0649. \u0627\u0631\u062a\u0641\u0627\u0639 \u0627\u0644\u062a\u0643\u062f\u064a\u0633<\/strong><\/td>\n<td>15 \u0645\u0645<\/td>\n<\/tr>\n<tr>\n<td><strong>\u0627\u0633\u062a\u0647\u0644\u0627\u0643 \u0627\u0644\u0637\u0627\u0642\u0629<\/strong><\/td>\n<td>50-60 \u0643\u064a\u0644\u0648\u0648\u0627\u0637\/\u0633\u0627\u0639\u0629<\/td>\n<\/tr>\n<tr>\n<td><strong>\u0648\u0632\u0646 \u0627\u0644\u0645\u0627\u0643\u064a\u0646\u0629<\/strong><\/td>\n<td>12 \u0637\u0646\u0627\u064b \u062a\u0642\u0631\u064a\u0628\u0627\u064b<\/td>\n<\/tr>\n<tr>\n<td><strong>\u0627\u0644\u0623\u0628\u0639\u0627\u062f (\u0627\u0644\u0637\u0648\u0644 \u00d7 \u0627\u0644\u0639\u0631\u0636 \u00d7 \u0627\u0644\u0627\u0631\u062a\u0641\u0627\u0639)<\/strong><\/td>\n<td>12.5 \u00d7 2.3 \u00d7 2.3 \u00d7 2.8 \u0645\u062a\u0631<\/td>\n<\/tr>\n<\/tbody>\n<\/table>\n<p>&nbsp;<\/p>","protected":false},"excerpt":{"rendered":"<div class=\"flex-shrink-0 flex flex-col relative items-end\">\n<div>\n<div class=\"pt-0.5 juice:pt-0\">\n<div class=\"gizmo-bot-avatar flex h-6 w-6 items-center justify-center overflow-hidden rounded-full juice:h-8 juice:w-8\">\n<div class=\"relative p-1 rounded-sm flex items-center justify-center bg-token-main-surface-primary text-token-text-primary h-8 w-8\"><\/div>\n<\/div>\n<\/div>\n<\/div>\n<\/div>\n<div class=\"group\/conversation-turn relative flex w-full min-w-0 flex-col agent-turn\">\n<div class=\"flex-col gap-1 md:gap-3\">\n<div class=\"flex flex-grow flex-col max-w-full\">\n<div class=\"min-h-[20px] text-message flex flex-col items-start whitespace-pre-wrap break-words [.text-message+&amp;]:mt-5 juice:w-full juice:items-end overflow-x-auto gap-2\" dir=\"auto\" data-message-author-role=\"assistant\" data-message-id=\"97952a1e-4751-4da1-ac9c-b8292e287be5\">\n<div class=\"flex w-full flex-col gap-1 juice:empty:hidden juice:first:pt-[3px]\">\n<div class=\"markdown prose w-full break-words dark:prose-invert light\">\n<p>Here&#8217;s the structured presentation of the MS780*850 Vacuum Forming Machine in English:<\/p>\n<p><strong>Product Description<\/strong><\/p>\n<p>The MS780*850 vacuum forming machine is designed for producing common vacuum-formed products such as folding boxes and trays. It integrates material feeding, heating, forming, cutting, stacking\/robotic picking, finished product conveying, and edge material rewinding into a single automated process.<\/p>\n<p><strong>Product Features<\/strong><\/p>\n<table>\n<thead>\n<tr>\n<th>Feature<\/th>\n<th>Description<\/th>\n<\/tr>\n<\/thead>\n<tbody>\n<tr>\n<td><strong>Automation<\/strong><\/td>\n<td>Fully automatic operation from material feeding to finished product conveying, ensuring high efficiency and minimal labor requirements.<\/td>\n<\/tr>\n<tr>\n<td><strong>Heating System<\/strong><\/td>\n<td>Utilizes an advanced heating system with quick response times, achieving high efficiency and low operational costs.<\/td>\n<\/tr>\n<tr>\n<td><strong>Temperature Control<\/strong><\/td>\n<td>Equipped with a fully computerized intelligent automatic compensation control system for precise temperature adjustments, uniform and stable heating, unaffected by external voltage fluctuations, and low energy consumption (approximately 15% energy saving). The heating plate has a long service life.<\/td>\n<\/tr>\n<\/tbody>\n<\/table>\n<p><strong>Technical Specifications<\/strong><\/p>\n<table>\n<thead>\n<tr>\n<th>Parameter<\/th>\n<th>Details<\/th>\n<\/tr>\n<\/thead>\n<tbody>\n<tr>\n<td><strong>Suitable Materials<\/strong><\/td>\n<td>PP, PS, PET, PVC, and other sheets<\/td>\n<\/tr>\n<tr>\n<td><strong>Sheet Thickness<\/strong><\/td>\n<td>0.2-1.5 mm<\/td>\n<\/tr>\n<tr>\n<td><strong>Forming Area<\/strong><\/td>\n<td>550-820 mm<\/td>\n<\/tr>\n<tr>\n<td><strong>Max. Forming Depth<\/strong><\/td>\n<td>120 mm<\/td>\n<\/tr>\n<tr>\n<td><strong>Max. Forming Speed<\/strong><\/td>\n<td>120 cycles\/min<\/td>\n<\/tr>\n<tr>\n<td><strong>Cutting Force<\/strong><\/td>\n<td>550-780 kN<\/td>\n<\/tr>\n<tr>\n<td><strong>Upper Mold Stroke<\/strong><\/td>\n<td>120 mm<\/td>\n<\/tr>\n<tr>\n<td><strong>Lower Mold Stroke<\/strong><\/td>\n<td>150 mm<\/td>\n<\/tr>\n<tr>\n<td><strong>Max. Stacking Height<\/strong><\/td>\n<td>15 mm<\/td>\n<\/tr>\n<tr>\n<td><strong>Power Consumption<\/strong><\/td>\n<td>50-60 kW\/h<\/td>\n<\/tr>\n<tr>\n<td><strong>Machine Weight<\/strong><\/td>\n<td>Approximately 12 tons<\/td>\n<\/tr>\n<tr>\n<td><strong>Dimensions (L \u00d7 W \u00d7 H)<\/strong><\/td>\n<td>12.5 \u00d7 2.3 \u00d7 2.8 meters<\/td>\n<\/tr>\n<\/tbody>\n<\/table>\n<p><strong>Product Short Description<\/strong><\/p>\n<p>The MS780*850 vacuum forming machine is a highly efficient and fully automatic solution for producing various vacuum-formed products, featuring advanced temperature control, low energy consumption, and precise forming capabilities.<\/p>\n<\/div>\n<\/div>\n<\/div>\n<\/div>\n<\/div>\n<\/div>\n","protected":false},"featured_media":352,"template":"","meta":[],"product_brand":[],"product_cat":[37,23],"product_tag":[],"class_list":{"0":"post-1756","1":"product","2":"type-product","3":"status-publish","4":"has-post-thumbnail","6":"product_cat-negative-pressure-machine","7":"product_cat-machine","9":"first","10":"instock","11":"shipping-taxable","12":"product-type-simple"},"_links":{"self":[{"href":"https:\/\/mesoforming.com\/ar\/wp-json\/wp\/v2\/product\/1756","targetHints":{"allow":["GET"]}}],"collection":[{"href":"https:\/\/mesoforming.com\/ar\/wp-json\/wp\/v2\/product"}],"about":[{"href":"https:\/\/mesoforming.com\/ar\/wp-json\/wp\/v2\/types\/product"}],"version-history":[{"count":0,"href":"https:\/\/mesoforming.com\/ar\/wp-json\/wp\/v2\/product\/1756\/revisions"}],"wp:featuredmedia":[{"embeddable":true,"href":"https:\/\/mesoforming.com\/ar\/wp-json\/wp\/v2\/media\/352"}],"wp:attachment":[{"href":"https:\/\/mesoforming.com\/ar\/wp-json\/wp\/v2\/media?parent=1756"}],"wp:term":[{"taxonomy":"product_brand","embeddable":true,"href":"https:\/\/mesoforming.com\/ar\/wp-json\/wp\/v2\/product_brand?post=1756"},{"taxonomy":"product_cat","embeddable":true,"href":"https:\/\/mesoforming.com\/ar\/wp-json\/wp\/v2\/product_cat?post=1756"},{"taxonomy":"product_tag","embeddable":true,"href":"https:\/\/mesoforming.com\/ar\/wp-json\/wp\/v2\/product_tag?post=1756"}],"curies":[{"name":"wp","href":"https:\/\/api.w.org\/{rel}","templated":true}]}}