{"id":2026,"date":"2024-07-30T06:21:59","date_gmt":"2024-07-30T06:21:59","guid":{"rendered":"https:\/\/mesoforming.com\/?post_type=product&#038;p=2026"},"modified":"2024-07-30T06:21:59","modified_gmt":"2024-07-30T06:21:59","slug":"%d9%83%d8%b3%d8%a7%d8%b1%d8%a9-%d8%b5%d9%81%d8%a7%d8%a6%d8%ad-%d9%86%d9%81%d8%a7%d9%8a%d8%a7%d8%aa-%d9%85%d9%88%d8%af%d9%8a%d9%84-1000-%d8%b9%d9%84%d9%89-%d8%a7%d9%84%d8%a5%d9%86%d8%aa%d8%b1%d9%86","status":"publish","type":"product","link":"https:\/\/mesoforming.com\/ar\/%d8%a7%d9%84%d9%85%d9%86%d8%aa%d8%ac\/%d9%83%d8%b3%d8%a7%d8%b1%d8%a9-%d8%b5%d9%81%d8%a7%d8%a6%d8%ad-%d9%86%d9%81%d8%a7%d9%8a%d8%a7%d8%aa-%d9%85%d9%88%d8%af%d9%8a%d9%84-1000-%d8%b9%d9%84%d9%89-%d8%a7%d9%84%d8%a5%d9%86%d8%aa%d8%b1%d9%86\/","title":{"rendered":"\u0645\u0648\u062f\u064a\u0644 1000 \u0635\u0641\u0627\u0626\u062d \u0646\u0641\u0627\u064a\u0627\u062a \u0645\u0648\u062f\u064a\u0644 1000 \u0643\u0633\u0627\u0631\u0629 \u0639\u0644\u0649 \u0627\u0644\u0625\u0646\u062a\u0631\u0646\u062a"},"content":{"rendered":"<h3 data-immersive-translate-walked=\"7fd1291e-04fe-4915-823c-853399b8fb0e\">\u0648\u0635\u0641 \u0627\u0644\u0645\u0646\u062a\u062c<\/h3>\n<p data-immersive-translate-walked=\"7fd1291e-04fe-4915-823c-853399b8fb0e\" data-immersive-translate-paragraph=\"1\">\u0635\u064f\u0645\u0645\u062a \u0627\u0644\u0643\u0633\u0627\u0631\u0629 \u0645\u0646 \u0637\u0631\u0627\u0632 1000 \u0644\u0644\u062a\u0643\u0633\u064a\u0631 \u0627\u0644\u0641\u0639\u0627\u0644 \u0644\u0645\u062e\u062a\u0644\u0641 \u0627\u0644\u0645\u0648\u0627\u062f \u0641\u064a \u0627\u0644\u062a\u0637\u0628\u064a\u0642\u0627\u062a \u0627\u0644\u0635\u0646\u0627\u0639\u064a\u0629. \u062a\u062a\u0645\u064a\u0632 \u0628\u0628\u0646\u064a\u0629 \u0642\u0648\u064a\u0629\u060c \u0648\u0645\u062d\u0631\u0643 \u0639\u0627\u0644\u064a \u0627\u0644\u0623\u062f\u0627\u0621\u060c \u0648\u0622\u0644\u064a\u0629 \u0633\u062d\u0642 \u0645\u062a\u0642\u062f\u0645\u0629 \u0644\u0636\u0645\u0627\u0646 \u0627\u0644\u062a\u0634\u063a\u064a\u0644 \u0627\u0644\u0645\u0648\u062b\u0648\u0642 \u0648\u0627\u0644\u0641\u0639\u0627\u0644. \u0647\u0630\u0647 \u0627\u0644\u0643\u0633\u0627\u0631\u0629 \u0645\u0646\u0627\u0633\u0628\u0629 \u0644\u0645\u0639\u0627\u0644\u062c\u0629 \u0645\u0648\u0627\u062f \u0645\u062b\u0644 \u0627\u0644\u0628\u0644\u0627\u0633\u062a\u064a\u0643 \u0648\u0627\u0644\u0645\u0637\u0627\u0637 \u0648\u0627\u0644\u0645\u0639\u0627\u062f\u0646 \u0648\u063a\u064a\u0631\u0647\u0627.<\/p>\n<h3 data-immersive-translate-walked=\"7fd1291e-04fe-4915-823c-853399b8fb0e\" data-immersive-translate-paragraph=\"1\">\u0645\u064a\u0632\u0627\u062a \u0627\u0644\u0645\u0646\u062a\u062c<\/h3>\n<ul data-immersive-translate-walked=\"7fd1291e-04fe-4915-823c-853399b8fb0e\">\n<li data-immersive-translate-walked=\"7fd1291e-04fe-4915-823c-853399b8fb0e\" data-immersive-translate-paragraph=\"1\"><strong data-immersive-translate-walked=\"7fd1291e-04fe-4915-823c-853399b8fb0e\">\u0643\u0641\u0627\u0621\u0629 \u0639\u0627\u0644\u064a\u0629:<\/strong> \u0645\u0632\u0648\u062f\u0629 \u0628\u0645\u062d\u0631\u0643 \u0642\u0648\u064a \u0648\u0622\u0644\u064a\u0629 \u0633\u062d\u0642 \u0645\u062a\u0637\u0648\u0631\u0629.<\/li>\n<li data-immersive-translate-walked=\"7fd1291e-04fe-4915-823c-853399b8fb0e\" data-immersive-translate-paragraph=\"1\"><strong data-immersive-translate-walked=\"7fd1291e-04fe-4915-823c-853399b8fb0e\">\u0628\u0646\u064a\u0629 \u0645\u062a\u064a\u0646\u0629:<\/strong> \u0645\u0635\u0645\u0645\u0629 \u0644\u0642\u0648\u0629 \u0627\u0644\u062a\u062d\u0645\u0644 \u0648\u0627\u0644\u0627\u0633\u062a\u062e\u062f\u0627\u0645 \u0637\u0648\u064a\u0644 \u0627\u0644\u0623\u0645\u062f \u0641\u064a \u0627\u0644\u0628\u064a\u0626\u0627\u062a \u0627\u0644\u0635\u0646\u0627\u0639\u064a\u0629.<\/li>\n<li data-immersive-translate-walked=\"7fd1291e-04fe-4915-823c-853399b8fb0e\" data-immersive-translate-paragraph=\"1\"><strong data-immersive-translate-walked=\"7fd1291e-04fe-4915-823c-853399b8fb0e\">\u062a\u0637\u0628\u064a\u0642\u0627\u062a \u0645\u062a\u0639\u062f\u062f\u0629 \u0627\u0644\u0627\u0633\u062a\u062e\u062f\u0627\u0645\u0627\u062a:<\/strong> \u0645\u0646\u0627\u0633\u0628\u0629 \u0644\u0633\u062d\u0642 \u0645\u062e\u062a\u0644\u0641 \u0627\u0644\u0645\u0648\u0627\u062f \u0628\u0645\u0627 \u0641\u064a \u0630\u0644\u0643 \u0627\u0644\u0628\u0644\u0627\u0633\u062a\u064a\u0643 \u0648\u0627\u0644\u0645\u0637\u0627\u0637 \u0648\u0627\u0644\u0645\u0639\u0627\u062f\u0646.<\/li>\n<li data-immersive-translate-walked=\"7fd1291e-04fe-4915-823c-853399b8fb0e\" data-immersive-translate-paragraph=\"1\"><strong data-immersive-translate-walked=\"7fd1291e-04fe-4915-823c-853399b8fb0e\">\u0633\u0647\u0648\u0644\u0629 \u0627\u0644\u0635\u064a\u0627\u0646\u0629:<\/strong> \u0645\u0635\u0645\u0645\u0629 \u0644\u0633\u0647\u0648\u0644\u0629 \u0627\u0644\u0648\u0635\u0648\u0644 \u0625\u0644\u0649 \u0627\u0644\u0645\u0643\u0648\u0646\u0627\u062a \u0648\u0635\u064a\u0627\u0646\u062a\u0647\u0627.<\/li>\n<li data-immersive-translate-walked=\"7fd1291e-04fe-4915-823c-853399b8fb0e\" data-immersive-translate-paragraph=\"1\"><strong data-immersive-translate-walked=\"7fd1291e-04fe-4915-823c-853399b8fb0e\">\u062a\u0634\u063a\u064a\u0644 \u0645\u0646\u062e\u0641\u0636 \u0627\u0644\u0636\u0648\u0636\u0627\u0621:<\/strong> \u0645\u0635\u0645\u0645\u0629 \u0644\u062a\u0642\u0644\u064a\u0644 \u0627\u0644\u0636\u0648\u0636\u0627\u0621 \u0623\u062b\u0646\u0627\u0621 \u0627\u0644\u062a\u0634\u063a\u064a\u0644.<\/li>\n<\/ul>\n<h3 data-immersive-translate-walked=\"7fd1291e-04fe-4915-823c-853399b8fb0e\" data-immersive-translate-paragraph=\"1\">\u0645\u064a\u0632\u0627\u062a \u0627\u0644\u0645\u0646\u062a\u062c \u0628\u062a\u0646\u0633\u064a\u0642 \u0627\u0644\u062c\u062f\u0648\u0644<\/h3>\n<table data-immersive-translate-walked=\"7fd1291e-04fe-4915-823c-853399b8fb0e\">\n<thead data-immersive-translate-walked=\"7fd1291e-04fe-4915-823c-853399b8fb0e\">\n<tr data-immersive-translate-walked=\"7fd1291e-04fe-4915-823c-853399b8fb0e\">\n<th data-immersive-translate-walked=\"7fd1291e-04fe-4915-823c-853399b8fb0e\" data-immersive-translate-paragraph=\"1\">\u0627\u0644\u0645\u064a\u0632\u0629<\/th>\n<th data-immersive-translate-walked=\"7fd1291e-04fe-4915-823c-853399b8fb0e\">\u0627\u0644\u0648\u0635\u0641<\/th>\n<\/tr>\n<\/thead>\n<tbody data-immersive-translate-walked=\"7fd1291e-04fe-4915-823c-853399b8fb0e\">\n<tr data-immersive-translate-walked=\"7fd1291e-04fe-4915-823c-853399b8fb0e\">\n<td data-immersive-translate-walked=\"7fd1291e-04fe-4915-823c-853399b8fb0e\">\u0643\u0641\u0627\u0621\u0629 \u0639\u0627\u0644\u064a\u0629<\/td>\n<td data-immersive-translate-walked=\"7fd1291e-04fe-4915-823c-853399b8fb0e\" data-immersive-translate-paragraph=\"1\">\u0645\u062d\u0631\u0643 \u0642\u0648\u064a \u0648\u0622\u0644\u064a\u0629 \u0633\u062d\u0642 \u0645\u062a\u0637\u0648\u0631\u0629<\/td>\n<\/tr>\n<tr data-immersive-translate-walked=\"7fd1291e-04fe-4915-823c-853399b8fb0e\">\n<td data-immersive-translate-walked=\"7fd1291e-04fe-4915-823c-853399b8fb0e\" data-immersive-translate-paragraph=\"1\">\u0628\u0646\u0627\u0621 \u0645\u062a\u064a\u0646<\/td>\n<td data-immersive-translate-walked=\"7fd1291e-04fe-4915-823c-853399b8fb0e\" data-immersive-translate-paragraph=\"1\">\u062a\u0635\u0645\u064a\u0645 \u0645\u062a\u064a\u0646 \u0644\u0644\u0627\u0633\u062a\u062e\u062f\u0627\u0645 \u0637\u0648\u064a\u0644 \u0627\u0644\u0623\u0645\u062f<\/td>\n<\/tr>\n<tr data-immersive-translate-walked=\"7fd1291e-04fe-4915-823c-853399b8fb0e\">\n<td data-immersive-translate-walked=\"7fd1291e-04fe-4915-823c-853399b8fb0e\">\u062a\u0637\u0628\u064a\u0642\u0627\u062a \u0645\u062a\u0639\u062f\u062f\u0629 \u0627\u0644\u0627\u0633\u062a\u062e\u062f\u0627\u0645\u0627\u062a<\/td>\n<td data-immersive-translate-walked=\"7fd1291e-04fe-4915-823c-853399b8fb0e\" data-immersive-translate-paragraph=\"1\">\u0645\u0646\u0627\u0633\u0628\u0629 \u0644\u0633\u062d\u0642 \u0627\u0644\u0628\u0644\u0627\u0633\u062a\u064a\u0643 \u0648\u0627\u0644\u0645\u0637\u0627\u0637 \u0648\u0627\u0644\u0645\u0639\u0627\u062f\u0646 \u0648\u063a\u064a\u0631\u0647\u0627<\/td>\n<\/tr>\n<tr data-immersive-translate-walked=\"7fd1291e-04fe-4915-823c-853399b8fb0e\">\n<td data-immersive-translate-walked=\"7fd1291e-04fe-4915-823c-853399b8fb0e\">\u0633\u0647\u0648\u0644\u0629 \u0627\u0644\u0635\u064a\u0627\u0646\u0629<\/td>\n<td data-immersive-translate-walked=\"7fd1291e-04fe-4915-823c-853399b8fb0e\" data-immersive-translate-paragraph=\"1\">\u0633\u0647\u0648\u0644\u0629 \u0627\u0644\u0648\u0635\u0648\u0644 \u0625\u0644\u0649 \u0627\u0644\u0645\u0643\u0648\u0646\u0627\u062a \u0648\u0635\u064a\u0627\u0646\u062a\u0647\u0627<\/td>\n<\/tr>\n<tr data-immersive-translate-walked=\"7fd1291e-04fe-4915-823c-853399b8fb0e\">\n<td data-immersive-translate-walked=\"7fd1291e-04fe-4915-823c-853399b8fb0e\" data-immersive-translate-paragraph=\"1\">\u062a\u0634\u063a\u064a\u0644 \u0645\u0646\u062e\u0641\u0636 \u0627\u0644\u0636\u0648\u0636\u0627\u0621<\/td>\n<td data-immersive-translate-walked=\"7fd1291e-04fe-4915-823c-853399b8fb0e\">\u062a\u0642\u0644\u064a\u0644 \u0627\u0644\u0636\u0648\u0636\u0627\u0621 \u0625\u0644\u0649 \u0627\u0644\u062d\u062f \u0627\u0644\u0623\u062f\u0646\u0649 \u0623\u062b\u0646\u0627\u0621 \u0627\u0644\u062a\u0634\u063a\u064a\u0644<\/td>\n<\/tr>\n<\/tbody>\n<\/table>\n<h3 data-immersive-translate-walked=\"7fd1291e-04fe-4915-823c-853399b8fb0e\" data-immersive-translate-paragraph=\"1\">\u0627\u0644\u0645\u0648\u0627\u0635\u0641\u0627\u062a \u0627\u0644\u0641\u0646\u064a\u0629<\/h3>\n<table data-immersive-translate-walked=\"7fd1291e-04fe-4915-823c-853399b8fb0e\">\n<thead data-immersive-translate-walked=\"7fd1291e-04fe-4915-823c-853399b8fb0e\">\n<tr data-immersive-translate-walked=\"7fd1291e-04fe-4915-823c-853399b8fb0e\">\n<th data-immersive-translate-walked=\"7fd1291e-04fe-4915-823c-853399b8fb0e\">\u0627\u0644\u0645\u0639\u0644\u0645\u0629<\/th>\n<th data-immersive-translate-walked=\"7fd1291e-04fe-4915-823c-853399b8fb0e\">\u0627\u0644\u062a\u0641\u0627\u0635\u064a\u0644<\/th>\n<\/tr>\n<\/thead>\n<tbody data-immersive-translate-walked=\"7fd1291e-04fe-4915-823c-853399b8fb0e\">\n<tr data-immersive-translate-walked=\"7fd1291e-04fe-4915-823c-853399b8fb0e\">\n<td data-immersive-translate-walked=\"7fd1291e-04fe-4915-823c-853399b8fb0e\">\u0631\u0642\u0645 \u0627\u0644\u0645\u0648\u062f\u064a\u0644<\/td>\n<td>1000<\/td>\n<\/tr>\n<tr data-immersive-translate-walked=\"7fd1291e-04fe-4915-823c-853399b8fb0e\">\n<td data-immersive-translate-walked=\"7fd1291e-04fe-4915-823c-853399b8fb0e\" data-immersive-translate-paragraph=\"1\">\u0627\u0644\u0645\u0648\u0627\u062f \u0627\u0644\u062e\u0627\u0645 \u0627\u0644\u0642\u0627\u0628\u0644\u0629 \u0644\u0644\u062a\u0637\u0628\u064a\u0642<\/td>\n<td data-immersive-translate-walked=\"7fd1291e-04fe-4915-823c-853399b8fb0e\">\u0628\u0644\u0627\u0633\u062a\u064a\u0643\u060c \u0648\u0645\u0637\u0627\u0637\u060c \u0648\u0645\u0639\u062f\u0646\u060c \u0625\u0644\u062e.<\/td>\n<\/tr>\n<tr data-immersive-translate-walked=\"7fd1291e-04fe-4915-823c-853399b8fb0e\">\n<td data-immersive-translate-walked=\"7fd1291e-04fe-4915-823c-853399b8fb0e\">\u0642\u062f\u0631\u0629 \u0627\u0644\u0633\u062d\u0642 (\u0643\u062c\u0645\/\u0633\u0627\u0639\u0629)<\/td>\n<td>500-800<\/td>\n<\/tr>\n<tr data-immersive-translate-walked=\"7fd1291e-04fe-4915-823c-853399b8fb0e\">\n<td data-immersive-translate-walked=\"7fd1291e-04fe-4915-823c-853399b8fb0e\">\u0642\u0648\u0629 \u0627\u0644\u0645\u062d\u0631\u0643 (\u0643\u064a\u0644\u0648\u0648\u0627\u0637)<\/td>\n<td>11<\/td>\n<\/tr>\n<tr data-immersive-translate-walked=\"7fd1291e-04fe-4915-823c-853399b8fb0e\">\n<td data-immersive-translate-walked=\"7fd1291e-04fe-4915-823c-853399b8fb0e\" data-immersive-translate-paragraph=\"1\">\u0633\u0631\u0639\u0629 \u0627\u0644\u062f\u0648\u0627\u0631 (\u062f\u0648\u0631\u0629 \u0641\u064a \u0627\u0644\u062f\u0642\u064a\u0642\u0629)<\/td>\n<td>600-800<\/td>\n<\/tr>\n<tr data-immersive-translate-walked=\"7fd1291e-04fe-4915-823c-853399b8fb0e\">\n<td data-immersive-translate-walked=\"7fd1291e-04fe-4915-823c-853399b8fb0e\">\u0645\u0627\u062f\u0629 \u0627\u0644\u0634\u0641\u0631\u0629<\/td>\n<td data-immersive-translate-walked=\"7fd1291e-04fe-4915-823c-853399b8fb0e\" data-immersive-translate-paragraph=\"1\">\u0633\u0628\u0627\u0626\u0643 \u0641\u0648\u0644\u0627\u0630\u064a\u0629 \u0639\u0627\u0644\u064a\u0629 \u0627\u0644\u062c\u0648\u062f\u0629<\/td>\n<\/tr>\n<tr data-immersive-translate-walked=\"7fd1291e-04fe-4915-823c-853399b8fb0e\">\n<td data-immersive-translate-walked=\"7fd1291e-04fe-4915-823c-853399b8fb0e\" data-immersive-translate-paragraph=\"1\">\u062d\u062c\u0645 \u0645\u062f\u062e\u0644 \u0627\u0644\u062a\u063a\u0630\u064a\u0629 (\u0645\u0645)<\/td>\n<td data-immersive-translate-walked=\"7fd1291e-04fe-4915-823c-853399b8fb0e\">400 x 600<\/td>\n<\/tr>\n<tr data-immersive-translate-walked=\"7fd1291e-04fe-4915-823c-853399b8fb0e\">\n<td data-immersive-translate-walked=\"7fd1291e-04fe-4915-823c-853399b8fb0e\">\u062d\u062c\u0645 \u062d\u062c\u0631\u0629 \u0627\u0644\u062a\u0643\u0633\u064a\u0631 (\u0645\u0645)<\/td>\n<td data-immersive-translate-walked=\"7fd1291e-04fe-4915-823c-853399b8fb0e\">1000 x 700<\/td>\n<\/tr>\n<tr data-immersive-translate-walked=\"7fd1291e-04fe-4915-823c-853399b8fb0e\">\n<td data-immersive-translate-walked=\"7fd1291e-04fe-4915-823c-853399b8fb0e\">\u0627\u0644\u0623\u0628\u0639\u0627\u062f \u0627\u0644\u0643\u0644\u064a\u0629 (\u0627\u0644\u0637\u0648\u0644 \u00d7 \u0627\u0644\u0639\u0631\u0636 \u00d7 \u0627\u0644\u0627\u0631\u062a\u0641\u0627\u0639)<\/td>\n<td data-immersive-translate-walked=\"7fd1291e-04fe-4915-823c-853399b8fb0e\">2 \u00d7 1.3 \u00d7 1.3 \u00d7 2.4 \u0645\u062a\u0631<\/td>\n<\/tr>\n<tr data-immersive-translate-walked=\"7fd1291e-04fe-4915-823c-853399b8fb0e\">\n<td data-immersive-translate-walked=\"7fd1291e-04fe-4915-823c-853399b8fb0e\">\u0627\u0644\u0648\u0632\u0646<\/td>\n<td data-immersive-translate-walked=\"7fd1291e-04fe-4915-823c-853399b8fb0e\">2000 \u0643\u062c\u0645<\/td>\n<\/tr>\n<\/tbody>\n<\/table>","protected":false},"excerpt":{"rendered":"<p>\u0625\u0646 \u0627\u0644\u0643\u0633\u0627\u0631\u0629 \u0645\u0646 \u0637\u0631\u0627\u0632 1000 \u0647\u064a \u0643\u0633\u0627\u0631\u0629 \u0645\u0646 \u0627\u0644\u062f\u0631\u062c\u0629 \u0627\u0644\u0635\u0646\u0627\u0639\u064a\u0629 \u0645\u0635\u0645\u0645\u0629 \u0644\u0633\u062d\u0642 \u0627\u0644\u0628\u0644\u0627\u0633\u062a\u064a\u0643 \u0648\u0627\u0644\u0645\u0637\u0627\u0637 \u0648\u0627\u0644\u0645\u0639\u0627\u062f\u0646 \u0648\u0627\u0644\u0645\u0648\u0627\u062f \u0627\u0644\u0623\u062e\u0631\u0649 \u0628\u0643\u0641\u0627\u0621\u0629\u060c \u0648\u062a\u062a\u0645\u064a\u0632 \u0628\u0645\u062d\u0631\u0643 \u0642\u0648\u064a \u0648\u0628\u0646\u064a\u0629 \u0642\u0648\u064a\u0629 \u0648\u062a\u0634\u063a\u064a\u0644 \u0645\u0646\u062e\u0641\u0636 \u0627\u0644\u0636\u0648\u0636\u0627\u0621.<\/p>","protected":false},"featured_media":351,"template":"","meta":[],"product_brand":[],"product_cat":[38,40],"product_tag":[],"class_list":{"0":"post-2026","1":"product","2":"type-product","3":"status-publish","4":"has-post-thumbnail","6":"product_cat-auxiliary-machine","7":"product_cat-crusher","9":"first","10":"instock","11":"shipping-taxable","12":"product-type-simple"},"_links":{"self":[{"href":"https:\/\/mesoforming.com\/ar\/wp-json\/wp\/v2\/product\/2026","targetHints":{"allow":["GET"]}}],"collection":[{"href":"https:\/\/mesoforming.com\/ar\/wp-json\/wp\/v2\/product"}],"about":[{"href":"https:\/\/mesoforming.com\/ar\/wp-json\/wp\/v2\/types\/product"}],"version-history":[{"count":0,"href":"https:\/\/mesoforming.com\/ar\/wp-json\/wp\/v2\/product\/2026\/revisions"}],"wp:featuredmedia":[{"embeddable":true,"href":"https:\/\/mesoforming.com\/ar\/wp-json\/wp\/v2\/media\/351"}],"wp:attachment":[{"href":"https:\/\/mesoforming.com\/ar\/wp-json\/wp\/v2\/media?parent=2026"}],"wp:term":[{"taxonomy":"product_brand","embeddable":true,"href":"https:\/\/mesoforming.com\/ar\/wp-json\/wp\/v2\/product_brand?post=2026"},{"taxonomy":"product_cat","embeddable":true,"href":"https:\/\/mesoforming.com\/ar\/wp-json\/wp\/v2\/product_cat?post=2026"},{"taxonomy":"product_tag","embeddable":true,"href":"https:\/\/mesoforming.com\/ar\/wp-json\/wp\/v2\/product_tag?post=2026"}],"curies":[{"name":"wp","href":"https:\/\/api.w.org\/{rel}","templated":true}]}}