{"id":185,"date":"2024-06-08T15:07:05","date_gmt":"2024-06-08T15:07:05","guid":{"rendered":"https:\/\/mesoforming.com\/cart\/"},"modified":"2024-06-08T15:07:05","modified_gmt":"2024-06-08T15:07:05","slug":"cart","status":"publish","type":"page","link":"https:\/\/mesoforming.com\/es\/cart\/","title":{"rendered":"Cart"},"content":{"rendered":"<div data-block-name=\"woocommerce\/cart\" class=\"wp-block-woocommerce-cart alignwide is-loading\">\n<div data-block-name=\"woocommerce\/filled-cart-block\" class=\"wp-block-woocommerce-filled-cart-block\">\n<div data-block-name=\"woocommerce\/cart-items-block\" class=\"wp-block-woocommerce-cart-items-block\">\n<div data-block-name=\"woocommerce\/cart-line-items-block\" class=\"wp-block-woocommerce-cart-line-items-block\"><\/div>\n\n\n\n<div data-block-name=\"woocommerce\/cart-cross-sells-block\" class=\"wp-block-woocommerce-cart-cross-sells-block\">\n<h2 class=\"wp-block-heading has-large-font-size\">You may be interested in\u2026<\/h2>\n\n\n\n<div data-block-name=\"woocommerce\/cart-cross-sells-products-block\" class=\"wp-block-woocommerce-cart-cross-sells-products-block\"><\/div>\n<\/div>\n<\/div>\n\n\n\n<div data-block-name=\"woocommerce\/cart-totals-block\" class=\"wp-block-woocommerce-cart-totals-block\">\n<div data-block-name=\"woocommerce\/cart-order-summary-block\" class=\"wp-block-woocommerce-cart-order-summary-block\">\n<div data-block-name=\"woocommerce\/cart-order-summary-heading-block\" class=\"wp-block-woocommerce-cart-order-summary-heading-block\"><\/div><div data-block-name=\"woocommerce\/cart-order-summary-coupon-form-block\" class=\"wp-block-woocommerce-cart-order-summary-coupon-form-block\"><\/div><div data-block-name=\"woocommerce\/cart-order-summary-totals-block\" class=\"wp-block-woocommerce-cart-order-summary-totals-block\">\n<div data-block-name=\"woocommerce\/cart-order-summary-subtotal-block\" class=\"wp-block-woocommerce-cart-order-summary-subtotal-block\"><\/div>\n<div data-block-name=\"woocommerce\/cart-order-summary-discount-block\" class=\"wp-block-woocommerce-cart-order-summary-discount-block\"><\/div>\n<div data-block-name=\"woocommerce\/cart-order-summary-fee-block\" class=\"wp-block-woocommerce-cart-order-summary-fee-block\"><\/div>\n<div data-block-name=\"woocommerce\/cart-order-summary-shipping-block\" class=\"wp-block-woocommerce-cart-order-summary-shipping-block\"><\/div>\n<div data-block-name=\"woocommerce\/cart-order-summary-taxes-block\" class=\"wp-block-woocommerce-cart-order-summary-taxes-block\"><\/div><\/div>\n<\/div>\n\n\n\n<div data-block-name=\"woocommerce\/cart-express-payment-block\" class=\"wp-block-woocommerce-cart-express-payment-block\"><\/div>\n\n\n\n<div data-block-name=\"woocommerce\/proceed-to-checkout-block\" class=\"wp-block-woocommerce-proceed-to-checkout-block\"><\/div>\n\n\n\n<div data-block-name=\"woocommerce\/cart-accepted-payment-methods-block\" class=\"wp-block-woocommerce-cart-accepted-payment-methods-block\"><\/div>\n<\/div>\n<\/div>\n\n\n\n<div data-block-name=\"woocommerce\/empty-cart-block\" class=\"wp-block-woocommerce-empty-cart-block\">\n<h2 class=\"wp-block-heading has-text-align-center with-empty-cart-icon wc-block-cart__empty-cart__title\">Your cart is currently empty!<\/h2>\n\n\n\n<hr class=\"wp-block-separator has-alpha-channel-opacity is-style-dots\"\/>\n\n\n\n<h2 class=\"wp-block-heading has-text-align-center\">New in store<\/h2>\n\n\n<div data-block-name=\"woocommerce\/product-new\" data-columns=\"4\" data-rows=\"1\" class=\"wc-block-grid wp-block-product-new wp-block-woocommerce-product-new wc-block-product-new has-4-columns\"><ul class=\"wc-block-grid__products\"><li class=\"wc-block-grid__product\">\n\t\t\t\t<a href=\"https:\/\/mesoforming.com\/es\/producto\/2347\/\" class=\"wc-block-grid__product-link\">\n\t\t\t\t\t\n\t\t\t\t\t<div class=\"wc-block-grid__product-image\"><img decoding=\"async\" width=\"300\" height=\"300\" src=\"https:\/\/mesoforming.com\/wp-content\/uploads\/2024\/11\/2024111406440682-300x300.webp\" class=\"attachment-woocommerce_thumbnail size-woocommerce_thumbnail\" alt=\"Molde de vasos desechables para una m\u00e1quina de fabricaci\u00f3n de vasos, con m\u00faltiples cavidades para una producci\u00f3n eficaz de vasos de pl\u00e1stico de un solo uso.\" srcset=\"https:\/\/mesoforming.com\/wp-content\/uploads\/2024\/11\/2024111406440682-300x300.webp 300w, https:\/\/mesoforming.com\/wp-content\/uploads\/2024\/11\/2024111406440682-100x100.webp 100w\" sizes=\"(max-width: 300px) 100vw, 300px\" \/><\/div>\n\t\t\t\t\t<div class=\"wc-block-grid__product-title\">Moldeo de vasos por termoformado<\/div>\n\t\t\t\t<\/a>\n\t\t\t\t<div class=\"wc-block-grid__product-price price\"><\/div>\n\t\t\t\t\n\t\t\t\t<div class=\"wp-block-button wc-block-grid__product-add-to-cart\"><a href=\"https:\/\/mesoforming.com\/es\/producto\/2347\/\" aria-label=\"Lee m\u00e1s sobre \u201cThermoforming Cup Molding\u201d\" data-quantity=\"1\" data-product_id=\"2347\" data-product_sku=\"\" data-price=\"0\" rel=\"nofollow\" class=\"wp-block-button__link  add_to_cart_button\" data-no-translation=\"\" data-trp-gettext=\"\" data-no-translation-aria-label=\"\">Leer m\u00e1s<\/a><\/div>\n\t\t\t<\/li><li class=\"wc-block-grid__product\">\n\t\t\t\t<a href=\"https:\/\/mesoforming.com\/es\/producto\/trituradora-en-linea-de-hojas-de-residuos-modelo-1000\/\" class=\"wc-block-grid__product-link\">\n\t\t\t\t\t\n\t\t\t\t\t<div class=\"wc-block-grid__product-image\"><img decoding=\"async\" width=\"300\" height=\"300\" src=\"https:\/\/mesoforming.com\/wp-content\/uploads\/2024\/06\/2024060817400875-300x300.webp\" class=\"attachment-woocommerce_thumbnail size-woocommerce_thumbnail\" alt=\"2024060817400875\" srcset=\"https:\/\/mesoforming.com\/wp-content\/uploads\/2024\/06\/2024060817400875-300x300.webp 300w, https:\/\/mesoforming.com\/wp-content\/uploads\/2024\/06\/2024060817400875-100x100.webp 100w\" sizes=\"(max-width: 300px) 100vw, 300px\" \/><\/div>\n\t\t\t\t\t<div class=\"wc-block-grid__product-title\">TRITURADORA EN L\u00cdNEA DE HOJAS DE RESIDUOS MODELO 1000<\/div>\n\t\t\t\t<\/a>\n\t\t\t\t<div class=\"wc-block-grid__product-price price\"><\/div>\n\t\t\t\t\n\t\t\t\t<div class=\"wp-block-button wc-block-grid__product-add-to-cart\"><a href=\"https:\/\/mesoforming.com\/es\/producto\/trituradora-en-linea-de-hojas-de-residuos-modelo-1000\/\" aria-label=\"Lee m\u00e1s sobre \u201cMODEL 1000WASTE SHEETS ONLINE CRUSHER\u201d\" data-quantity=\"1\" data-product_id=\"2026\" data-product_sku=\"\" data-price=\"0\" rel=\"nofollow\" class=\"wp-block-button__link  add_to_cart_button\" data-no-translation=\"\" data-trp-gettext=\"\" data-no-translation-aria-label=\"\">Leer m\u00e1s<\/a><\/div>\n\t\t\t<\/li><li class=\"wc-block-grid__product\">\n\t\t\t\t<a href=\"https:\/\/mesoforming.com\/es\/producto\/ms800700-maquina-termoformadora-automatica-de-cuatro-estaciones\/\" class=\"wc-block-grid__product-link\">\n\t\t\t\t\t\n\t\t\t\t\t<div class=\"wc-block-grid__product-image\"><img decoding=\"async\" width=\"300\" height=\"300\" src=\"https:\/\/mesoforming.com\/wp-content\/uploads\/2024\/06\/2024060817412083-300x300.webp\" class=\"attachment-woocommerce_thumbnail size-woocommerce_thumbnail\" alt=\"Una gran termoformadora industrial autom\u00e1tica MESO para la producci\u00f3n de envases de pl\u00e1stico.\" srcset=\"https:\/\/mesoforming.com\/wp-content\/uploads\/2024\/06\/2024060817412083-300x300.webp 300w, https:\/\/mesoforming.com\/wp-content\/uploads\/2024\/06\/2024060817412083-100x100.webp 100w\" sizes=\"(max-width: 300px) 100vw, 300px\" \/><\/div>\n\t\t\t\t\t<div class=\"wc-block-grid__product-title\">MS800*700 M\u00e1quina termoformadora autom\u00e1tica de cuatro estaciones<\/div>\n\t\t\t\t<\/a>\n\t\t\t\t<div class=\"wc-block-grid__product-price price\"><\/div>\n\t\t\t\t\n\t\t\t\t<div class=\"wp-block-button wc-block-grid__product-add-to-cart\"><a href=\"https:\/\/mesoforming.com\/es\/producto\/ms800700-maquina-termoformadora-automatica-de-cuatro-estaciones\/\" aria-label=\"Lee m\u00e1s sobre \u201cMS800*700 Fully Automatic Four-Station Thermoforming Machine\u201d\" data-quantity=\"1\" data-product_id=\"2019\" data-product_sku=\"\" data-price=\"0\" rel=\"nofollow\" class=\"wp-block-button__link  add_to_cart_button\" data-no-translation=\"\" data-trp-gettext=\"\" data-no-translation-aria-label=\"\">Leer m\u00e1s<\/a><\/div>\n\t\t\t<\/li><li class=\"wc-block-grid__product\">\n\t\t\t\t<a href=\"https:\/\/mesoforming.com\/es\/producto\/molde-apilable-de-termoformado-de-alta-precision-para-la-produccion-eficiente-de-tapas-de-vasos-desechables\/\" class=\"wc-block-grid__product-link\">\n\t\t\t\t\t\n\t\t\t\t\t<div class=\"wc-block-grid__product-image\"><img decoding=\"async\" width=\"300\" height=\"300\" src=\"https:\/\/mesoforming.com\/wp-content\/uploads\/2024\/07\/2024071203030639-300x300.webp\" class=\"attachment-woocommerce_thumbnail size-woocommerce_thumbnail\" alt=\"Molde de apilamiento de termoformado con m\u00faltiples clavijas met\u00e1licas de apilamiento dispuestas sobre una placa de rejilla.\" srcset=\"https:\/\/mesoforming.com\/wp-content\/uploads\/2024\/07\/2024071203030639-300x300.webp 300w, https:\/\/mesoforming.com\/wp-content\/uploads\/2024\/07\/2024071203030639-100x100.webp 100w\" sizes=\"(max-width: 300px) 100vw, 300px\" \/><\/div>\n\t\t\t\t\t<div class=\"wc-block-grid__product-title\">Molde apilable de termoformado de alta precisi\u00f3n para la producci\u00f3n eficiente de tapas de vasos desechables<\/div>\n\t\t\t\t<\/a>\n\t\t\t\t<div class=\"wc-block-grid__product-price price\"><\/div>\n\t\t\t\t\n\t\t\t\t<div class=\"wp-block-button wc-block-grid__product-add-to-cart\"><a href=\"https:\/\/mesoforming.com\/es\/producto\/molde-apilable-de-termoformado-de-alta-precision-para-la-produccion-eficiente-de-tapas-de-vasos-desechables\/\" aria-label=\"Lee m\u00e1s sobre \u201cHigh-Precision Thermoforming Stacking Mold for Efficient Disposable Cup Lid Production\u201d\" data-quantity=\"1\" data-product_id=\"1878\" data-product_sku=\"\" data-price=\"0\" rel=\"nofollow\" class=\"wp-block-button__link  add_to_cart_button\" data-no-translation=\"\" data-trp-gettext=\"\" data-no-translation-aria-label=\"\">Leer m\u00e1s<\/a><\/div>\n\t\t\t<\/li><\/ul><\/div><\/div>\n<\/div>","protected":false},"excerpt":{"rendered":"","protected":false},"author":1,"featured_media":0,"parent":0,"menu_order":0,"comment_status":"closed","ping_status":"closed","template":"","meta":{"footnotes":""},"class_list":["post-185","page","type-page","status-publish","hentry"],"_links":{"self":[{"href":"https:\/\/mesoforming.com\/es\/wp-json\/wp\/v2\/pages\/185","targetHints":{"allow":["GET"]}}],"collection":[{"href":"https:\/\/mesoforming.com\/es\/wp-json\/wp\/v2\/pages"}],"about":[{"href":"https:\/\/mesoforming.com\/es\/wp-json\/wp\/v2\/types\/page"}],"author":[{"embeddable":true,"href":"https:\/\/mesoforming.com\/es\/wp-json\/wp\/v2\/users\/1"}],"replies":[{"embeddable":true,"href":"https:\/\/mesoforming.com\/es\/wp-json\/wp\/v2\/comments?post=185"}],"version-history":[{"count":0,"href":"https:\/\/mesoforming.com\/es\/wp-json\/wp\/v2\/pages\/185\/revisions"}],"wp:attachment":[{"href":"https:\/\/mesoforming.com\/es\/wp-json\/wp\/v2\/media?parent=185"}],"curies":[{"name":"wp","href":"https:\/\/api.w.org\/{rel}","templated":true}]}}