{"id":1494,"date":"2024-07-03T14:11:00","date_gmt":"2024-07-03T14:11:00","guid":{"rendered":"https:\/\/mesoforming.com\/?post_type=product&#038;p=1494"},"modified":"2024-07-29T08:07:12","modified_gmt":"2024-07-29T08:07:12","slug":"trituradora-en-linea-de-hojas-de-residuos-modelo-850","status":"publish","type":"product","link":"https:\/\/mesoforming.com\/es\/producto\/trituradora-en-linea-de-hojas-de-residuos-modelo-850\/","title":{"rendered":"TRITURADORA EN L\u00cdNEA DE HOJAS DE RESIDUOS MODELO 850"},"content":{"rendered":"<h3>Descripci\u00f3n del producto<\/h3>\n<p>La m\u00e1quina Modelo 850 est\u00e1 dise\u00f1ada para la trituraci\u00f3n eficiente en l\u00ednea de hojas de desecho en sincronizaci\u00f3n con las m\u00e1quinas de fabricaci\u00f3n de vasos. Este equipo de alta eficiencia presenta un rendimiento estable, un bajo nivel de ruido y un funcionamiento sin polvo, lo que reduce significativamente los requisitos de mano de obra.<\/p>\n<h3>Caracter\u00edsticas del producto<\/h3>\n<ol>\n<li><strong>Alta eficacia<\/strong>: La trituraci\u00f3n en l\u00ednea sincronizada con las m\u00e1quinas de fabricaci\u00f3n de vasos garantiza un funcionamiento continuo.<\/li>\n<li><strong>Rendimiento estable<\/strong>: Rendimiento fiable y constante durante la producci\u00f3n.<\/li>\n<li><strong>Ahorro de mano de obra<\/strong>: Los procesos automatizados reducen la necesidad de mano de obra.<\/li>\n<li><strong>Bajo nivel de ruido<\/strong>: Funciona con un ruido m\u00ednimo, mejorando el entorno de trabajo.<\/li>\n<li><strong>Sin polvo<\/strong>: El funcionamiento sin polvo mantiene el espacio de trabajo limpio y seguro.<\/li>\n<\/ol>\n<h3>Tabla de par\u00e1metros t\u00e9cnicos<\/h3>\n<table style=\"height: 255px;\" width=\"545\">\n<thead>\n<tr>\n<th>Par\u00e1metro<\/th>\n<th>Detalles<\/th>\n<\/tr>\n<\/thead>\n<tbody>\n<tr>\n<td>Modelo<\/td>\n<td>850<\/td>\n<\/tr>\n<tr>\n<td>Materia prima aplicable<\/td>\n<td>PS, PP, PE, PVC, PET, ABS<\/td>\n<\/tr>\n<tr>\n<td>Espesor de la chapa (mm)<\/td>\n<td>0.2-2.0<\/td>\n<\/tr>\n<tr>\n<td>Anchura de la hoja (mm)<\/td>\n<td>\u2264800<\/td>\n<\/tr>\n<tr>\n<td>Potencia total (kw)<\/td>\n<td>16.5<\/td>\n<\/tr>\n<tr>\n<td>Producci\u00f3n (kg)<\/td>\n<td>400-500<\/td>\n<\/tr>\n<tr>\n<td>Potencia del motor principal (kw)<\/td>\n<td>11<\/td>\n<\/tr>\n<tr>\n<td>Potencia del ventilador de tiro (kw)<\/td>\n<td>4<\/td>\n<\/tr>\n<\/tbody>\n<\/table>","protected":false},"excerpt":{"rendered":"<p>La m\u00e1quina Modelo 850 tritura eficazmente las hojas de desecho en sincronizaci\u00f3n con las m\u00e1quinas de fabricaci\u00f3n de vasos. Ofrece un rendimiento estable, un bajo nivel de ruido y un funcionamiento sin polvo, lo que ahorra mano de obra y mejora la eficiencia de la producci\u00f3n.<\/p>","protected":false},"featured_media":351,"template":"","meta":[],"product_brand":[],"product_cat":[38,40],"product_tag":[],"class_list":{"0":"post-1494","1":"product","2":"type-product","3":"status-publish","4":"has-post-thumbnail","6":"product_cat-auxiliary-machine","7":"product_cat-crusher","9":"first","10":"instock","11":"shipping-taxable","12":"product-type-simple"},"_links":{"self":[{"href":"https:\/\/mesoforming.com\/es\/wp-json\/wp\/v2\/product\/1494","targetHints":{"allow":["GET"]}}],"collection":[{"href":"https:\/\/mesoforming.com\/es\/wp-json\/wp\/v2\/product"}],"about":[{"href":"https:\/\/mesoforming.com\/es\/wp-json\/wp\/v2\/types\/product"}],"version-history":[{"count":0,"href":"https:\/\/mesoforming.com\/es\/wp-json\/wp\/v2\/product\/1494\/revisions"}],"wp:featuredmedia":[{"embeddable":true,"href":"https:\/\/mesoforming.com\/es\/wp-json\/wp\/v2\/media\/351"}],"wp:attachment":[{"href":"https:\/\/mesoforming.com\/es\/wp-json\/wp\/v2\/media?parent=1494"}],"wp:term":[{"taxonomy":"product_brand","embeddable":true,"href":"https:\/\/mesoforming.com\/es\/wp-json\/wp\/v2\/product_brand?post=1494"},{"taxonomy":"product_cat","embeddable":true,"href":"https:\/\/mesoforming.com\/es\/wp-json\/wp\/v2\/product_cat?post=1494"},{"taxonomy":"product_tag","embeddable":true,"href":"https:\/\/mesoforming.com\/es\/wp-json\/wp\/v2\/product_tag?post=1494"}],"curies":[{"name":"wp","href":"https:\/\/api.w.org\/{rel}","templated":true}]}}