{"id":1744,"date":"2024-07-05T08:58:01","date_gmt":"2024-07-05T08:58:01","guid":{"rendered":"https:\/\/mesoforming.com\/?post_type=product&#038;p=1744"},"modified":"2024-10-24T08:07:30","modified_gmt":"2024-10-24T08:07:30","slug":"ms720600-maquina-termoformadora-automatica-de-tres-estaciones-de-alta-eficiencia","status":"publish","type":"product","link":"https:\/\/mesoforming.com\/es\/producto\/ms720600-maquina-termoformadora-automatica-de-tres-estaciones-de-alta-eficiencia\/","title":{"rendered":"M\u00e1quina termoformadora autom\u00e1tica de tres estaciones MS720*600"},"content":{"rendered":"<h3>Descripci\u00f3n del producto<\/h3>\n<p>La termoformadora totalmente autom\u00e1tica de tres estaciones MS720*600 est\u00e1 dise\u00f1ada para la producci\u00f3n eficaz de diversos productos de pl\u00e1stico, como tapas de vasos, fiambreras, salseras, salseras, platos, cajas plegables para fruta, cajas plegables para tartas y bandejas. Esta avanzada m\u00e1quina integra alimentaci\u00f3n, calentamiento, estirado, formado, corte y apilado en una sola operaci\u00f3n sin fisuras. Con una innovaci\u00f3n y mejora continuas, el sistema de control de temperatura de \u00faltima generaci\u00f3n garantiza la estabilidad del producto, la facilidad de ajuste y una gran versatilidad.<\/p>\n<h3>Caracter\u00edsticas del producto<\/h3>\n<ol>\n<li><strong>Operaciones integradas<\/strong>: Combina alimentaci\u00f3n, calentamiento, estirado, formado, corte y apilado en un solo proceso.<\/li>\n<li><strong>Control avanzado de la temperatura<\/strong>: El sistema de \u00faltima generaci\u00f3n garantiza una calidad estable del producto y un ajuste sencillo del equipo.<\/li>\n<li><strong>Aplicaciones vers\u00e1tiles<\/strong>: Adecuado para diversos materiales y una amplia gama de productos.<\/li>\n<li><strong>Alta eficacia<\/strong>: Dise\u00f1ada para la producci\u00f3n continua a alta velocidad.<\/li>\n<li><strong>F\u00e1cil de usar<\/strong>: F\u00e1cil de manejar y ajustar, lo que reduce el tiempo de inactividad y aumenta la productividad.<\/li>\n<\/ol>\n<h3>Tabla de par\u00e1metros t\u00e9cnicos<\/h3>\n<table>\n<thead>\n<tr>\n<th>Par\u00e1metro<\/th>\n<th>Detalles<\/th>\n<\/tr>\n<\/thead>\n<tbody>\n<tr>\n<td>Modelo<\/td>\n<td>MS7260 Tres estaciones<\/td>\n<\/tr>\n<tr>\n<td>Materiales aplicables<\/td>\n<td>Degradaci\u00f3n del almid\u00f3n, fotodegradaci\u00f3n, PP, PS, PET, PVC, PLA, CPLA, CPET, carbonato c\u00e1lcico, OPS y otras l\u00e1minas.<\/td>\n<\/tr>\n<tr>\n<td>Espesor aplicable (mm)<\/td>\n<td>0.2-1.5<\/td>\n<\/tr>\n<tr>\n<td>Anchura aplicable (mm)<\/td>\n<td>350-760<\/td>\n<\/tr>\n<tr>\n<td>Di\u00e1metro m\u00e1ximo del rollo (mm)<\/td>\n<td>1200<\/td>\n<\/tr>\n<tr>\n<td>Profundidad de conformado (mm)<\/td>\n<td>120<\/td>\n<\/tr>\n<tr>\n<td>Anchura de conformado (mm)<\/td>\n<td>350-720<\/td>\n<\/tr>\n<tr>\n<td>Eficiencia de trabajo (ciclos\/min)<\/td>\n<td>M\u00e1x. 30<\/td>\n<\/tr>\n<tr>\n<td>Potencia m\u00e1xima del horno el\u00e9ctrico (kw)<\/td>\n<td>152<\/td>\n<\/tr>\n<tr>\n<td>Potencia m\u00e1xima de toda la m\u00e1quina (kw)<\/td>\n<td>188<\/td>\n<\/tr>\n<tr>\n<td>Estiramiento del servo (kw)<\/td>\n<td>3<\/td>\n<\/tr>\n<tr>\n<td>Servoalimentaci\u00f3n (kw)<\/td>\n<td>3<\/td>\n<\/tr>\n<tr>\n<td>Servo del troquel de conformado (kw)<\/td>\n<td>Troquel superior: 4,5 \/ Troquel inferior: 4,5<\/td>\n<\/tr>\n<tr>\n<td>Servo del troquel de perforaci\u00f3n (kw)<\/td>\n<td>Troquel superior: 7,5 \/ Troquel inferior: 4,5<\/td>\n<\/tr>\n<tr>\n<td>Servo de perforaci\u00f3n (kw)<\/td>\n<td>3<\/td>\n<\/tr>\n<tr>\n<td>Servo apilador (kw)<\/td>\n<td>3<\/td>\n<\/tr>\n<tr>\n<td>Consumo (kw\/h)<\/td>\n<td>50-70<\/td>\n<\/tr>\n<tr>\n<td>Peso de la m\u00e1quina (T)<\/td>\n<td>\u224812.5<\/td>\n<\/tr>\n<tr>\n<td>Tama\u00f1o de la m\u00e1quina (m)<\/td>\n<td>13.5\u00d72.3\u00d72.8<\/td>\n<\/tr>\n<\/tbody>\n<\/table>\n<p>&nbsp;<\/p>","protected":false},"excerpt":{"rendered":"<p>La termoformadora totalmente autom\u00e1tica de tres estaciones MS720*600 ofrece una producci\u00f3n de alta eficiencia con alimentaci\u00f3n, calentamiento, estirado, formado, corte y apilado integrados. Con un avanzado control de la temperatura, es adecuada para una amplia gama de materiales y productos.<\/p>","protected":false},"featured_media":352,"template":"","meta":[],"product_brand":[],"product_cat":[35,23],"product_tag":[],"class_list":{"0":"post-1744","1":"product","2":"type-product","3":"status-publish","4":"has-post-thumbnail","6":"product_cat-fully-automatic-three-station-thermoforming-machine","7":"product_cat-machine","9":"first","10":"instock","11":"featured","12":"shipping-taxable","13":"product-type-simple"},"_links":{"self":[{"href":"https:\/\/mesoforming.com\/es\/wp-json\/wp\/v2\/product\/1744","targetHints":{"allow":["GET"]}}],"collection":[{"href":"https:\/\/mesoforming.com\/es\/wp-json\/wp\/v2\/product"}],"about":[{"href":"https:\/\/mesoforming.com\/es\/wp-json\/wp\/v2\/types\/product"}],"version-history":[{"count":0,"href":"https:\/\/mesoforming.com\/es\/wp-json\/wp\/v2\/product\/1744\/revisions"}],"wp:featuredmedia":[{"embeddable":true,"href":"https:\/\/mesoforming.com\/es\/wp-json\/wp\/v2\/media\/352"}],"wp:attachment":[{"href":"https:\/\/mesoforming.com\/es\/wp-json\/wp\/v2\/media?parent=1744"}],"wp:term":[{"taxonomy":"product_brand","embeddable":true,"href":"https:\/\/mesoforming.com\/es\/wp-json\/wp\/v2\/product_brand?post=1744"},{"taxonomy":"product_cat","embeddable":true,"href":"https:\/\/mesoforming.com\/es\/wp-json\/wp\/v2\/product_cat?post=1744"},{"taxonomy":"product_tag","embeddable":true,"href":"https:\/\/mesoforming.com\/es\/wp-json\/wp\/v2\/product_tag?post=1744"}],"curies":[{"name":"wp","href":"https:\/\/api.w.org\/{rel}","templated":true}]}}