{"id":1745,"date":"2024-07-05T09:03:16","date_gmt":"2024-07-05T09:03:16","guid":{"rendered":"https:\/\/mesoforming.com\/?post_type=product&#038;p=1745"},"modified":"2024-10-22T09:58:49","modified_gmt":"2024-10-22T09:58:49","slug":"ms720600-maquina-termoformadora-de-cuatro-estaciones-totalmente-automatica","status":"publish","type":"product","link":"https:\/\/mesoforming.com\/es\/producto\/ms720600-maquina-termoformadora-de-cuatro-estaciones-totalmente-automatica\/","title":{"rendered":"MS720*600 M\u00e1quina termoformadora autom\u00e1tica de cuatro estaciones"},"content":{"rendered":"<h3>Descripci\u00f3n del producto<\/h3>\n<p>La termoformadora totalmente autom\u00e1tica de cuatro estaciones MS720*600 est\u00e1 dise\u00f1ada para manejar la alimentaci\u00f3n, el calentamiento, el estirado, el formado, el punzonado, el corte y el apilado en un proceso continuo. Con una innovaci\u00f3n y mejora continuas, hemos integrado el \u00faltimo equipo alem\u00e1n de control de temperatura, consiguiendo un ahorro de energ\u00eda de aproximadamente 23%. El control de un solo punto garantiza una producci\u00f3n m\u00e1s estable, un ajuste m\u00e1s sencillo y una gran versatilidad. Incluso con un funcionamiento a largo plazo, la m\u00e1quina mantiene un rendimiento excelente y estable, mejorando la calidad de fabricaci\u00f3n y reduciendo eficazmente el ruido. Este sistema ha mostrado resultados notables y perceptibles en la pr\u00e1ctica: aumentando significativamente la eficiencia de la producci\u00f3n y reduciendo eficazmente los costes de producci\u00f3n.<\/p>\n<h3>Caracter\u00edsticas del producto<\/h3>\n<ul>\n<li><strong>Proceso eficaz e integrado:<\/strong> La alimentaci\u00f3n, el calentamiento, el estirado, el conformado, el punzonado, el corte y el apilado se realizan en una sola operaci\u00f3n.<\/li>\n<li><strong>Sistema avanzado de control de la temperatura:<\/strong> Importado de Alemania, ahorra hasta 23% de energ\u00eda y proporciona un rendimiento estable.<\/li>\n<li><strong>Gran versatilidad:<\/strong> Adecuado para una amplia gama de materiales, incluidos los pl\u00e1sticos biodegradables y fotodegradables.<\/li>\n<li><strong>F\u00e1cil ajuste:<\/strong> El sistema de control de un solo punto facilita el ajuste de la configuraci\u00f3n para diversas necesidades de producci\u00f3n.<\/li>\n<li><strong>Bajo nivel de ruido y gran estabilidad:<\/strong> Dise\u00f1ado para un funcionamiento a largo plazo con un ruido m\u00ednimo y un rendimiento estable.<\/li>\n<\/ul>\n<h3>Caracter\u00edsticas del producto en formato de tabla<\/h3>\n<table>\n<thead>\n<tr>\n<th>Caracter\u00edstica<\/th>\n<th>Descripci\u00f3n<\/th>\n<\/tr>\n<\/thead>\n<tbody>\n<tr>\n<td>Proceso eficaz e integrado<\/td>\n<td>Alimentaci\u00f3n, calentamiento, estirado, conformado, punzonado, corte y apilado en una sola operaci\u00f3n<\/td>\n<\/tr>\n<tr>\n<td>Control avanzado de la temperatura<\/td>\n<td>El sistema importado de Alemania ahorra hasta 23% de energ\u00eda y garantiza un rendimiento estable<\/td>\n<\/tr>\n<tr>\n<td>Gran versatilidad<\/td>\n<td>Adecuado para l\u00e1minas biodegradables, fotodegradables, PP, PS, PET, PVC, PLA, CPLA, CPET, carbonato c\u00e1lcico, OPS y otras.<\/td>\n<\/tr>\n<tr>\n<td>F\u00e1cil ajuste<\/td>\n<td>Sistema de control de un solo punto para facilitar el ajuste<\/td>\n<\/tr>\n<tr>\n<td>Bajo nivel de ruido y gran estabilidad<\/td>\n<td>Mantiene un rendimiento excelente y estable con un ruido m\u00ednimo durante el funcionamiento a largo plazo<\/td>\n<\/tr>\n<\/tbody>\n<\/table>\n<h3>Par\u00e1metros t\u00e9cnicos<\/h3>\n<table>\n<thead>\n<tr>\n<th>Par\u00e1metro<\/th>\n<th>Valor<\/th>\n<\/tr>\n<\/thead>\n<tbody>\n<tr>\n<td>Modelo<\/td>\n<td>MS720*600 Cuatro estaciones<\/td>\n<\/tr>\n<tr>\n<td>Materiales aplicables<\/td>\n<td>Degradaci\u00f3n del almid\u00f3n, fotodegradaci\u00f3n, PP, PS, PET, PVC, PLA, CPLA, CPET, carbonato c\u00e1lcico, OPS y otras l\u00e1minas.<\/td>\n<\/tr>\n<tr>\n<td>Espesor aplicable (mm)<\/td>\n<td>0.2-1.5<\/td>\n<\/tr>\n<tr>\n<td>Anchura aplicable (mm)<\/td>\n<td>350-760<\/td>\n<\/tr>\n<tr>\n<td>Di\u00e1metro m\u00e1ximo del rollo de hoja (mm)<\/td>\n<td>1200<\/td>\n<\/tr>\n<tr>\n<td>Profundidad de moldeo (mm)<\/td>\n<td>120<\/td>\n<\/tr>\n<tr>\n<td>Anchura de conformado (mm)<\/td>\n<td>350-720<\/td>\n<\/tr>\n<tr>\n<td>Eficacia del trabajo (ciclos\/min)<\/td>\n<td>M\u00e1x. 30<\/td>\n<\/tr>\n<tr>\n<td>Potencia m\u00e1xima del horno de calefacci\u00f3n el\u00e9ctrico (kw)<\/td>\n<td>187<\/td>\n<\/tr>\n<tr>\n<td>Potencia m\u00e1xima de toda la m\u00e1quina (kw)<\/td>\n<td>220<\/td>\n<\/tr>\n<tr>\n<td>Estiramiento del servo (kw)<\/td>\n<td>3<\/td>\n<\/tr>\n<tr>\n<td>Servo alimentaci\u00f3n (kw)<\/td>\n<td>3<\/td>\n<\/tr>\n<tr>\n<td>Servo de conformado del molde superior (kw)<\/td>\n<td>4.5<\/td>\n<\/tr>\n<tr>\n<td>Servo de conformado del molde inferior (kw)<\/td>\n<td>4.5<\/td>\n<\/tr>\n<tr>\n<td>Servo de punzonado del molde superior (kw)<\/td>\n<td>7.5<\/td>\n<\/tr>\n<tr>\n<td>Servo de punzonado del molde inferior (kw)<\/td>\n<td>4.5<\/td>\n<\/tr>\n<tr>\n<td>Servo de perforaci\u00f3n del molde superior (kw)<\/td>\n<td>4.5<\/td>\n<\/tr>\n<tr>\n<td>Servo de perforaci\u00f3n del molde inferior (kw)<\/td>\n<td>5.5<\/td>\n<\/tr>\n<tr>\n<td>Servo apilador (kw)<\/td>\n<td>3<\/td>\n<\/tr>\n<tr>\n<td>Consumo de energ\u00eda (kw)<\/td>\n<td>50-70KW\/H<\/td>\n<\/tr>\n<tr>\n<td>Peso de la m\u00e1quina (T)<\/td>\n<td>\u224816<\/td>\n<\/tr>\n<tr>\n<td>Tama\u00f1o de la m\u00e1quina (m)<\/td>\n<td>13.6\u00d72.3\u00d72.8<\/td>\n<\/tr>\n<\/tbody>\n<\/table>\n<p>&nbsp;<\/p>","protected":false},"excerpt":{"rendered":"<p>La termoformadora totalmente autom\u00e1tica de cuatro estaciones MS720*600 ofrece procesos integrados de alimentaci\u00f3n, calentamiento, estirado, formado, punzonado, corte y apilado con control avanzado de temperatura, gran versatilidad, f\u00e1cil ajuste, bajo nivel de ruido y rendimiento estable a largo plazo.<\/p>","protected":false},"featured_media":352,"template":"","meta":[],"product_brand":[],"product_cat":[36,23],"product_tag":[],"class_list":{"0":"post-1745","1":"product","2":"type-product","3":"status-publish","4":"has-post-thumbnail","6":"product_cat-fully-automatic-four-station-thermoforming-machine","7":"product_cat-machine","9":"first","10":"instock","11":"featured","12":"shipping-taxable","13":"product-type-simple"},"_links":{"self":[{"href":"https:\/\/mesoforming.com\/es\/wp-json\/wp\/v2\/product\/1745","targetHints":{"allow":["GET"]}}],"collection":[{"href":"https:\/\/mesoforming.com\/es\/wp-json\/wp\/v2\/product"}],"about":[{"href":"https:\/\/mesoforming.com\/es\/wp-json\/wp\/v2\/types\/product"}],"version-history":[{"count":0,"href":"https:\/\/mesoforming.com\/es\/wp-json\/wp\/v2\/product\/1745\/revisions"}],"wp:featuredmedia":[{"embeddable":true,"href":"https:\/\/mesoforming.com\/es\/wp-json\/wp\/v2\/media\/352"}],"wp:attachment":[{"href":"https:\/\/mesoforming.com\/es\/wp-json\/wp\/v2\/media?parent=1745"}],"wp:term":[{"taxonomy":"product_brand","embeddable":true,"href":"https:\/\/mesoforming.com\/es\/wp-json\/wp\/v2\/product_brand?post=1745"},{"taxonomy":"product_cat","embeddable":true,"href":"https:\/\/mesoforming.com\/es\/wp-json\/wp\/v2\/product_cat?post=1745"},{"taxonomy":"product_tag","embeddable":true,"href":"https:\/\/mesoforming.com\/es\/wp-json\/wp\/v2\/product_tag?post=1745"}],"curies":[{"name":"wp","href":"https:\/\/api.w.org\/{rel}","templated":true}]}}