{"id":1755,"date":"2024-07-05T09:35:01","date_gmt":"2024-07-05T09:35:01","guid":{"rendered":"https:\/\/mesoforming.com\/?post_type=product&#038;p=1755"},"modified":"2024-07-30T02:20:23","modified_gmt":"2024-07-30T02:20:23","slug":"ms900700-maquina-termoformadora-de-tres-estaciones-totalmente-automatica","status":"publish","type":"product","link":"https:\/\/mesoforming.com\/es\/producto\/ms900700-maquina-termoformadora-de-tres-estaciones-totalmente-automatica\/","title":{"rendered":"M\u00e1quina termoformadora totalmente autom\u00e1tica de tres estaciones MS900*700"},"content":{"rendered":"<p><strong>Descripci\u00f3n del producto<\/strong><\/p>\n<p>La termoformadora totalmente autom\u00e1tica de tres estaciones MS900*700 est\u00e1 dise\u00f1ada para fabricar una gran variedad de productos, como tapas para vasos, cajas para comidas, recipientes para salsas, salseras, platos, cajas plegables para frutas, cajas plegables para pasteles y bandejas. Integra alimentaci\u00f3n, calentamiento, estirado, formado, corte y apilado en un \u00fanico proceso automatizado.<\/p>\n<p><strong>Caracter\u00edsticas del producto<\/strong><\/p>\n<table>\n<thead>\n<tr>\n<th>Caracter\u00edstica<\/th>\n<th>Descripci\u00f3n<\/th>\n<\/tr>\n<\/thead>\n<tbody>\n<tr>\n<td><strong>Automatizaci\u00f3n<\/strong><\/td>\n<td>Funcionamiento totalmente autom\u00e1tico desde la alimentaci\u00f3n hasta el apilamiento, lo que garantiza una alta eficiencia y m\u00ednimos requisitos de mano de obra.<\/td>\n<\/tr>\n<tr>\n<td><strong>Sistema de calefacci\u00f3n<\/strong><\/td>\n<td>Utiliza un avanzado control de temperatura importado de Alemania para lograr eficiencia energ\u00e9tica (ahorro aproximado de 23%), rapidez de respuesta y rentabilidad.<\/td>\n<\/tr>\n<tr>\n<td><strong>Versatilidad<\/strong><\/td>\n<td>Capaz de procesar una amplia gama de materiales, como l\u00e1minas a base de almid\u00f3n, PP, PS, PET, PVC, PLA, CPLA, CPET, carbonato c\u00e1lcico y OPS.<\/td>\n<\/tr>\n<tr>\n<td><strong>Rendimiento<\/strong><\/td>\n<td>Ofrece un funcionamiento estable, alto rendimiento, bajos niveles de ruido y capacidad de conformado preciso del producto.<\/td>\n<\/tr>\n<\/tbody>\n<\/table>\n<p><strong>Especificaciones t\u00e9cnicas<\/strong><\/p>\n<table>\n<thead>\n<tr>\n<th>Par\u00e1metro<\/th>\n<th>Detalles<\/th>\n<\/tr>\n<\/thead>\n<tbody>\n<tr>\n<td><strong>Materiales adecuados<\/strong><\/td>\n<td>Degradaci\u00f3n del almid\u00f3n, fotodegradaci\u00f3n, PP, PS, PET, PVC, PLA, CPLA, CPET, carbonato c\u00e1lcico, OPS, etc.<\/td>\n<\/tr>\n<tr>\n<td><strong>Espesor de la chapa<\/strong><\/td>\n<td>0,2-1,5 mm<\/td>\n<\/tr>\n<tr>\n<td><strong>\u00c1rea de formaci\u00f3n<\/strong><\/td>\n<td>700-920 mm<\/td>\n<\/tr>\n<tr>\n<td><strong>M\u00e1x. Profundidad de conformado<\/strong><\/td>\n<td>170 mm<\/td>\n<\/tr>\n<tr>\n<td><strong>M\u00e1x. Velocidad de moldeo<\/strong><\/td>\n<td>120 ciclos\/min<\/td>\n<\/tr>\n<tr>\n<td><strong>Fuerza de corte<\/strong><\/td>\n<td>700-920 kN<\/td>\n<\/tr>\n<tr>\n<td><strong>Carrera superior del molde<\/strong><\/td>\n<td>221 mm (7,5 mm de grosor)<\/td>\n<\/tr>\n<tr>\n<td><strong>Carrera inferior del molde<\/strong><\/td>\n<td>271 mm (7,5 mm de grosor)<\/td>\n<\/tr>\n<tr>\n<td><strong>Max. Altura de apilado<\/strong><\/td>\n<td>30 mm<\/td>\n<\/tr>\n<tr>\n<td><strong>Consumo de energ\u00eda<\/strong><\/td>\n<td>50-70 kW\/h<\/td>\n<\/tr>\n<tr>\n<td><strong>Peso de la m\u00e1quina<\/strong><\/td>\n<td>Aproximadamente 18 toneladas<\/td>\n<\/tr>\n<tr>\n<td><strong>Dimensiones (L \u00d7 A \u00d7 A)<\/strong><\/td>\n<td>14 \u00d7 2,5 \u00d7 2,8 metros<\/td>\n<\/tr>\n<\/tbody>\n<\/table>\n<p>&nbsp;<\/p>","protected":false},"excerpt":{"rendered":"<p>La termoformadora MS900*700 es una soluci\u00f3n de alto rendimiento totalmente autom\u00e1tica para fabricar una amplia gama de productos termoformados con eficacia, versatilidad en la compatibilidad de materiales y bajos costes operativos.<\/p>","protected":false},"featured_media":352,"template":"","meta":[],"product_brand":[],"product_cat":[35,23],"product_tag":[],"class_list":{"0":"post-1755","1":"product","2":"type-product","3":"status-publish","4":"has-post-thumbnail","6":"product_cat-fully-automatic-three-station-thermoforming-machine","7":"product_cat-machine","9":"first","10":"instock","11":"shipping-taxable","12":"product-type-simple"},"_links":{"self":[{"href":"https:\/\/mesoforming.com\/es\/wp-json\/wp\/v2\/product\/1755","targetHints":{"allow":["GET"]}}],"collection":[{"href":"https:\/\/mesoforming.com\/es\/wp-json\/wp\/v2\/product"}],"about":[{"href":"https:\/\/mesoforming.com\/es\/wp-json\/wp\/v2\/types\/product"}],"version-history":[{"count":0,"href":"https:\/\/mesoforming.com\/es\/wp-json\/wp\/v2\/product\/1755\/revisions"}],"wp:featuredmedia":[{"embeddable":true,"href":"https:\/\/mesoforming.com\/es\/wp-json\/wp\/v2\/media\/352"}],"wp:attachment":[{"href":"https:\/\/mesoforming.com\/es\/wp-json\/wp\/v2\/media?parent=1755"}],"wp:term":[{"taxonomy":"product_brand","embeddable":true,"href":"https:\/\/mesoforming.com\/es\/wp-json\/wp\/v2\/product_brand?post=1755"},{"taxonomy":"product_cat","embeddable":true,"href":"https:\/\/mesoforming.com\/es\/wp-json\/wp\/v2\/product_cat?post=1755"},{"taxonomy":"product_tag","embeddable":true,"href":"https:\/\/mesoforming.com\/es\/wp-json\/wp\/v2\/product_tag?post=1755"}],"curies":[{"name":"wp","href":"https:\/\/api.w.org\/{rel}","templated":true}]}}