{"id":1758,"date":"2024-07-05T09:44:51","date_gmt":"2024-07-05T09:44:51","guid":{"rendered":"https:\/\/mesoforming.com\/?post_type=product&#038;p=1758"},"modified":"2024-07-30T03:27:08","modified_gmt":"2024-07-30T03:27:08","slug":"enfriador-de-agua-de-tanque-refrigerado-por-aire-tipo-caja-de-5-cv","status":"publish","type":"product","link":"https:\/\/mesoforming.com\/es\/producto\/enfriador-de-agua-de-tanque-refrigerado-por-aire-tipo-caja-de-5-cv\/","title":{"rendered":"Enfriador de tanque de agua refrigerado por aire tipo caja de 5HP"},"content":{"rendered":"<p><strong>Descripci\u00f3n del producto<\/strong><\/p>\n<p>La enfriadora de agua refrigerada por aire tipo caja de 5CV est\u00e1 dise\u00f1ada para una refrigeraci\u00f3n eficiente con una amplia gama de aplicaciones en diversas industrias. Cuenta con un compresor Panasonic importado de alta calidad, una potente bomba de agua y avanzados sistemas de intercambio de calor.<\/p>\n<p><strong>Especificaciones t\u00e9cnicas<\/strong><\/p>\n<table>\n<thead>\n<tr>\n<th>Par\u00e1metro<\/th>\n<th>Detalles<\/th>\n<\/tr>\n<\/thead>\n<tbody>\n<tr>\n<td><strong>Compresor<\/strong><\/td>\n<td>Compresor Panasonic importado<\/td>\n<\/tr>\n<tr>\n<td><strong>Bomba de agua<\/strong><\/td>\n<td>375 W<\/td>\n<\/tr>\n<tr>\n<td><strong>Condensador<\/strong><\/td>\n<td>Tipo de aleta de rosca exterior<\/td>\n<\/tr>\n<tr>\n<td><strong>Evaporador<\/strong><\/td>\n<td>Tipo de bobina de acero inoxidable\/cobre<\/td>\n<\/tr>\n<tr>\n<td><strong>Dep\u00f3sito de agua<\/strong><\/td>\n<td>Dep\u00f3sito de agua de acero inoxidable\/pegamento<\/td>\n<\/tr>\n<tr>\n<td><strong>Tuber\u00edas<\/strong><\/td>\n<td>Entrada y salida de 1 pulgada para medios de agua refrigerada<\/td>\n<\/tr>\n<tr>\n<td><strong>Control de la temperatura<\/strong><\/td>\n<td>Rango: 5-50\u00b0C, Precisi\u00f3n: \u00b11,0\u00b0C<\/td>\n<\/tr>\n<tr>\n<td><strong>Refrigeraci\u00f3n Potencia de entrada<\/strong><\/td>\n<td>3,75 kW<\/td>\n<\/tr>\n<tr>\n<td><strong>Corriente de funcionamiento de refrigeraci\u00f3n<\/strong><\/td>\n<td>3,75 kW<\/td>\n<\/tr>\n<tr>\n<td><strong>Altura de bombeo<\/strong><\/td>\n<td>MH18 0,5 Bomba de agua clara Aoyuan<\/td>\n<\/tr>\n<tr>\n<td><strong>Caudal<\/strong><\/td>\n<td>3 m\u00b3\/h<\/td>\n<\/tr>\n<tr>\n<td><strong>Capacidad de intercambio t\u00e9rmico<\/strong><\/td>\n<td>Condensador: 13,5 kW, Evaporador: 13,5 kW<\/td>\n<\/tr>\n<tr>\n<td><strong>Volumen del dep\u00f3sito de agua<\/strong><\/td>\n<td>68 litros<\/td>\n<\/tr>\n<tr>\n<td><strong>Dimensiones (L \u00d7 A \u00d7 A)<\/strong><\/td>\n<td>1,25 \u00d7 0,63 \u00d7 1,28 metros<\/td>\n<\/tr>\n<tr>\n<td><strong>Peso<\/strong><\/td>\n<td>180 kg<\/td>\n<\/tr>\n<\/tbody>\n<\/table>\n<p>&nbsp;<\/p>","protected":false},"excerpt":{"rendered":"<p>La enfriadora de agua refrigerada por aire tipo caja de 5 CV est\u00e1 dise\u00f1ada para una refrigeraci\u00f3n eficaz y fiable con aplicaciones en diversos sectores. Con un compresor Panasonic importado, una potente bomba de agua y avanzados sistemas de intercambio de calor, garantiza un rendimiento y una durabilidad \u00f3ptimos.<\/p>","protected":false},"featured_media":202,"template":"","meta":[],"product_brand":[],"product_cat":[38,46],"product_tag":[],"class_list":{"0":"post-1758","1":"product","2":"type-product","3":"status-publish","4":"has-post-thumbnail","6":"product_cat-auxiliary-machine","7":"product_cat-chiller","9":"first","10":"instock","11":"shipping-taxable","12":"product-type-simple"},"_links":{"self":[{"href":"https:\/\/mesoforming.com\/es\/wp-json\/wp\/v2\/product\/1758","targetHints":{"allow":["GET"]}}],"collection":[{"href":"https:\/\/mesoforming.com\/es\/wp-json\/wp\/v2\/product"}],"about":[{"href":"https:\/\/mesoforming.com\/es\/wp-json\/wp\/v2\/types\/product"}],"version-history":[{"count":0,"href":"https:\/\/mesoforming.com\/es\/wp-json\/wp\/v2\/product\/1758\/revisions"}],"wp:featuredmedia":[{"embeddable":true,"href":"https:\/\/mesoforming.com\/es\/wp-json\/wp\/v2\/media\/202"}],"wp:attachment":[{"href":"https:\/\/mesoforming.com\/es\/wp-json\/wp\/v2\/media?parent=1758"}],"wp:term":[{"taxonomy":"product_brand","embeddable":true,"href":"https:\/\/mesoforming.com\/es\/wp-json\/wp\/v2\/product_brand?post=1758"},{"taxonomy":"product_cat","embeddable":true,"href":"https:\/\/mesoforming.com\/es\/wp-json\/wp\/v2\/product_cat?post=1758"},{"taxonomy":"product_tag","embeddable":true,"href":"https:\/\/mesoforming.com\/es\/wp-json\/wp\/v2\/product_tag?post=1758"}],"curies":[{"name":"wp","href":"https:\/\/api.w.org\/{rel}","templated":true}]}}