{"id":1760,"date":"2024-07-05T09:56:32","date_gmt":"2024-07-05T09:56:32","guid":{"rendered":"https:\/\/mesoforming.com\/?post_type=product&#038;p=1760"},"modified":"2024-07-29T07:33:24","modified_gmt":"2024-07-29T07:33:24","slug":"1760","status":"publish","type":"product","link":"https:\/\/mesoforming.com\/es\/producto\/1760\/","title":{"rendered":"M\u00e1quina contadora y envasadora autom\u00e1tica de vasos desechables de una fila"},"content":{"rendered":"<p><strong>Descripci\u00f3n del producto<\/strong><\/p>\n<p>La m\u00e1quina de recuento y envasado totalmente autom\u00e1tica de una fila de vasos desechables est\u00e1 dise\u00f1ada para el envasado eficaz y preciso de vasos desechables. Cuenta con control de movimiento de ciclo autom\u00e1tico programado por PLC y realiza funciones como apilado, recuento, alimentaci\u00f3n, sellado y corte de film y separaci\u00f3n de material. La m\u00e1quina de recuento de vasos utiliza un sistema de paso a paso y recuento de fibra \u00f3ptica para mejorar la velocidad de envasado en bolsas.<\/p>\n<p><strong>Especificaciones t\u00e9cnicas<\/strong><\/p>\n<table>\n<thead>\n<tr>\n<th>Par\u00e1metro<\/th>\n<th>Detalles<\/th>\n<\/tr>\n<\/thead>\n<tbody>\n<tr>\n<td><strong>Capacidad m\u00e1xima de envasado<\/strong><\/td>\n<td>10-25 veces\/min<\/td>\n<\/tr>\n<tr>\n<td><strong>Anchura del film de envasado<\/strong><\/td>\n<td>150-500 mm<\/td>\n<\/tr>\n<tr>\n<td><strong>Longitud de fabricaci\u00f3n de bolsas<\/strong><\/td>\n<td>250-800 mm<\/td>\n<\/tr>\n<tr>\n<td><strong>Potencia total<\/strong><\/td>\n<td>3,5 kW<\/td>\n<\/tr>\n<tr>\n<td><strong>Fuente de alimentaci\u00f3n<\/strong><\/td>\n<td>220 V<\/td>\n<\/tr>\n<tr>\n<td><strong>Dimensiones de la m\u00e1quina (L \u00d7 A \u00d7 A)<\/strong><\/td>\n<td>5,65 \u00d7 0,8 \u00d7 1,35 metros<\/td>\n<\/tr>\n<tr>\n<td><strong>Altura del embalaje<\/strong><\/td>\n<td>No m\u00e1s de 150 mm<\/td>\n<\/tr>\n<tr>\n<td><strong>Peso de la m\u00e1quina<\/strong><\/td>\n<td>600 kg<\/td>\n<\/tr>\n<tr>\n<td><strong>Di\u00e1metro del envase<\/strong><\/td>\n<td>90-142 mm<\/td>\n<\/tr>\n<\/tbody>\n<\/table>\n<p>&nbsp;<\/p>","protected":false},"excerpt":{"rendered":"<p>La m\u00e1quina de recuento y envasado totalmente autom\u00e1tica de una fila de vasos desechables ofrece un envasado eficaz y de alta velocidad con control PLC, recuento de fibra \u00f3ptica y vers\u00e1tiles opciones de personalizaci\u00f3n.<\/p>","protected":false},"featured_media":1766,"template":"","meta":[],"product_brand":[],"product_cat":[38,39],"product_tag":[],"class_list":{"0":"post-1760","1":"product","2":"type-product","3":"status-publish","4":"has-post-thumbnail","6":"product_cat-auxiliary-machine","7":"product_cat-fully-automatic-counting-and-packaging-machine","9":"first","10":"instock","11":"shipping-taxable","12":"product-type-simple"},"_links":{"self":[{"href":"https:\/\/mesoforming.com\/es\/wp-json\/wp\/v2\/product\/1760","targetHints":{"allow":["GET"]}}],"collection":[{"href":"https:\/\/mesoforming.com\/es\/wp-json\/wp\/v2\/product"}],"about":[{"href":"https:\/\/mesoforming.com\/es\/wp-json\/wp\/v2\/types\/product"}],"version-history":[{"count":0,"href":"https:\/\/mesoforming.com\/es\/wp-json\/wp\/v2\/product\/1760\/revisions"}],"wp:featuredmedia":[{"embeddable":true,"href":"https:\/\/mesoforming.com\/es\/wp-json\/wp\/v2\/media\/1766"}],"wp:attachment":[{"href":"https:\/\/mesoforming.com\/es\/wp-json\/wp\/v2\/media?parent=1760"}],"wp:term":[{"taxonomy":"product_brand","embeddable":true,"href":"https:\/\/mesoforming.com\/es\/wp-json\/wp\/v2\/product_brand?post=1760"},{"taxonomy":"product_cat","embeddable":true,"href":"https:\/\/mesoforming.com\/es\/wp-json\/wp\/v2\/product_cat?post=1760"},{"taxonomy":"product_tag","embeddable":true,"href":"https:\/\/mesoforming.com\/es\/wp-json\/wp\/v2\/product_tag?post=1760"}],"curies":[{"name":"wp","href":"https:\/\/api.w.org\/{rel}","templated":true}]}}