{"id":1762,"date":"2024-07-05T10:03:23","date_gmt":"2024-07-05T10:03:23","guid":{"rendered":"https:\/\/mesoforming.com\/?post_type=product&#038;p=1762"},"modified":"2024-07-29T07:32:32","modified_gmt":"2024-07-29T07:32:32","slug":"maquina-contadora-y-envasadora-automatica-de-vasos-desechables-con-tapa-de-una-fila","status":"publish","type":"product","link":"https:\/\/mesoforming.com\/es\/producto\/maquina-contadora-y-envasadora-automatica-de-vasos-desechables-con-tapa-de-una-fila\/","title":{"rendered":"M\u00e1quina contadora y envasadora autom\u00e1tica de una fila de tapas de vasos desechables"},"content":{"rendered":"<p><strong>Descripci\u00f3n del producto<\/strong><\/p>\n<p>La m\u00e1quina contadora y envasadora totalmente autom\u00e1tica de una fila de tapas de vasos desechables est\u00e1 dise\u00f1ada para el envasado eficaz y preciso de tapas de vasos desechables. Cuenta con control de movimiento de ciclo autom\u00e1tico programado por PLC, y realiza la alimentaci\u00f3n, el sellado con film y el corte. Esta m\u00e1quina garantiza un envasado de alta velocidad con opciones de personalizaci\u00f3n para satisfacer requisitos espec\u00edficos.<\/p>\n<p><strong>Especificaciones t\u00e9cnicas<\/strong><\/p>\n<table>\n<thead>\n<tr>\n<th>Par\u00e1metro<\/th>\n<th>Detalles<\/th>\n<\/tr>\n<\/thead>\n<tbody>\n<tr>\n<td><strong>Di\u00e1metro de la tapa<\/strong><\/td>\n<td>75-85 mm<\/td>\n<\/tr>\n<tr>\n<td><strong>Capacidad m\u00e1xima de envasado<\/strong><\/td>\n<td>10-20 veces\/min<\/td>\n<\/tr>\n<tr>\n<td><strong>Anchura del film de envasado<\/strong><\/td>\n<td>150-400 mm<\/td>\n<\/tr>\n<tr>\n<td><strong>Longitud de fabricaci\u00f3n de bolsas<\/strong><\/td>\n<td>300-900 mm<\/td>\n<\/tr>\n<tr>\n<td><strong>Potencia total<\/strong><\/td>\n<td>3,5 kW<\/td>\n<\/tr>\n<tr>\n<td><strong>Fuente de alimentaci\u00f3n<\/strong><\/td>\n<td>220 V<\/td>\n<\/tr>\n<tr>\n<td><strong>Dimensiones de la m\u00e1quina (L \u00d7 A \u00d7 A)<\/strong><\/td>\n<td>2,4 \u00d7 1,74 \u00d7 1,32 metros<\/td>\n<\/tr>\n<tr>\n<td><strong>Altura del embalaje<\/strong><\/td>\n<td>No m\u00e1s de 120 mm<\/td>\n<\/tr>\n<tr>\n<td><strong>Peso de la m\u00e1quina<\/strong><\/td>\n<td>400 kg<\/td>\n<\/tr>\n<tr>\n<td><strong>Especificaciones de embalaje<\/strong><\/td>\n<td>Sujeto a muestra<\/td>\n<\/tr>\n<\/tbody>\n<\/table>\n<p>&nbsp;<\/p>","protected":false},"excerpt":{"rendered":"<p>La m\u00e1quina de recuento y envasado totalmente autom\u00e1tica de una fila de tapas de vasos desechables ofrece un envasado eficaz y de alta velocidad con control PLC y vers\u00e1tiles opciones de personalizaci\u00f3n, dise\u00f1ada espec\u00edficamente para tapas de vasos.<\/p>","protected":false},"featured_media":1764,"template":"","meta":[],"product_brand":[],"product_cat":[38,39],"product_tag":[],"class_list":{"0":"post-1762","1":"product","2":"type-product","3":"status-publish","4":"has-post-thumbnail","6":"product_cat-auxiliary-machine","7":"product_cat-fully-automatic-counting-and-packaging-machine","9":"first","10":"instock","11":"shipping-taxable","12":"product-type-simple"},"_links":{"self":[{"href":"https:\/\/mesoforming.com\/es\/wp-json\/wp\/v2\/product\/1762","targetHints":{"allow":["GET"]}}],"collection":[{"href":"https:\/\/mesoforming.com\/es\/wp-json\/wp\/v2\/product"}],"about":[{"href":"https:\/\/mesoforming.com\/es\/wp-json\/wp\/v2\/types\/product"}],"version-history":[{"count":0,"href":"https:\/\/mesoforming.com\/es\/wp-json\/wp\/v2\/product\/1762\/revisions"}],"wp:featuredmedia":[{"embeddable":true,"href":"https:\/\/mesoforming.com\/es\/wp-json\/wp\/v2\/media\/1764"}],"wp:attachment":[{"href":"https:\/\/mesoforming.com\/es\/wp-json\/wp\/v2\/media?parent=1762"}],"wp:term":[{"taxonomy":"product_brand","embeddable":true,"href":"https:\/\/mesoforming.com\/es\/wp-json\/wp\/v2\/product_brand?post=1762"},{"taxonomy":"product_cat","embeddable":true,"href":"https:\/\/mesoforming.com\/es\/wp-json\/wp\/v2\/product_cat?post=1762"},{"taxonomy":"product_tag","embeddable":true,"href":"https:\/\/mesoforming.com\/es\/wp-json\/wp\/v2\/product_tag?post=1762"}],"curies":[{"name":"wp","href":"https:\/\/api.w.org\/{rel}","templated":true}]}}