{"id":1871,"date":"2024-07-12T02:14:54","date_gmt":"2024-07-12T02:14:54","guid":{"rendered":"https:\/\/mesoforming.com\/?post_type=product&#038;p=1871"},"modified":"2024-07-12T02:14:54","modified_gmt":"2024-07-12T02:14:54","slug":"guia-definitiva-para-el-termoformado-de-alta-precision-de-moldes-superiores-de-punzonado-y-troquelado-para-tapas-de-vasos-desechables","status":"publish","type":"product","link":"https:\/\/mesoforming.com\/es\/producto\/guia-definitiva-para-el-termoformado-de-alta-precision-de-moldes-superiores-de-punzonado-y-troquelado-para-tapas-de-vasos-desechables\/","title":{"rendered":"Gu\u00eda definitiva de moldes de corte superior de termoformado de alta precisi\u00f3n para tapas de vasos desechables"},"content":{"rendered":"<h3 data-immersive-translate-walked=\"199fe27d-91b9-4ff1-9969-41fd1e3120eb\" data-immersive-translate-paragraph=\"1\">Productos<\/h3>\n<p data-immersive-translate-walked=\"199fe27d-91b9-4ff1-9969-41fd1e3120eb\" data-immersive-translate-paragraph=\"1\">Esta imagen muestra el molde de corte superior utilizado en el proceso de termoformado. A diferencia de los moldes de conformado, el molde de corte est\u00e1 dise\u00f1ado espec\u00edficamente para cortar y recortar materiales, garantizando cortes precisos y bordes limpios. Este molde est\u00e1 dise\u00f1ado con tecnolog\u00eda avanzada para garantizar una alta precisi\u00f3n y consistencia en la producci\u00f3n, lo que lo hace especialmente adecuado para la fabricaci\u00f3n de tapas de vasos desechables.<\/p>\n<h3 data-immersive-translate-walked=\"199fe27d-91b9-4ff1-9969-41fd1e3120eb\" data-immersive-translate-paragraph=\"1\">Caracter\u00edsticas principales<\/h3>\n<table data-immersive-translate-walked=\"199fe27d-91b9-4ff1-9969-41fd1e3120eb\">\n<thead data-immersive-translate-walked=\"199fe27d-91b9-4ff1-9969-41fd1e3120eb\">\n<tr data-immersive-translate-walked=\"199fe27d-91b9-4ff1-9969-41fd1e3120eb\">\n<th data-immersive-translate-walked=\"199fe27d-91b9-4ff1-9969-41fd1e3120eb\" data-immersive-translate-paragraph=\"1\">Art\u00edculo<\/th>\n<th data-immersive-translate-walked=\"199fe27d-91b9-4ff1-9969-41fd1e3120eb\" data-immersive-translate-paragraph=\"1\">Detalles<\/th>\n<\/tr>\n<\/thead>\n<tbody data-immersive-translate-walked=\"199fe27d-91b9-4ff1-9969-41fd1e3120eb\">\n<tr data-immersive-translate-walked=\"199fe27d-91b9-4ff1-9969-41fd1e3120eb\">\n<td data-immersive-translate-walked=\"199fe27d-91b9-4ff1-9969-41fd1e3120eb\"><strong data-immersive-translate-walked=\"199fe27d-91b9-4ff1-9969-41fd1e3120eb\" data-immersive-translate-paragraph=\"1\">Precisi\u00f3n en el dise\u00f1o<\/strong><\/td>\n<td data-immersive-translate-walked=\"199fe27d-91b9-4ff1-9969-41fd1e3120eb\" data-immersive-translate-paragraph=\"1\">Corte de alta precisi\u00f3n para garantizar bordes limpios y uniformes de las tapas de los vasos formados.<\/td>\n<\/tr>\n<tr data-immersive-translate-walked=\"199fe27d-91b9-4ff1-9969-41fd1e3120eb\">\n<td data-immersive-translate-walked=\"199fe27d-91b9-4ff1-9969-41fd1e3120eb\"><strong data-immersive-translate-walked=\"199fe27d-91b9-4ff1-9969-41fd1e3120eb\" data-immersive-translate-paragraph=\"1\">Material<\/strong><\/td>\n<td data-immersive-translate-walked=\"199fe27d-91b9-4ff1-9969-41fd1e3120eb\" data-immersive-translate-paragraph=\"1\">Aleaci\u00f3n de aluminio de alta resistencia, que ofrece una excelente conductividad t\u00e9rmica y resistencia a la corrosi\u00f3n.<\/td>\n<\/tr>\n<tr data-immersive-translate-walked=\"199fe27d-91b9-4ff1-9969-41fd1e3120eb\">\n<td data-immersive-translate-walked=\"199fe27d-91b9-4ff1-9969-41fd1e3120eb\"><strong data-immersive-translate-walked=\"199fe27d-91b9-4ff1-9969-41fd1e3120eb\" data-immersive-translate-paragraph=\"1\">Sistema de refrigeraci\u00f3n<\/strong><\/td>\n<td data-immersive-translate-walked=\"199fe27d-91b9-4ff1-9969-41fd1e3120eb\" data-immersive-translate-paragraph=\"1\">Canales de refrigeraci\u00f3n de alta eficiencia incorporados para un enfriamiento r\u00e1pido, mejorando la eficiencia de la producci\u00f3n y la calidad del producto.<\/td>\n<\/tr>\n<tr data-immersive-translate-walked=\"199fe27d-91b9-4ff1-9969-41fd1e3120eb\">\n<td data-immersive-translate-walked=\"199fe27d-91b9-4ff1-9969-41fd1e3120eb\"><strong data-immersive-translate-walked=\"199fe27d-91b9-4ff1-9969-41fd1e3120eb\" data-immersive-translate-paragraph=\"1\">Estructura<\/strong><\/td>\n<td data-immersive-translate-walked=\"199fe27d-91b9-4ff1-9969-41fd1e3120eb\" data-immersive-translate-paragraph=\"1\">Dise\u00f1o modular para facilitar la sustituci\u00f3n y el mantenimiento, reduciendo el tiempo de inactividad.<\/td>\n<\/tr>\n<tr data-immersive-translate-walked=\"199fe27d-91b9-4ff1-9969-41fd1e3120eb\">\n<td data-immersive-translate-walked=\"199fe27d-91b9-4ff1-9969-41fd1e3120eb\"><strong data-immersive-translate-walked=\"199fe27d-91b9-4ff1-9969-41fd1e3120eb\" data-immersive-translate-paragraph=\"1\">Tratamiento de superficies<\/strong><\/td>\n<td data-immersive-translate-walked=\"199fe27d-91b9-4ff1-9969-41fd1e3120eb\" data-immersive-translate-paragraph=\"1\">Tratamiento especial de la superficie para reducir la fricci\u00f3n, evitar la adherencia del pl\u00e1stico y garantizar la calidad del corte.<\/td>\n<\/tr>\n<tr data-immersive-translate-walked=\"199fe27d-91b9-4ff1-9969-41fd1e3120eb\">\n<td data-immersive-translate-walked=\"199fe27d-91b9-4ff1-9969-41fd1e3120eb\"><strong data-immersive-translate-walked=\"199fe27d-91b9-4ff1-9969-41fd1e3120eb\" data-immersive-translate-paragraph=\"1\">Vida del moho<\/strong><\/td>\n<td data-immersive-translate-walked=\"199fe27d-91b9-4ff1-9969-41fd1e3120eb\" data-immersive-translate-paragraph=\"1\">Alta durabilidad para una mayor vida \u00fatil, reduciendo la frecuencia de sustituci\u00f3n.<\/td>\n<\/tr>\n<tr data-immersive-translate-walked=\"199fe27d-91b9-4ff1-9969-41fd1e3120eb\">\n<td data-immersive-translate-walked=\"199fe27d-91b9-4ff1-9969-41fd1e3120eb\"><strong data-immersive-translate-walked=\"199fe27d-91b9-4ff1-9969-41fd1e3120eb\" data-immersive-translate-paragraph=\"1\">Respeto del medio ambiente<\/strong><\/td>\n<td data-immersive-translate-walked=\"199fe27d-91b9-4ff1-9969-41fd1e3120eb\" data-immersive-translate-paragraph=\"1\">Fabricado con materiales y procesos respetuosos con el medio ambiente, que cumplen las normas medioambientales internacionales.<\/td>\n<\/tr>\n<\/tbody>\n<\/table>\n<h3 data-immersive-translate-walked=\"199fe27d-91b9-4ff1-9969-41fd1e3120eb\" data-immersive-translate-paragraph=\"1\">Especificaciones t\u00e9cnicas<\/h3>\n<table data-immersive-translate-walked=\"199fe27d-91b9-4ff1-9969-41fd1e3120eb\">\n<thead data-immersive-translate-walked=\"199fe27d-91b9-4ff1-9969-41fd1e3120eb\">\n<tr data-immersive-translate-walked=\"199fe27d-91b9-4ff1-9969-41fd1e3120eb\">\n<th data-immersive-translate-walked=\"199fe27d-91b9-4ff1-9969-41fd1e3120eb\" data-immersive-translate-paragraph=\"1\">Art\u00edculo<\/th>\n<th data-immersive-translate-walked=\"199fe27d-91b9-4ff1-9969-41fd1e3120eb\" data-immersive-translate-paragraph=\"1\">Detalles<\/th>\n<\/tr>\n<\/thead>\n<tbody data-immersive-translate-walked=\"199fe27d-91b9-4ff1-9969-41fd1e3120eb\">\n<tr data-immersive-translate-walked=\"199fe27d-91b9-4ff1-9969-41fd1e3120eb\">\n<td data-immersive-translate-walked=\"199fe27d-91b9-4ff1-9969-41fd1e3120eb\"><strong data-immersive-translate-walked=\"199fe27d-91b9-4ff1-9969-41fd1e3120eb\" data-immersive-translate-paragraph=\"1\">Recuento de cavidades<\/strong><\/td>\n<td data-immersive-translate-walked=\"199fe27d-91b9-4ff1-9969-41fd1e3120eb\" data-immersive-translate-paragraph=\"1\">Personalizable en funci\u00f3n de las necesidades del producto, normalmente configurado con 20 cavidades.<\/td>\n<\/tr>\n<tr data-immersive-translate-walked=\"199fe27d-91b9-4ff1-9969-41fd1e3120eb\">\n<td data-immersive-translate-walked=\"199fe27d-91b9-4ff1-9969-41fd1e3120eb\"><strong data-immersive-translate-walked=\"199fe27d-91b9-4ff1-9969-41fd1e3120eb\" data-immersive-translate-paragraph=\"1\">Tama\u00f1o del molde<\/strong><\/td>\n<td data-immersive-translate-walked=\"199fe27d-91b9-4ff1-9969-41fd1e3120eb\" data-immersive-translate-paragraph=\"1\">Personalizable seg\u00fan los requisitos del equipo, incluidos la longitud, la anchura y la altura.<\/td>\n<\/tr>\n<tr data-immersive-translate-walked=\"199fe27d-91b9-4ff1-9969-41fd1e3120eb\">\n<td data-immersive-translate-walked=\"199fe27d-91b9-4ff1-9969-41fd1e3120eb\"><strong data-immersive-translate-walked=\"199fe27d-91b9-4ff1-9969-41fd1e3120eb\" data-immersive-translate-paragraph=\"1\">Tama\u00f1o del producto<\/strong><\/td>\n<td data-immersive-translate-walked=\"199fe27d-91b9-4ff1-9969-41fd1e3120eb\" data-immersive-translate-paragraph=\"1\">Aproximadamente 9,5 cm de di\u00e1metro.<\/td>\n<\/tr>\n<tr data-immersive-translate-walked=\"199fe27d-91b9-4ff1-9969-41fd1e3120eb\">\n<td data-immersive-translate-walked=\"199fe27d-91b9-4ff1-9969-41fd1e3120eb\"><strong data-immersive-translate-walked=\"199fe27d-91b9-4ff1-9969-41fd1e3120eb\" data-immersive-translate-paragraph=\"1\">Dureza de la superficie<\/strong><\/td>\n<td data-immersive-translate-walked=\"199fe27d-91b9-4ff1-9969-41fd1e3120eb\" data-immersive-translate-paragraph=\"1\">Dureza hasta HRC45-48, garantizando la durabilidad del molde.<\/td>\n<\/tr>\n<tr data-immersive-translate-walked=\"199fe27d-91b9-4ff1-9969-41fd1e3120eb\">\n<td data-immersive-translate-walked=\"199fe27d-91b9-4ff1-9969-41fd1e3120eb\"><strong data-immersive-translate-walked=\"199fe27d-91b9-4ff1-9969-41fd1e3120eb\" data-immersive-translate-paragraph=\"1\">Tecnolog\u00eda de transformaci\u00f3n<\/strong><\/td>\n<td data-immersive-translate-walked=\"199fe27d-91b9-4ff1-9969-41fd1e3120eb\" data-immersive-translate-paragraph=\"1\">Mecanizado de precisi\u00f3n CNC, pulido de superficies.<\/td>\n<\/tr>\n<tr data-immersive-translate-walked=\"199fe27d-91b9-4ff1-9969-41fd1e3120eb\">\n<td data-immersive-translate-walked=\"199fe27d-91b9-4ff1-9969-41fd1e3120eb\"><strong data-immersive-translate-walked=\"199fe27d-91b9-4ff1-9969-41fd1e3120eb\" data-immersive-translate-paragraph=\"1\">Peso<\/strong><\/td>\n<td data-immersive-translate-walked=\"199fe27d-91b9-4ff1-9969-41fd1e3120eb\" data-immersive-translate-paragraph=\"1\">Moderado, lo que facilita su instalaci\u00f3n y sustituci\u00f3n.<\/td>\n<\/tr>\n<tr data-immersive-translate-walked=\"199fe27d-91b9-4ff1-9969-41fd1e3120eb\">\n<td data-immersive-translate-walked=\"199fe27d-91b9-4ff1-9969-41fd1e3120eb\"><strong data-immersive-translate-walked=\"199fe27d-91b9-4ff1-9969-41fd1e3120eb\" data-immersive-translate-paragraph=\"1\">Compatibilidad<\/strong><\/td>\n<td data-immersive-translate-walked=\"199fe27d-91b9-4ff1-9969-41fd1e3120eb\" data-immersive-translate-paragraph=\"1\">Compatible con los principales equipos de termoformado.<\/td>\n<\/tr>\n<tr data-immersive-translate-walked=\"199fe27d-91b9-4ff1-9969-41fd1e3120eb\">\n<td data-immersive-translate-walked=\"199fe27d-91b9-4ff1-9969-41fd1e3120eb\"><strong data-immersive-translate-walked=\"199fe27d-91b9-4ff1-9969-41fd1e3120eb\" data-immersive-translate-paragraph=\"1\">Temperatura de funcionamiento<\/strong><\/td>\n<td data-immersive-translate-walked=\"199fe27d-91b9-4ff1-9969-41fd1e3120eb\" data-immersive-translate-paragraph=\"1\">Adecuado para entornos operativos de alta temperatura, lo que garantiza un rendimiento estable del molde.<\/td>\n<\/tr>\n<\/tbody>\n<\/table>\n<h3 data-immersive-translate-walked=\"199fe27d-91b9-4ff1-9969-41fd1e3120eb\" data-immersive-translate-paragraph=\"1\">Aplicaciones<\/h3>\n<ul data-immersive-translate-walked=\"199fe27d-91b9-4ff1-9969-41fd1e3120eb\">\n<li data-immersive-translate-walked=\"199fe27d-91b9-4ff1-9969-41fd1e3120eb\" data-immersive-translate-paragraph=\"1\">Tapas para vasos desechables<\/li>\n<\/ul>\n<h3 data-immersive-translate-walked=\"199fe27d-91b9-4ff1-9969-41fd1e3120eb\" data-immersive-translate-paragraph=\"1\">Instalaci\u00f3n y mantenimiento<\/h3>\n<table data-immersive-translate-walked=\"199fe27d-91b9-4ff1-9969-41fd1e3120eb\">\n<thead data-immersive-translate-walked=\"199fe27d-91b9-4ff1-9969-41fd1e3120eb\">\n<tr data-immersive-translate-walked=\"199fe27d-91b9-4ff1-9969-41fd1e3120eb\">\n<th data-immersive-translate-walked=\"199fe27d-91b9-4ff1-9969-41fd1e3120eb\" data-immersive-translate-paragraph=\"1\">Art\u00edculo<\/th>\n<th data-immersive-translate-walked=\"199fe27d-91b9-4ff1-9969-41fd1e3120eb\" data-immersive-translate-paragraph=\"1\">Detalles<\/th>\n<\/tr>\n<\/thead>\n<tbody data-immersive-translate-walked=\"199fe27d-91b9-4ff1-9969-41fd1e3120eb\">\n<tr data-immersive-translate-walked=\"199fe27d-91b9-4ff1-9969-41fd1e3120eb\">\n<td data-immersive-translate-walked=\"199fe27d-91b9-4ff1-9969-41fd1e3120eb\"><strong data-immersive-translate-walked=\"199fe27d-91b9-4ff1-9969-41fd1e3120eb\" data-immersive-translate-paragraph=\"1\">Instalaci\u00f3n<\/strong><\/td>\n<td data-immersive-translate-walked=\"199fe27d-91b9-4ff1-9969-41fd1e3120eb\" data-immersive-translate-paragraph=\"1\">El molde de corte superior debe ser instalado por t\u00e9cnicos profesionales para garantizar una alineaci\u00f3n precisa con la termoformadora.<\/td>\n<\/tr>\n<tr data-immersive-translate-walked=\"199fe27d-91b9-4ff1-9969-41fd1e3120eb\">\n<td data-immersive-translate-walked=\"199fe27d-91b9-4ff1-9969-41fd1e3120eb\"><strong data-immersive-translate-walked=\"199fe27d-91b9-4ff1-9969-41fd1e3120eb\" data-immersive-translate-paragraph=\"1\">Mantenimiento<\/strong><\/td>\n<td data-immersive-translate-walked=\"199fe27d-91b9-4ff1-9969-41fd1e3120eb\" data-immersive-translate-paragraph=\"1\">Compruebe regularmente el sistema de refrigeraci\u00f3n y el estado de la superficie, y limpie r\u00e1pidamente cualquier residuo de la superficie para garantizar un uso normal.<\/td>\n<\/tr>\n<tr data-immersive-translate-walked=\"199fe27d-91b9-4ff1-9969-41fd1e3120eb\">\n<td data-immersive-translate-walked=\"199fe27d-91b9-4ff1-9969-41fd1e3120eb\"><strong data-immersive-translate-walked=\"199fe27d-91b9-4ff1-9969-41fd1e3120eb\" data-immersive-translate-paragraph=\"1\">Lubricaci\u00f3n<\/strong><\/td>\n<td data-immersive-translate-walked=\"199fe27d-91b9-4ff1-9969-41fd1e3120eb\" data-immersive-translate-paragraph=\"1\">Lubrique correctamente las piezas m\u00f3viles del molde para evitar que se desgasten y se peguen.<\/td>\n<\/tr>\n<\/tbody>\n<\/table>\n<h3 data-immersive-translate-walked=\"199fe27d-91b9-4ff1-9969-41fd1e3120eb\" data-immersive-translate-paragraph=\"1\">Asistencia y servicios al cliente<\/h3>\n<p data-immersive-translate-walked=\"199fe27d-91b9-4ff1-9969-41fd1e3120eb\" data-immersive-translate-paragraph=\"1\">Ofrecemos asistencia y servicios profesionales al cliente, que incluyen la personalizaci\u00f3n del dise\u00f1o del molde, la instalaci\u00f3n y puesta en marcha, la formaci\u00f3n operativa y el mantenimiento posventa. Nuestro experimentado equipo t\u00e9cnico puede responder r\u00e1pidamente a las necesidades del cliente, garantizando un rendimiento \u00f3ptimo del molde durante la producci\u00f3n.<\/p>\n<h3 data-immersive-translate-walked=\"199fe27d-91b9-4ff1-9969-41fd1e3120eb\" data-immersive-translate-paragraph=\"1\">P\u00f3ngase en contacto con nosotros<\/h3>\n<p data-immersive-translate-walked=\"199fe27d-91b9-4ff1-9969-41fd1e3120eb\" data-immersive-translate-paragraph=\"1\">Si desea m\u00e1s informaci\u00f3n sobre este molde de corte superior de termoformado o solicitar un presupuesto, p\u00f3ngase en contacto con nosotros:<\/p>\n<ul data-immersive-translate-walked=\"199fe27d-91b9-4ff1-9969-41fd1e3120eb\">\n<li data-immersive-translate-walked=\"199fe27d-91b9-4ff1-9969-41fd1e3120eb\" data-immersive-translate-paragraph=\"1\"><strong data-immersive-translate-walked=\"199fe27d-91b9-4ff1-9969-41fd1e3120eb\">Tel\u00e9fono<\/strong>: +86-18025612076<\/li>\n<li data-immersive-translate-walked=\"199fe27d-91b9-4ff1-9969-41fd1e3120eb\" data-immersive-translate-paragraph=\"1\"><strong data-immersive-translate-walked=\"199fe27d-91b9-4ff1-9969-41fd1e3120eb\">Correo electr\u00f3nico<\/strong>:jenny@mesoforming.com<\/li>\n<li data-immersive-translate-walked=\"199fe27d-91b9-4ff1-9969-41fd1e3120eb\" data-immersive-translate-paragraph=\"1\"><strong data-immersive-translate-walked=\"199fe27d-91b9-4ff1-9969-41fd1e3120eb\">P\u00e1gina web<\/strong>:https:\/\/mesoforming.com\/<\/li>\n<\/ul>\n<p data-immersive-translate-walked=\"199fe27d-91b9-4ff1-9969-41fd1e3120eb\" data-immersive-translate-paragraph=\"1\">Este molde de corte superior para termoformado, con su calidad superior y dise\u00f1o preciso, es la elecci\u00f3n ideal para las empresas fabricantes de tapas de vasos desechables. Nos comprometemos a ofrecer soluciones de moldes eficientes y fiables para ayudar a los clientes a mejorar la eficiencia de la producci\u00f3n y la calidad del producto.<\/p>","protected":false},"excerpt":{"rendered":"<p>Molde de corte superior de termoformado con dise\u00f1o de alta precisi\u00f3n, fabricado con aleaci\u00f3n de aluminio de alta resistencia. Incorpora un eficaz sistema de refrigeraci\u00f3n y un dise\u00f1o modular, ideal para producir tapas de vasos desechables con un di\u00e1metro aproximado de 9,5 cm.<\/p>","protected":false},"featured_media":1872,"template":"","meta":[],"product_brand":[],"product_cat":[41,42],"product_tag":[47],"class_list":{"0":"post-1871","1":"product","2":"type-product","3":"status-publish","4":"has-post-thumbnail","6":"product_cat-mould","7":"product_cat-three-station-mold","8":"product_tag-mold","10":"first","11":"instock","12":"shipping-taxable","13":"product-type-simple"},"_links":{"self":[{"href":"https:\/\/mesoforming.com\/es\/wp-json\/wp\/v2\/product\/1871","targetHints":{"allow":["GET"]}}],"collection":[{"href":"https:\/\/mesoforming.com\/es\/wp-json\/wp\/v2\/product"}],"about":[{"href":"https:\/\/mesoforming.com\/es\/wp-json\/wp\/v2\/types\/product"}],"version-history":[{"count":0,"href":"https:\/\/mesoforming.com\/es\/wp-json\/wp\/v2\/product\/1871\/revisions"}],"wp:featuredmedia":[{"embeddable":true,"href":"https:\/\/mesoforming.com\/es\/wp-json\/wp\/v2\/media\/1872"}],"wp:attachment":[{"href":"https:\/\/mesoforming.com\/es\/wp-json\/wp\/v2\/media?parent=1871"}],"wp:term":[{"taxonomy":"product_brand","embeddable":true,"href":"https:\/\/mesoforming.com\/es\/wp-json\/wp\/v2\/product_brand?post=1871"},{"taxonomy":"product_cat","embeddable":true,"href":"https:\/\/mesoforming.com\/es\/wp-json\/wp\/v2\/product_cat?post=1871"},{"taxonomy":"product_tag","embeddable":true,"href":"https:\/\/mesoforming.com\/es\/wp-json\/wp\/v2\/product_tag?post=1871"}],"curies":[{"name":"wp","href":"https:\/\/api.w.org\/{rel}","templated":true}]}}