{"id":2019,"date":"2024-07-29T08:37:05","date_gmt":"2024-07-29T08:37:05","guid":{"rendered":"https:\/\/mesoforming.com\/?post_type=product&#038;p=2019"},"modified":"2024-07-29T08:37:05","modified_gmt":"2024-07-29T08:37:05","slug":"ms800700-maquina-termoformadora-automatica-de-cuatro-estaciones","status":"publish","type":"product","link":"https:\/\/mesoforming.com\/es\/producto\/ms800700-maquina-termoformadora-automatica-de-cuatro-estaciones\/","title":{"rendered":"MS800*700 M\u00e1quina termoformadora autom\u00e1tica de cuatro estaciones"},"content":{"rendered":"<h3 data-immersive-translate-walked=\"dfc54f47-7ef6-4605-b3c7-c00a03d04226\">Descripci\u00f3n del producto<\/h3>\n<p data-immersive-translate-walked=\"dfc54f47-7ef6-4605-b3c7-c00a03d04226\" data-immersive-translate-paragraph=\"1\">La termoformadora totalmente autom\u00e1tica de cuatro estaciones MS800*700 est\u00e1 dise\u00f1ada para gestionar la alimentaci\u00f3n, el calentamiento, el estirado, el formado, el punzonado, el corte y el apilado en un proceso continuo. La m\u00e1quina cuenta con un avanzado sistema de calentamiento con la \u00faltima tecnolog\u00eda alemana de control de temperatura, que permite ahorrar aproximadamente 23% de energ\u00eda. Esto garantiza tiempos de respuesta r\u00e1pidos y duraciones de procesamiento cortas, lo que se traduce en una alta eficiencia y bajos costes. La funcionalidad totalmente autom\u00e1tica proporciona una amplia aplicabilidad, un funcionamiento suave, un alto rendimiento y un bajo nivel de ruido. Este sistema mejora significativamente la eficacia de la producci\u00f3n y reduce los costes de producci\u00f3n.<\/p>\n<h3 data-immersive-translate-walked=\"dfc54f47-7ef6-4605-b3c7-c00a03d04226\" data-immersive-translate-paragraph=\"1\">Caracter\u00edsticas del producto<\/h3>\n<ul data-immersive-translate-walked=\"dfc54f47-7ef6-4605-b3c7-c00a03d04226\">\n<li data-immersive-translate-walked=\"dfc54f47-7ef6-4605-b3c7-c00a03d04226\" data-immersive-translate-paragraph=\"1\"><strong data-immersive-translate-walked=\"dfc54f47-7ef6-4605-b3c7-c00a03d04226\">Proceso eficaz e integrado<\/strong>: La alimentaci\u00f3n, el calentamiento, el estirado, el conformado, el punzonado, el corte y el apilado se realizan en una sola operaci\u00f3n.<\/li>\n<li data-immersive-translate-walked=\"dfc54f47-7ef6-4605-b3c7-c00a03d04226\" data-immersive-translate-paragraph=\"1\"><strong data-immersive-translate-walked=\"dfc54f47-7ef6-4605-b3c7-c00a03d04226\">Sistema avanzado de control de la temperatura<\/strong>: Importado de Alemania, ahorra hasta 23% de energ\u00eda y proporciona un rendimiento estable.<\/li>\n<li data-immersive-translate-walked=\"dfc54f47-7ef6-4605-b3c7-c00a03d04226\" data-immersive-translate-paragraph=\"1\"><strong data-immersive-translate-walked=\"dfc54f47-7ef6-4605-b3c7-c00a03d04226\">Gran versatilidad<\/strong>: Adecuado para una amplia gama de materiales, incluidos los pl\u00e1sticos biodegradables y fotodegradables.<\/li>\n<li data-immersive-translate-walked=\"dfc54f47-7ef6-4605-b3c7-c00a03d04226\" data-immersive-translate-paragraph=\"1\"><strong data-immersive-translate-walked=\"dfc54f47-7ef6-4605-b3c7-c00a03d04226\">F\u00e1cil ajuste<\/strong>: El sistema de control de un solo punto facilita el ajuste de la configuraci\u00f3n para diversas necesidades de producci\u00f3n.<\/li>\n<li data-immersive-translate-walked=\"dfc54f47-7ef6-4605-b3c7-c00a03d04226\" data-immersive-translate-paragraph=\"1\"><strong data-immersive-translate-walked=\"dfc54f47-7ef6-4605-b3c7-c00a03d04226\">Bajo nivel de ruido y gran estabilidad<\/strong>: Dise\u00f1ado para un funcionamiento a largo plazo con un ruido m\u00ednimo y un rendimiento estable.<\/li>\n<\/ul>\n<h3 data-immersive-translate-walked=\"dfc54f47-7ef6-4605-b3c7-c00a03d04226\" data-immersive-translate-paragraph=\"1\">Caracter\u00edsticas del producto en formato de tabla<\/h3>\n<table data-immersive-translate-walked=\"dfc54f47-7ef6-4605-b3c7-c00a03d04226\">\n<thead data-immersive-translate-walked=\"dfc54f47-7ef6-4605-b3c7-c00a03d04226\">\n<tr data-immersive-translate-walked=\"dfc54f47-7ef6-4605-b3c7-c00a03d04226\">\n<th data-immersive-translate-walked=\"dfc54f47-7ef6-4605-b3c7-c00a03d04226\">Caracter\u00edstica<\/th>\n<th data-immersive-translate-walked=\"dfc54f47-7ef6-4605-b3c7-c00a03d04226\">Descripci\u00f3n<\/th>\n<\/tr>\n<\/thead>\n<tbody data-immersive-translate-walked=\"dfc54f47-7ef6-4605-b3c7-c00a03d04226\">\n<tr data-immersive-translate-walked=\"dfc54f47-7ef6-4605-b3c7-c00a03d04226\">\n<td data-immersive-translate-walked=\"dfc54f47-7ef6-4605-b3c7-c00a03d04226\" data-immersive-translate-paragraph=\"1\">Proceso eficaz e integrado<\/td>\n<td data-immersive-translate-walked=\"dfc54f47-7ef6-4605-b3c7-c00a03d04226\" data-immersive-translate-paragraph=\"1\">Alimentaci\u00f3n, calentamiento, estirado, conformado, punzonado, corte y apilado en una sola operaci\u00f3n<span class=\"notranslate immersive-translate-target-wrapper\" lang=\"zh-CN\" data-immersive-translate-translation-element-mark=\"1\"><span class=\"notranslate immersive-translate-target-translation-pre-whitespace immersive-translate-target-translation-theme-none immersive-translate-target-translation-block-wrapper-theme-none immersive-translate-target-translation-block-wrapper\" data-immersive-translate-translation-element-mark=\"1\"><span class=\"notranslate immersive-translate-target-inner immersive-translate-target-translation-theme-none-inner\" data-immersive-translate-translation-element-mark=\"1\">\u8fdb\u6599\u3001\u52a0\u70ed\u3001\u62c9\u4f38\u3001\u6210\u578b\u3001\u51b2\u5b54\u3001\u5207\u5272\u3001\u5806\u579b\u4e00\u6c14\u5475\u6210<\/span><\/span><\/span><\/td>\n<\/tr>\n<tr data-immersive-translate-walked=\"dfc54f47-7ef6-4605-b3c7-c00a03d04226\">\n<td data-immersive-translate-walked=\"dfc54f47-7ef6-4605-b3c7-c00a03d04226\">Control avanzado de la temperatura<\/td>\n<td data-immersive-translate-walked=\"dfc54f47-7ef6-4605-b3c7-c00a03d04226\">El sistema importado de Alemania ahorra hasta 23% de energ\u00eda y garantiza un rendimiento estable<\/td>\n<\/tr>\n<tr data-immersive-translate-walked=\"dfc54f47-7ef6-4605-b3c7-c00a03d04226\">\n<td data-immersive-translate-walked=\"dfc54f47-7ef6-4605-b3c7-c00a03d04226\">Gran versatilidad<\/td>\n<td data-immersive-translate-walked=\"dfc54f47-7ef6-4605-b3c7-c00a03d04226\">Adecuado para l\u00e1minas biodegradables, fotodegradables, PP, PS, PET, PVC, PLA, CPLA, CPET, carbonato c\u00e1lcico, OPS y otras.<\/td>\n<\/tr>\n<tr>\n<td>F\u00e1cil ajuste<\/td>\n<td>Sistema de control de un solo punto para facilitar el ajuste<\/td>\n<\/tr>\n<tr>\n<td>Bajo nivel de ruido y gran estabilidad<\/td>\n<td>Mantiene un rendimiento excelente y estable con un ruido m\u00ednimo durante el funcionamiento a largo plazo<\/td>\n<\/tr>\n<\/tbody>\n<\/table>\n<h3>Par\u00e1metros t\u00e9cnicos<\/h3>\n<table>\n<thead>\n<tr>\n<th>Par\u00e1metro<\/th>\n<th>Valor<\/th>\n<\/tr>\n<\/thead>\n<tbody>\n<tr>\n<td>Modelo<\/td>\n<td>MS800*700 Cuatro estaciones<\/td>\n<\/tr>\n<tr>\n<td>Materiales aplicables<\/td>\n<td>Degradaci\u00f3n del almid\u00f3n, fotodegradaci\u00f3n, PP, PS, PET, PVC, PLA, CPLA, CPET, carbonato c\u00e1lcico, OPS y otras l\u00e1minas.<\/td>\n<\/tr>\n<tr>\n<td>Espesor aplicable (mm)<\/td>\n<td>0.2-1.5<\/td>\n<\/tr>\n<tr>\n<td>Anchura aplicable (mm)<\/td>\n<td>500-820<\/td>\n<\/tr>\n<tr>\n<td>Di\u00e1metro m\u00e1ximo del rollo de hoja (mm)<\/td>\n<td>1200<\/td>\n<\/tr>\n<tr>\n<td>Profundidad de moldeo (mm)<\/td>\n<td>110<\/td>\n<\/tr>\n<tr>\n<td>Anchura de conformado (mm)<\/td>\n<td>500-820<\/td>\n<\/tr>\n<tr>\n<td>Eficacia del trabajo (ciclos\/min)<\/td>\n<td>M\u00e1x. 30<\/td>\n<\/tr>\n<tr>\n<td>Potencia m\u00e1xima del horno de calefacci\u00f3n el\u00e9ctrico (kw)<\/td>\n<td>215<\/td>\n<\/tr>\n<tr>\n<td>Potencia m\u00e1xima de toda la m\u00e1quina (kw)<\/td>\n<td>253<\/td>\n<\/tr>\n<tr>\n<td>Estiramiento del servo (kw)<\/td>\n<td>3<\/td>\n<\/tr>\n<tr>\n<td>Servo alimentaci\u00f3n (kw)<\/td>\n<td>3<\/td>\n<\/tr>\n<tr>\n<td>Servo de conformado del molde superior (kw)<\/td>\n<td>4.5<\/td>\n<\/tr>\n<tr>\n<td>Servo de conformado del molde inferior (kw)<\/td>\n<td>4.5<\/td>\n<\/tr>\n<tr>\n<td>Servo de punzonado del molde superior (kw)<\/td>\n<td>7.5<\/td>\n<\/tr>\n<tr>\n<td>Servo de punzonado del molde inferior (kw)<\/td>\n<td>4.5<\/td>\n<\/tr>\n<tr>\n<td>Servo apilador (kw)<\/td>\n<td>3<\/td>\n<\/tr>\n<tr>\n<td>Consumo de energ\u00eda (kw)<\/td>\n<td>50-70KW\/H<\/td>\n<\/tr>\n<tr>\n<td>Peso de la m\u00e1quina (T)<\/td>\n<td>\u224816.5<\/td>\n<\/tr>\n<tr>\n<td>Tama\u00f1o de la m\u00e1quina (m)<\/td>\n<td>16\u00d72.5\u00d72.8<\/td>\n<\/tr>\n<\/tbody>\n<\/table>","protected":false},"excerpt":{"rendered":"<p>La m\u00e1quina termoformadora MS800*700 de cuatro estaciones totalmente autom\u00e1tica ofrece procesos integrados de alimentaci\u00f3n, calentamiento, estirado, formado, punzonado, corte y apilado con control avanzado de temperatura, gran versatilidad, f\u00e1cil ajuste, bajo nivel de ruido y rendimiento estable a largo plazo.<\/p>","protected":false},"featured_media":352,"template":"","meta":[],"product_brand":[],"product_cat":[36,23],"product_tag":[],"class_list":{"0":"post-2019","1":"product","2":"type-product","3":"status-publish","4":"has-post-thumbnail","6":"product_cat-fully-automatic-four-station-thermoforming-machine","7":"product_cat-machine","9":"first","10":"instock","11":"shipping-taxable","12":"product-type-simple"},"_links":{"self":[{"href":"https:\/\/mesoforming.com\/es\/wp-json\/wp\/v2\/product\/2019","targetHints":{"allow":["GET"]}}],"collection":[{"href":"https:\/\/mesoforming.com\/es\/wp-json\/wp\/v2\/product"}],"about":[{"href":"https:\/\/mesoforming.com\/es\/wp-json\/wp\/v2\/types\/product"}],"version-history":[{"count":0,"href":"https:\/\/mesoforming.com\/es\/wp-json\/wp\/v2\/product\/2019\/revisions"}],"wp:featuredmedia":[{"embeddable":true,"href":"https:\/\/mesoforming.com\/es\/wp-json\/wp\/v2\/media\/352"}],"wp:attachment":[{"href":"https:\/\/mesoforming.com\/es\/wp-json\/wp\/v2\/media?parent=2019"}],"wp:term":[{"taxonomy":"product_brand","embeddable":true,"href":"https:\/\/mesoforming.com\/es\/wp-json\/wp\/v2\/product_brand?post=2019"},{"taxonomy":"product_cat","embeddable":true,"href":"https:\/\/mesoforming.com\/es\/wp-json\/wp\/v2\/product_cat?post=2019"},{"taxonomy":"product_tag","embeddable":true,"href":"https:\/\/mesoforming.com\/es\/wp-json\/wp\/v2\/product_tag?post=2019"}],"curies":[{"name":"wp","href":"https:\/\/api.w.org\/{rel}","templated":true}]}}