{"id":2347,"date":"2024-11-16T08:58:42","date_gmt":"2024-11-16T08:58:42","guid":{"rendered":"https:\/\/mesoforming.com\/?post_type=product&#038;p=2347"},"modified":"2024-11-16T08:58:42","modified_gmt":"2024-11-16T08:58:42","slug":"2347","status":"publish","type":"product","link":"https:\/\/mesoforming.com\/es\/producto\/2347\/","title":{"rendered":"Moldeo de vasos por termoformado"},"content":{"rendered":"<p data-immersive-translate-walked=\"d1207889-47dc-4c96-860f-476502e87264\"><strong data-immersive-translate-walked=\"d1207889-47dc-4c96-860f-476502e87264\" data-immersive-translate-paragraph=\"1\">Productos<\/strong><\/p>\n<p data-immersive-translate-walked=\"d1207889-47dc-4c96-860f-476502e87264\" data-immersive-translate-paragraph=\"1\">Esta imagen muestra un molde de termoformado de vasos de alta precisi\u00f3n, especialmente dise\u00f1ado para m\u00e1quinas de fabricaci\u00f3n de vasos. Este molde permite una producci\u00f3n eficaz y uniforme de vasos de pl\u00e1stico al moldear, formar y cortar materiales con precisi\u00f3n. Construido con tecnolog\u00eda avanzada, este molde para vasos proporciona formas suaves y uniformes, ideales para las industrias de bebidas desechables y envasado.<\/p>\n<p data-immersive-translate-walked=\"d1207889-47dc-4c96-860f-476502e87264\"><strong data-immersive-translate-walked=\"d1207889-47dc-4c96-860f-476502e87264\" data-immersive-translate-paragraph=\"1\">Caracter\u00edsticas principales<\/strong><\/p>\n<table data-immersive-translate-walked=\"d1207889-47dc-4c96-860f-476502e87264\">\n<thead data-immersive-translate-walked=\"d1207889-47dc-4c96-860f-476502e87264\">\n<tr data-immersive-translate-walked=\"d1207889-47dc-4c96-860f-476502e87264\">\n<th data-immersive-translate-walked=\"d1207889-47dc-4c96-860f-476502e87264\" data-immersive-translate-paragraph=\"1\">Art\u00edculo<\/th>\n<th data-immersive-translate-walked=\"d1207889-47dc-4c96-860f-476502e87264\" data-immersive-translate-paragraph=\"1\">Detalles<\/th>\n<\/tr>\n<\/thead>\n<tbody data-immersive-translate-walked=\"d1207889-47dc-4c96-860f-476502e87264\">\n<tr data-immersive-translate-walked=\"d1207889-47dc-4c96-860f-476502e87264\">\n<td data-immersive-translate-walked=\"d1207889-47dc-4c96-860f-476502e87264\"><strong data-immersive-translate-walked=\"d1207889-47dc-4c96-860f-476502e87264\" data-immersive-translate-paragraph=\"1\">Dise\u00f1o de precisi\u00f3n<\/strong><\/td>\n<td data-immersive-translate-walked=\"d1207889-47dc-4c96-860f-476502e87264\" data-immersive-translate-paragraph=\"1\">Dise\u00f1o optimizado de la cavidad del molde para garantizar un grosor uniforme y superficies lisas para vasos de alta calidad.<\/td>\n<\/tr>\n<tr data-immersive-translate-walked=\"d1207889-47dc-4c96-860f-476502e87264\">\n<td data-immersive-translate-walked=\"d1207889-47dc-4c96-860f-476502e87264\"><strong data-immersive-translate-walked=\"d1207889-47dc-4c96-860f-476502e87264\" data-immersive-translate-paragraph=\"1\">Material<\/strong><\/td>\n<td data-immersive-translate-walked=\"d1207889-47dc-4c96-860f-476502e87264\" data-immersive-translate-paragraph=\"1\">Acero o aleaci\u00f3n de aluminio de alta calidad para una excelente durabilidad, resistencia al calor y protecci\u00f3n contra la corrosi\u00f3n.<\/td>\n<\/tr>\n<tr data-immersive-translate-walked=\"d1207889-47dc-4c96-860f-476502e87264\">\n<td data-immersive-translate-walked=\"d1207889-47dc-4c96-860f-476502e87264\"><strong data-immersive-translate-walked=\"d1207889-47dc-4c96-860f-476502e87264\" data-immersive-translate-paragraph=\"1\">Sistema de refrigeraci\u00f3n<\/strong><\/td>\n<td data-immersive-translate-walked=\"d1207889-47dc-4c96-860f-476502e87264\" data-immersive-translate-paragraph=\"1\">Canales de refrigeraci\u00f3n integrados para un control r\u00e1pido de la temperatura, lo que aumenta la velocidad y la eficacia de la producci\u00f3n.<\/td>\n<\/tr>\n<tr data-immersive-translate-walked=\"d1207889-47dc-4c96-860f-476502e87264\">\n<td data-immersive-translate-walked=\"d1207889-47dc-4c96-860f-476502e87264\"><strong data-immersive-translate-walked=\"d1207889-47dc-4c96-860f-476502e87264\" data-immersive-translate-paragraph=\"1\">Tratamiento de superficies<\/strong><\/td>\n<td data-immersive-translate-walked=\"d1207889-47dc-4c96-860f-476502e87264\" data-immersive-translate-paragraph=\"1\">Acabado especial de la superficie para evitar la adherencia y reducir la fricci\u00f3n, garantizando la calidad del producto y su f\u00e1cil expulsi\u00f3n.<\/td>\n<\/tr>\n<tr data-immersive-translate-walked=\"d1207889-47dc-4c96-860f-476502e87264\">\n<td data-immersive-translate-walked=\"d1207889-47dc-4c96-860f-476502e87264\"><strong data-immersive-translate-walked=\"d1207889-47dc-4c96-860f-476502e87264\" data-immersive-translate-paragraph=\"1\">Respeto del medio ambiente<\/strong><\/td>\n<td data-immersive-translate-walked=\"d1207889-47dc-4c96-860f-476502e87264\" data-immersive-translate-paragraph=\"1\">Dise\u00f1ado con procesos respetuosos con el medio ambiente, que cumplen las normas internacionales de fabricaci\u00f3n sostenible.<\/td>\n<\/tr>\n<\/tbody>\n<\/table>\n<p data-immersive-translate-walked=\"d1207889-47dc-4c96-860f-476502e87264\"><strong data-immersive-translate-walked=\"d1207889-47dc-4c96-860f-476502e87264\" data-immersive-translate-paragraph=\"1\">Especificaciones t\u00e9cnicas<\/strong><\/p>\n<table data-immersive-translate-walked=\"d1207889-47dc-4c96-860f-476502e87264\">\n<thead data-immersive-translate-walked=\"d1207889-47dc-4c96-860f-476502e87264\">\n<tr data-immersive-translate-walked=\"d1207889-47dc-4c96-860f-476502e87264\">\n<th data-immersive-translate-walked=\"d1207889-47dc-4c96-860f-476502e87264\" data-immersive-translate-paragraph=\"1\">Art\u00edculo<\/th>\n<th data-immersive-translate-walked=\"d1207889-47dc-4c96-860f-476502e87264\" data-immersive-translate-paragraph=\"1\">Detalles<\/th>\n<\/tr>\n<\/thead>\n<tbody data-immersive-translate-walked=\"d1207889-47dc-4c96-860f-476502e87264\">\n<tr data-immersive-translate-walked=\"d1207889-47dc-4c96-860f-476502e87264\">\n<td data-immersive-translate-walked=\"d1207889-47dc-4c96-860f-476502e87264\"><strong data-immersive-translate-walked=\"d1207889-47dc-4c96-860f-476502e87264\" data-immersive-translate-paragraph=\"1\">Recuento de cavidades<\/strong><\/td>\n<td data-immersive-translate-walked=\"d1207889-47dc-4c96-860f-476502e87264\" data-immersive-translate-paragraph=\"1\">Personalizable, normalmente disponible en configuraciones de 12, 16 o 20 cavidades.<\/td>\n<\/tr>\n<tr data-immersive-translate-walked=\"d1207889-47dc-4c96-860f-476502e87264\">\n<td data-immersive-translate-walked=\"d1207889-47dc-4c96-860f-476502e87264\"><strong data-immersive-translate-walked=\"d1207889-47dc-4c96-860f-476502e87264\" data-immersive-translate-paragraph=\"1\">Tama\u00f1o del molde<\/strong><\/td>\n<td data-immersive-translate-walked=\"d1207889-47dc-4c96-860f-476502e87264\" data-immersive-translate-paragraph=\"1\">Hecho a medida para adaptarse a diferentes m\u00e1quinas de termoformado, con opciones de tama\u00f1o basadas en requisitos espec\u00edficos.<\/td>\n<\/tr>\n<tr data-immersive-translate-walked=\"d1207889-47dc-4c96-860f-476502e87264\">\n<td data-immersive-translate-walked=\"d1207889-47dc-4c96-860f-476502e87264\"><strong data-immersive-translate-walked=\"d1207889-47dc-4c96-860f-476502e87264\" data-immersive-translate-paragraph=\"1\">Tama\u00f1o de la copa<\/strong><\/td>\n<td data-immersive-translate-walked=\"d1207889-47dc-4c96-860f-476502e87264\" data-immersive-translate-paragraph=\"1\">Adecuado para tazas de distintas dimensiones, incluidas las tazas est\u00e1ndar de 8 oz, 12 oz y 16 oz.<\/td>\n<\/tr>\n<tr data-immersive-translate-walked=\"d1207889-47dc-4c96-860f-476502e87264\">\n<td data-immersive-translate-walked=\"d1207889-47dc-4c96-860f-476502e87264\"><strong data-immersive-translate-walked=\"d1207889-47dc-4c96-860f-476502e87264\" data-immersive-translate-paragraph=\"1\">Dureza de la superficie<\/strong><\/td>\n<td data-immersive-translate-walked=\"d1207889-47dc-4c96-860f-476502e87264\" data-immersive-translate-paragraph=\"1\">Alcanza hasta HRC50-55, mejorando la durabilidad y prolongando la vida \u00fatil del molde.<\/td>\n<\/tr>\n<tr data-immersive-translate-walked=\"d1207889-47dc-4c96-860f-476502e87264\">\n<td data-immersive-translate-walked=\"d1207889-47dc-4c96-860f-476502e87264\"><strong data-immersive-translate-walked=\"d1207889-47dc-4c96-860f-476502e87264\" data-immersive-translate-paragraph=\"1\">Tecnolog\u00eda de transformaci\u00f3n<\/strong><\/td>\n<td data-immersive-translate-walked=\"d1207889-47dc-4c96-860f-476502e87264\" data-immersive-translate-paragraph=\"1\">Mecanizado CNC con pulido de precisi\u00f3n para superficies sin juntas y de alta calidad.<\/td>\n<\/tr>\n<tr data-immersive-translate-walked=\"d1207889-47dc-4c96-860f-476502e87264\">\n<td data-immersive-translate-walked=\"d1207889-47dc-4c96-860f-476502e87264\"><strong data-immersive-translate-walked=\"d1207889-47dc-4c96-860f-476502e87264\" data-immersive-translate-paragraph=\"1\">Peso<\/strong><\/td>\n<td data-immersive-translate-walked=\"d1207889-47dc-4c96-860f-476502e87264\" data-immersive-translate-paragraph=\"1\">Optimizado para facilitar la instalaci\u00f3n y el mantenimiento en la m\u00e1quina formadora de vasos.<\/td>\n<\/tr>\n<tr data-immersive-translate-walked=\"d1207889-47dc-4c96-860f-476502e87264\">\n<td data-immersive-translate-walked=\"d1207889-47dc-4c96-860f-476502e87264\"><strong data-immersive-translate-walked=\"d1207889-47dc-4c96-860f-476502e87264\" data-immersive-translate-paragraph=\"1\">Compatibilidad<\/strong><\/td>\n<td data-immersive-translate-walked=\"d1207889-47dc-4c96-860f-476502e87264\" data-immersive-translate-paragraph=\"1\">Compatible con la mayor\u00eda de las modernas m\u00e1quinas termoformadoras y de fabricaci\u00f3n de vasos del mercado.<\/td>\n<\/tr>\n<tr data-immersive-translate-walked=\"d1207889-47dc-4c96-860f-476502e87264\">\n<td data-immersive-translate-walked=\"d1207889-47dc-4c96-860f-476502e87264\"><strong data-immersive-translate-walked=\"d1207889-47dc-4c96-860f-476502e87264\" data-immersive-translate-paragraph=\"1\">Temperatura de funcionamiento<\/strong><\/td>\n<td data-immersive-translate-walked=\"d1207889-47dc-4c96-860f-476502e87264\" data-immersive-translate-paragraph=\"1\">Resistencia a altas temperaturas para mantener la estabilidad y el rendimiento durante el funcionamiento continuo.<\/td>\n<\/tr>\n<\/tbody>\n<\/table>\n<p data-immersive-translate-walked=\"d1207889-47dc-4c96-860f-476502e87264\"><strong data-immersive-translate-walked=\"d1207889-47dc-4c96-860f-476502e87264\" data-immersive-translate-paragraph=\"1\">Aplicaciones<\/strong><\/p>\n<ul data-immersive-translate-walked=\"d1207889-47dc-4c96-860f-476502e87264\">\n<li data-immersive-translate-walked=\"d1207889-47dc-4c96-860f-476502e87264\" data-immersive-translate-paragraph=\"1\">Vasos desechables para bebidas<\/li>\n<li data-immersive-translate-walked=\"d1207889-47dc-4c96-860f-476502e87264\" data-immersive-translate-paragraph=\"1\">Tapas de pl\u00e1stico para bebidas fr\u00edas y calientes<\/li>\n<li data-immersive-translate-walked=\"d1207889-47dc-4c96-860f-476502e87264\" data-immersive-translate-paragraph=\"1\">Vasos para envasado de alimentos<\/li>\n<\/ul>\n<p data-immersive-translate-walked=\"d1207889-47dc-4c96-860f-476502e87264\"><strong data-immersive-translate-walked=\"d1207889-47dc-4c96-860f-476502e87264\" data-immersive-translate-paragraph=\"1\">Instalaci\u00f3n y mantenimiento<\/strong><\/p>\n<table data-immersive-translate-walked=\"d1207889-47dc-4c96-860f-476502e87264\">\n<thead data-immersive-translate-walked=\"d1207889-47dc-4c96-860f-476502e87264\">\n<tr data-immersive-translate-walked=\"d1207889-47dc-4c96-860f-476502e87264\">\n<th data-immersive-translate-walked=\"d1207889-47dc-4c96-860f-476502e87264\" data-immersive-translate-paragraph=\"1\">Art\u00edculo<\/th>\n<th data-immersive-translate-walked=\"d1207889-47dc-4c96-860f-476502e87264\" data-immersive-translate-paragraph=\"1\">Detalles<\/th>\n<\/tr>\n<\/thead>\n<tbody data-immersive-translate-walked=\"d1207889-47dc-4c96-860f-476502e87264\">\n<tr data-immersive-translate-walked=\"d1207889-47dc-4c96-860f-476502e87264\">\n<td data-immersive-translate-walked=\"d1207889-47dc-4c96-860f-476502e87264\"><strong data-immersive-translate-walked=\"d1207889-47dc-4c96-860f-476502e87264\" data-immersive-translate-paragraph=\"1\">Instalaci\u00f3n<\/strong><\/td>\n<td data-immersive-translate-walked=\"d1207889-47dc-4c96-860f-476502e87264\" data-immersive-translate-paragraph=\"1\">Deben ser instalados por t\u00e9cnicos cualificados para garantizar una alineaci\u00f3n y funcionalidad precisas.<\/td>\n<\/tr>\n<tr data-immersive-translate-walked=\"d1207889-47dc-4c96-860f-476502e87264\">\n<td data-immersive-translate-walked=\"d1207889-47dc-4c96-860f-476502e87264\"><strong data-immersive-translate-walked=\"d1207889-47dc-4c96-860f-476502e87264\" data-immersive-translate-paragraph=\"1\">Mantenimiento<\/strong><\/td>\n<td data-immersive-translate-walked=\"d1207889-47dc-4c96-860f-476502e87264\" data-immersive-translate-paragraph=\"1\">Limpieza y lubricaci\u00f3n peri\u00f3dicas de las piezas m\u00f3viles para evitar el desgaste y mantener la eficacia.<\/td>\n<\/tr>\n<tr data-immersive-translate-walked=\"d1207889-47dc-4c96-860f-476502e87264\">\n<td data-immersive-translate-walked=\"d1207889-47dc-4c96-860f-476502e87264\"><strong data-immersive-translate-walked=\"d1207889-47dc-4c96-860f-476502e87264\" data-immersive-translate-paragraph=\"1\">Sistema de refrigeraci\u00f3n<\/strong><\/td>\n<td data-immersive-translate-walked=\"d1207889-47dc-4c96-860f-476502e87264\" data-immersive-translate-paragraph=\"1\">Compruebe que los canales de refrigeraci\u00f3n no est\u00e9n obstruidos para garantizar un control constante de la temperatura y una producci\u00f3n de alta calidad.<\/td>\n<\/tr>\n<\/tbody>\n<\/table>\n<p data-immersive-translate-walked=\"d1207889-47dc-4c96-860f-476502e87264\"><strong data-immersive-translate-walked=\"d1207889-47dc-4c96-860f-476502e87264\" data-immersive-translate-paragraph=\"1\">Asistencia y servicios al cliente<\/strong><\/p>\n<p data-immersive-translate-walked=\"d1207889-47dc-4c96-860f-476502e87264\" data-immersive-translate-paragraph=\"1\">Ofrecemos asistencia completa para nuestra herramienta de moldeo de vasos por termoformado, incluidas opciones de personalizaci\u00f3n, orientaci\u00f3n para la instalaci\u00f3n, formaci\u00f3n operativa y mantenimiento posventa. Nuestro equipo de expertos se compromete a ayudar a los clientes con cualquier consulta y a garantizar un rendimiento \u00f3ptimo para cada aplicaci\u00f3n.<\/p>\n<p data-immersive-translate-walked=\"d1207889-47dc-4c96-860f-476502e87264\"><strong data-immersive-translate-walked=\"d1207889-47dc-4c96-860f-476502e87264\" data-immersive-translate-paragraph=\"1\">P\u00f3ngase en contacto con nosotros<\/strong><\/p>\n<p data-immersive-translate-walked=\"d1207889-47dc-4c96-860f-476502e87264\" data-immersive-translate-paragraph=\"1\">Para m\u00e1s detalles sobre esta herramienta de moldeo de vasos o para solicitar un presupuesto:<\/p>\n<ul data-immersive-translate-walked=\"d1207889-47dc-4c96-860f-476502e87264\">\n<li data-immersive-translate-walked=\"d1207889-47dc-4c96-860f-476502e87264\" data-immersive-translate-paragraph=\"1\"><strong data-immersive-translate-walked=\"d1207889-47dc-4c96-860f-476502e87264\">Tel\u00e9fono<\/strong>: +86-15989023253<\/li>\n<li data-immersive-translate-walked=\"d1207889-47dc-4c96-860f-476502e87264\" data-immersive-translate-paragraph=\"1\"><strong data-immersive-translate-walked=\"d1207889-47dc-4c96-860f-476502e87264\">Correo electr\u00f3nico<\/strong>:<a href=\"mailto:jenny@mesoforming.com\"><u>jenny@mesoforming.com<\/u><\/a><\/li>\n<li data-immersive-translate-walked=\"d1207889-47dc-4c96-860f-476502e87264\" data-immersive-translate-paragraph=\"1\"><strong data-immersive-translate-walked=\"d1207889-47dc-4c96-860f-476502e87264\">P\u00e1gina web<\/strong>:https:\/\/mesoforming.com\/<\/li>\n<\/ul>\n<p data-immersive-translate-walked=\"d1207889-47dc-4c96-860f-476502e87264\" data-immersive-translate-paragraph=\"1\">Esta herramienta de moldeo de vasos ofrece una gran precisi\u00f3n y eficacia, lo que la convierte en la opci\u00f3n preferida de los fabricantes de la industria de vasos y envases desechables.<\/p>","protected":false},"excerpt":{"rendered":"<p>Herramienta de moldeado de vasos de termoformado de alta precisi\u00f3n dise\u00f1ada para una producci\u00f3n eficaz y uniforme de vasos desechables. Fabricada con materiales duraderos, sistemas de refrigeraci\u00f3n avanzados y opciones de cavidad personalizables, garantiza una calidad uniforme, un funcionamiento a alta velocidad y compatibilidad con la mayor\u00eda de las m\u00e1quinas de fabricaci\u00f3n de vasos. Ideal para las industrias de envasado de bebidas y alimentos.<\/p>","protected":false},"featured_media":2344,"template":"","meta":[],"product_brand":[],"product_cat":[63,41],"product_tag":[64],"class_list":{"0":"post-2347","1":"product","2":"type-product","3":"status-publish","4":"has-post-thumbnail","6":"product_cat-cup-mould","7":"product_cat-mould","8":"product_tag-cup-mold","10":"first","11":"instock","12":"shipping-taxable","13":"product-type-simple"},"_links":{"self":[{"href":"https:\/\/mesoforming.com\/es\/wp-json\/wp\/v2\/product\/2347","targetHints":{"allow":["GET"]}}],"collection":[{"href":"https:\/\/mesoforming.com\/es\/wp-json\/wp\/v2\/product"}],"about":[{"href":"https:\/\/mesoforming.com\/es\/wp-json\/wp\/v2\/types\/product"}],"version-history":[{"count":0,"href":"https:\/\/mesoforming.com\/es\/wp-json\/wp\/v2\/product\/2347\/revisions"}],"wp:featuredmedia":[{"embeddable":true,"href":"https:\/\/mesoforming.com\/es\/wp-json\/wp\/v2\/media\/2344"}],"wp:attachment":[{"href":"https:\/\/mesoforming.com\/es\/wp-json\/wp\/v2\/media?parent=2347"}],"wp:term":[{"taxonomy":"product_brand","embeddable":true,"href":"https:\/\/mesoforming.com\/es\/wp-json\/wp\/v2\/product_brand?post=2347"},{"taxonomy":"product_cat","embeddable":true,"href":"https:\/\/mesoforming.com\/es\/wp-json\/wp\/v2\/product_cat?post=2347"},{"taxonomy":"product_tag","embeddable":true,"href":"https:\/\/mesoforming.com\/es\/wp-json\/wp\/v2\/product_tag?post=2347"}],"curies":[{"name":"wp","href":"https:\/\/api.w.org\/{rel}","templated":true}]}}