{"id":1494,"date":"2024-07-03T14:11:00","date_gmt":"2024-07-03T14:11:00","guid":{"rendered":"https:\/\/mesoforming.com\/?post_type=product&#038;p=1494"},"modified":"2024-07-29T08:07:12","modified_gmt":"2024-07-29T08:07:12","slug":"triturador-online-de-folhas-de-residuos-modelo-850","status":"publish","type":"product","link":"https:\/\/mesoforming.com\/pt\/produto\/triturador-online-de-folhas-de-residuos-modelo-850\/","title":{"rendered":"TRITURADOR ONLINE DE FOLHAS DE RES\u00cdDUOS MODELO 850"},"content":{"rendered":"<h3>Descri\u00e7\u00e3o do produto<\/h3>\n<p>A m\u00e1quina Modelo 850 foi concebida para a tritura\u00e7\u00e3o eficiente em linha de folhas de res\u00edduos em sincroniza\u00e7\u00e3o com m\u00e1quinas de fabrico de copos. Este equipamento de alta efici\u00eancia apresenta um desempenho est\u00e1vel, baixo ru\u00eddo e funcionamento sem p\u00f3, reduzindo significativamente os requisitos de m\u00e3o de obra.<\/p>\n<h3>Caracter\u00edsticas do produto<\/h3>\n<ol>\n<li><strong>Alta efici\u00eancia<\/strong>: A tritura\u00e7\u00e3o em linha sincronizada com as m\u00e1quinas de fabrico de ch\u00e1venas garante um funcionamento cont\u00ednuo.<\/li>\n<li><strong>Desempenho est\u00e1vel<\/strong>: Desempenho fi\u00e1vel e constante durante a produ\u00e7\u00e3o.<\/li>\n<li><strong>Poupan\u00e7a de m\u00e3o de obra<\/strong>: Os processos automatizados reduzem a necessidade de m\u00e3o de obra manual.<\/li>\n<li><strong>Baixo ru\u00eddo<\/strong>: Trabalha com o m\u00ednimo de ru\u00eddo, melhorando o ambiente de trabalho.<\/li>\n<li><strong>Sem p\u00f3<\/strong>: O funcionamento sem poeiras mant\u00e9m o espa\u00e7o de trabalho limpo e seguro.<\/li>\n<\/ol>\n<h3>Tabela de par\u00e2metros t\u00e9cnicos<\/h3>\n<table style=\"height: 255px;\" width=\"545\">\n<thead>\n<tr>\n<th>Par\u00e2metro<\/th>\n<th>Detalhes<\/th>\n<\/tr>\n<\/thead>\n<tbody>\n<tr>\n<td>Modelo<\/td>\n<td>850<\/td>\n<\/tr>\n<tr>\n<td>Mat\u00e9ria-prima aplic\u00e1vel<\/td>\n<td>PS, PP, PE, PVC, PET, ABS<\/td>\n<\/tr>\n<tr>\n<td>Espessura da folha (mm)<\/td>\n<td>0.2-2.0<\/td>\n<\/tr>\n<tr>\n<td>Largura da folha (mm)<\/td>\n<td>\u2264800<\/td>\n<\/tr>\n<tr>\n<td>Pot\u00eancia total (kw)<\/td>\n<td>16.5<\/td>\n<\/tr>\n<tr>\n<td>Produ\u00e7\u00e3o (kg)<\/td>\n<td>400-500<\/td>\n<\/tr>\n<tr>\n<td>Pot\u00eancia do motor principal (kw)<\/td>\n<td>11<\/td>\n<\/tr>\n<tr>\n<td>Pot\u00eancia do ventilador de tiragem (kw)<\/td>\n<td>4<\/td>\n<\/tr>\n<\/tbody>\n<\/table>","protected":false},"excerpt":{"rendered":"<p>A m\u00e1quina Modelo 850 tritura eficazmente as folhas de res\u00edduos em sincroniza\u00e7\u00e3o com as m\u00e1quinas de fabrico de ch\u00e1venas. Oferece um desempenho est\u00e1vel, baixo ru\u00eddo e funcionamento sem p\u00f3, poupando trabalho e aumentando a efici\u00eancia da produ\u00e7\u00e3o.<\/p>","protected":false},"featured_media":351,"template":"","meta":[],"product_brand":[],"product_cat":[40,38],"product_tag":[],"class_list":{"0":"post-1494","1":"product","2":"type-product","3":"status-publish","4":"has-post-thumbnail","6":"product_cat-crusher","7":"product_cat-auxiliary-machine","9":"first","10":"instock","11":"shipping-taxable","12":"product-type-simple"},"_links":{"self":[{"href":"https:\/\/mesoforming.com\/pt\/wp-json\/wp\/v2\/product\/1494","targetHints":{"allow":["GET"]}}],"collection":[{"href":"https:\/\/mesoforming.com\/pt\/wp-json\/wp\/v2\/product"}],"about":[{"href":"https:\/\/mesoforming.com\/pt\/wp-json\/wp\/v2\/types\/product"}],"version-history":[{"count":0,"href":"https:\/\/mesoforming.com\/pt\/wp-json\/wp\/v2\/product\/1494\/revisions"}],"wp:featuredmedia":[{"embeddable":true,"href":"https:\/\/mesoforming.com\/pt\/wp-json\/wp\/v2\/media\/351"}],"wp:attachment":[{"href":"https:\/\/mesoforming.com\/pt\/wp-json\/wp\/v2\/media?parent=1494"}],"wp:term":[{"taxonomy":"product_brand","embeddable":true,"href":"https:\/\/mesoforming.com\/pt\/wp-json\/wp\/v2\/product_brand?post=1494"},{"taxonomy":"product_cat","embeddable":true,"href":"https:\/\/mesoforming.com\/pt\/wp-json\/wp\/v2\/product_cat?post=1494"},{"taxonomy":"product_tag","embeddable":true,"href":"https:\/\/mesoforming.com\/pt\/wp-json\/wp\/v2\/product_tag?post=1494"}],"curies":[{"name":"wp","href":"https:\/\/api.w.org\/{rel}","templated":true}]}}