{"id":1744,"date":"2024-07-05T08:58:01","date_gmt":"2024-07-05T08:58:01","guid":{"rendered":"https:\/\/mesoforming.com\/?post_type=product&#038;p=1744"},"modified":"2024-10-24T08:07:30","modified_gmt":"2024-10-24T08:07:30","slug":"maquina-de-termoformagem-de-tres-estacoes-de-alta-eficiencia-ms720600-totalmente-automatica","status":"publish","type":"product","link":"https:\/\/mesoforming.com\/pt\/produto\/maquina-de-termoformagem-de-tres-estacoes-de-alta-eficiencia-ms720600-totalmente-automatica\/","title":{"rendered":"MS720*600 M\u00e1quina de Termoformagem de Tr\u00eas Esta\u00e7\u00f5es Totalmente Autom\u00e1tica"},"content":{"rendered":"<h3>Descri\u00e7\u00e3o do produto<\/h3>\n<p>A m\u00e1quina de termoformagem MS720*600 totalmente autom\u00e1tica de tr\u00eas esta\u00e7\u00f5es \u00e9 projetada para a produ\u00e7\u00e3o eficiente de v\u00e1rios produtos de pl\u00e1stico, incluindo tampas de copos, lancheiras, caixas de molho, pratos de molho, pratos, caixas dobr\u00e1veis de frutas, caixas dobr\u00e1veis de bolo e bandejas. Esta m\u00e1quina avan\u00e7ada integra alimenta\u00e7\u00e3o, aquecimento, alongamento, forma\u00e7\u00e3o, corte e empilhamento numa \u00fanica opera\u00e7\u00e3o perfeita. Com inova\u00e7\u00e3o e melhoria cont\u00ednuas, o sistema de controlo de temperatura de \u00faltima gera\u00e7\u00e3o garante a estabilidade do produto, facilidade de ajuste e grande versatilidade.<\/p>\n<h3>Caracter\u00edsticas do produto<\/h3>\n<ol>\n<li><strong>Opera\u00e7\u00f5es integradas<\/strong>: Combina a alimenta\u00e7\u00e3o, o aquecimento, o estiramento, a forma\u00e7\u00e3o, o corte e o empilhamento num \u00fanico processo.<\/li>\n<li><strong>Controlo avan\u00e7ado da temperatura<\/strong>: O sistema de \u00faltima gera\u00e7\u00e3o garante uma qualidade est\u00e1vel do produto e um ajuste f\u00e1cil do equipamento.<\/li>\n<li><strong>Aplica\u00e7\u00f5es vers\u00e1teis<\/strong>: Adequado para v\u00e1rios materiais e uma vasta gama de produtos.<\/li>\n<li><strong>Alta efici\u00eancia<\/strong>: Concebida para uma produ\u00e7\u00e3o cont\u00ednua e de alta velocidade.<\/li>\n<li><strong>F\u00e1cil de utilizar<\/strong>: F\u00e1cil de operar e ajustar, reduzindo o tempo de inatividade e aumentando a produtividade.<\/li>\n<\/ol>\n<h3>Tabela de par\u00e2metros t\u00e9cnicos<\/h3>\n<table>\n<thead>\n<tr>\n<th>Par\u00e2metro<\/th>\n<th>Detalhes<\/th>\n<\/tr>\n<\/thead>\n<tbody>\n<tr>\n<td>Modelo<\/td>\n<td>MS7260 Tr\u00eas esta\u00e7\u00f5es<\/td>\n<\/tr>\n<tr>\n<td>Materiais aplic\u00e1veis<\/td>\n<td>Degrada\u00e7\u00e3o do amido, fotodegrada\u00e7\u00e3o, PP, PS, PET, PVC, PLA, CPLA, CPET, carbonato de c\u00e1lcio, OPS e outras folhas<\/td>\n<\/tr>\n<tr>\n<td>Espessura aplic\u00e1vel (mm)<\/td>\n<td>0.2-1.5<\/td>\n<\/tr>\n<tr>\n<td>Largura aplic\u00e1vel (mm)<\/td>\n<td>350-760<\/td>\n<\/tr>\n<tr>\n<td>Di\u00e2metro m\u00e1ximo do rolo de folhas (mm)<\/td>\n<td>1200<\/td>\n<\/tr>\n<tr>\n<td>Profundidade de conforma\u00e7\u00e3o (mm)<\/td>\n<td>120<\/td>\n<\/tr>\n<tr>\n<td>Largura de conforma\u00e7\u00e3o (mm)<\/td>\n<td>350-720<\/td>\n<\/tr>\n<tr>\n<td>Efici\u00eancia de trabalho (ciclos\/min)<\/td>\n<td>M\u00e1x. 30<\/td>\n<\/tr>\n<tr>\n<td>Pot\u00eancia m\u00e1xima do forno el\u00e9trico de aquecimento (kw)<\/td>\n<td>152<\/td>\n<\/tr>\n<tr>\n<td>Pot\u00eancia m\u00e1xima de toda a m\u00e1quina (kw)<\/td>\n<td>188<\/td>\n<\/tr>\n<tr>\n<td>Estiramento do servo (kw)<\/td>\n<td>3<\/td>\n<\/tr>\n<tr>\n<td>Servoalimenta\u00e7\u00e3o (kw)<\/td>\n<td>3<\/td>\n<\/tr>\n<tr>\n<td>Servo da matriz de forma\u00e7\u00e3o (kw)<\/td>\n<td>Molde superior: 4,5 \/ Molde inferior: 4,5<\/td>\n<\/tr>\n<tr>\n<td>Servo da matriz de perfura\u00e7\u00e3o (kw)<\/td>\n<td>Matriz superior: 7,5 \/ Matriz inferior: 4,5<\/td>\n<\/tr>\n<tr>\n<td>Servo de perfura\u00e7\u00e3o (kw)<\/td>\n<td>3<\/td>\n<\/tr>\n<tr>\n<td>Servo de empilhamento (kw)<\/td>\n<td>3<\/td>\n<\/tr>\n<tr>\n<td>Consumo de energia (kw\/h)<\/td>\n<td>50-70<\/td>\n<\/tr>\n<tr>\n<td>Peso da m\u00e1quina (T)<\/td>\n<td>\u224812.5<\/td>\n<\/tr>\n<tr>\n<td>Tamanho da m\u00e1quina (m)<\/td>\n<td>13.5\u00d72.3\u00d72.8<\/td>\n<\/tr>\n<\/tbody>\n<\/table>\n<p>&nbsp;<\/p>","protected":false},"excerpt":{"rendered":"<p>A m\u00e1quina de termoformagem MS720*600 totalmente autom\u00e1tica de tr\u00eas esta\u00e7\u00f5es oferece uma produ\u00e7\u00e3o de alta efici\u00eancia com alimenta\u00e7\u00e3o integrada, aquecimento, estiramento, forma\u00e7\u00e3o, corte e empilhamento. Com um controlo de temperatura avan\u00e7ado, \u00e9 adequada para uma vasta gama de materiais e produtos.<\/p>","protected":false},"featured_media":352,"template":"","meta":[],"product_brand":[],"product_cat":[35,23],"product_tag":[],"class_list":{"0":"post-1744","1":"product","2":"type-product","3":"status-publish","4":"has-post-thumbnail","6":"product_cat-fully-automatic-three-station-thermoforming-machine","7":"product_cat-machine","9":"first","10":"instock","11":"featured","12":"shipping-taxable","13":"product-type-simple"},"_links":{"self":[{"href":"https:\/\/mesoforming.com\/pt\/wp-json\/wp\/v2\/product\/1744","targetHints":{"allow":["GET"]}}],"collection":[{"href":"https:\/\/mesoforming.com\/pt\/wp-json\/wp\/v2\/product"}],"about":[{"href":"https:\/\/mesoforming.com\/pt\/wp-json\/wp\/v2\/types\/product"}],"version-history":[{"count":0,"href":"https:\/\/mesoforming.com\/pt\/wp-json\/wp\/v2\/product\/1744\/revisions"}],"wp:featuredmedia":[{"embeddable":true,"href":"https:\/\/mesoforming.com\/pt\/wp-json\/wp\/v2\/media\/352"}],"wp:attachment":[{"href":"https:\/\/mesoforming.com\/pt\/wp-json\/wp\/v2\/media?parent=1744"}],"wp:term":[{"taxonomy":"product_brand","embeddable":true,"href":"https:\/\/mesoforming.com\/pt\/wp-json\/wp\/v2\/product_brand?post=1744"},{"taxonomy":"product_cat","embeddable":true,"href":"https:\/\/mesoforming.com\/pt\/wp-json\/wp\/v2\/product_cat?post=1744"},{"taxonomy":"product_tag","embeddable":true,"href":"https:\/\/mesoforming.com\/pt\/wp-json\/wp\/v2\/product_tag?post=1744"}],"curies":[{"name":"wp","href":"https:\/\/api.w.org\/{rel}","templated":true}]}}