{"id":1745,"date":"2024-07-05T09:03:16","date_gmt":"2024-07-05T09:03:16","guid":{"rendered":"https:\/\/mesoforming.com\/?post_type=product&#038;p=1745"},"modified":"2024-10-22T09:58:49","modified_gmt":"2024-10-22T09:58:49","slug":"ms720600-maquina-de-termoformagem-de-quatro-estacoes-totalmente-automatica","status":"publish","type":"product","link":"https:\/\/mesoforming.com\/pt\/produto\/ms720600-maquina-de-termoformagem-de-quatro-estacoes-totalmente-automatica\/","title":{"rendered":"MS720*600 M\u00e1quina de Termoformagem de Quatro Esta\u00e7\u00f5es Totalmente Autom\u00e1tica"},"content":{"rendered":"<h3>Descri\u00e7\u00e3o do produto<\/h3>\n<p>A M\u00e1quina de Termoformagem de Quatro Esta\u00e7\u00f5es MS720*600 totalmente autom\u00e1tica foi concebida para lidar com alimenta\u00e7\u00e3o, aquecimento, estiramento, forma\u00e7\u00e3o, perfura\u00e7\u00e3o, corte e empilhamento num processo cont\u00ednuo. Com inova\u00e7\u00e3o e melhoria cont\u00ednuas, integr\u00e1mos o mais recente equipamento alem\u00e3o de controlo de temperatura, conseguindo uma poupan\u00e7a de energia de aproximadamente 23%. O controlo de ponto \u00fanico garante uma produ\u00e7\u00e3o mais est\u00e1vel, um ajuste mais f\u00e1cil e uma grande versatilidade. Mesmo com um funcionamento a longo prazo, a m\u00e1quina mant\u00e9m um desempenho excelente e est\u00e1vel, melhorando a qualidade de fabrico e reduzindo eficazmente o ru\u00eddo. Este sistema tem mostrado resultados not\u00e1veis e vis\u00edveis na pr\u00e1tica: aumentando significativamente a efici\u00eancia da produ\u00e7\u00e3o e reduzindo efetivamente os custos de produ\u00e7\u00e3o.<\/p>\n<h3>Caracter\u00edsticas do produto<\/h3>\n<ul>\n<li><strong>Processo eficiente e integrado:<\/strong> A alimenta\u00e7\u00e3o, o aquecimento, o estiramento, a moldagem, a perfura\u00e7\u00e3o, o corte e o empilhamento s\u00e3o efectuados de uma s\u00f3 vez.<\/li>\n<li><strong>Sistema avan\u00e7ado de controlo da temperatura:<\/strong> Importado da Alemanha, poupa at\u00e9 23% de energia e proporciona uma produ\u00e7\u00e3o est\u00e1vel.<\/li>\n<li><strong>Elevada versatilidade:<\/strong> Adequado para uma vasta gama de materiais, incluindo pl\u00e1sticos biodegrad\u00e1veis e fotodegrad\u00e1veis.<\/li>\n<li><strong>Ajuste f\u00e1cil:<\/strong> O sistema de controlo de ponto \u00fanico facilita o ajuste das defini\u00e7\u00f5es para v\u00e1rias necessidades de produ\u00e7\u00e3o.<\/li>\n<li><strong>Baixo ru\u00eddo e elevada estabilidade:<\/strong> Concebida para um funcionamento a longo prazo com um ru\u00eddo m\u00ednimo e um desempenho est\u00e1vel.<\/li>\n<\/ul>\n<h3>Caracter\u00edsticas do produto em formato de tabela<\/h3>\n<table>\n<thead>\n<tr>\n<th>Caracter\u00edstica<\/th>\n<th>Descri\u00e7\u00e3o<\/th>\n<\/tr>\n<\/thead>\n<tbody>\n<tr>\n<td>Processo eficiente e integrado<\/td>\n<td>Alimenta\u00e7\u00e3o, aquecimento, estiramento, moldagem, perfura\u00e7\u00e3o, corte e empilhamento de uma s\u00f3 vez<\/td>\n<\/tr>\n<tr>\n<td>Controlo avan\u00e7ado da temperatura<\/td>\n<td>O sistema importado da Alemanha poupa at\u00e9 23% de energia e garante uma produ\u00e7\u00e3o est\u00e1vel<\/td>\n<\/tr>\n<tr>\n<td>Elevada versatilidade<\/td>\n<td>Adequado para folhas biodegrad\u00e1veis, fotodegrad\u00e1veis, PP, PS, PET, PVC, PLA, CPLA, CPET, carbonato de c\u00e1lcio, OPS e outras<\/td>\n<\/tr>\n<tr>\n<td>Ajuste f\u00e1cil<\/td>\n<td>Sistema de controlo de ponto \u00fanico para um ajuste f\u00e1cil<\/td>\n<\/tr>\n<tr>\n<td>Baixo ru\u00eddo e alta estabilidade<\/td>\n<td>Mant\u00e9m um desempenho excelente e est\u00e1vel com o m\u00ednimo de ru\u00eddo durante o funcionamento a longo prazo<\/td>\n<\/tr>\n<\/tbody>\n<\/table>\n<h3>Par\u00e2metros t\u00e9cnicos<\/h3>\n<table>\n<thead>\n<tr>\n<th>Par\u00e2metro<\/th>\n<th>Valor<\/th>\n<\/tr>\n<\/thead>\n<tbody>\n<tr>\n<td>Modelo<\/td>\n<td>MS720*600 Quatro esta\u00e7\u00f5es<\/td>\n<\/tr>\n<tr>\n<td>Materiais aplic\u00e1veis<\/td>\n<td>Degrada\u00e7\u00e3o do amido, fotodegrada\u00e7\u00e3o, PP, PS, PET, PVC, PLA, CPLA, CPET, carbonato de c\u00e1lcio, OPS e outras folhas<\/td>\n<\/tr>\n<tr>\n<td>Espessura aplic\u00e1vel (mm)<\/td>\n<td>0.2-1.5<\/td>\n<\/tr>\n<tr>\n<td>Largura aplic\u00e1vel (mm)<\/td>\n<td>350-760<\/td>\n<\/tr>\n<tr>\n<td>Di\u00e2metro m\u00e1ximo do rolo de folha (mm)<\/td>\n<td>1200<\/td>\n<\/tr>\n<tr>\n<td>Profundidade de conforma\u00e7\u00e3o (mm)<\/td>\n<td>120<\/td>\n<\/tr>\n<tr>\n<td>Largura de conforma\u00e7\u00e3o (mm)<\/td>\n<td>350-720<\/td>\n<\/tr>\n<tr>\n<td>Efici\u00eancia de trabalho (ciclos\/min)<\/td>\n<td>M\u00e1x. 30<\/td>\n<\/tr>\n<tr>\n<td>Pot\u00eancia m\u00e1xima do forno de aquecimento el\u00e9trico (kw)<\/td>\n<td>187<\/td>\n<\/tr>\n<tr>\n<td>Pot\u00eancia m\u00e1xima de toda a m\u00e1quina (kw)<\/td>\n<td>220<\/td>\n<\/tr>\n<tr>\n<td>Estiramento do servo (kw)<\/td>\n<td>3<\/td>\n<\/tr>\n<tr>\n<td>Alimenta\u00e7\u00e3o do servo (kw)<\/td>\n<td>3<\/td>\n<\/tr>\n<tr>\n<td>Servo de forma\u00e7\u00e3o do molde superior (kw)<\/td>\n<td>4.5<\/td>\n<\/tr>\n<tr>\n<td>Servo de forma\u00e7\u00e3o do molde inferior (kw)<\/td>\n<td>4.5<\/td>\n<\/tr>\n<tr>\n<td>Servo de perfura\u00e7\u00e3o do molde superior (kw)<\/td>\n<td>7.5<\/td>\n<\/tr>\n<tr>\n<td>Servo de perfura\u00e7\u00e3o do molde inferior (kw)<\/td>\n<td>4.5<\/td>\n<\/tr>\n<tr>\n<td>Servo de perfura\u00e7\u00e3o do molde superior (kw)<\/td>\n<td>4.5<\/td>\n<\/tr>\n<tr>\n<td>Servo de perfura\u00e7\u00e3o do molde inferior (kw)<\/td>\n<td>5.5<\/td>\n<\/tr>\n<tr>\n<td>Servo de empilhamento (kw)<\/td>\n<td>3<\/td>\n<\/tr>\n<tr>\n<td>Consumo de energia (kw)<\/td>\n<td>50-70KW\/H<\/td>\n<\/tr>\n<tr>\n<td>Peso da m\u00e1quina (T)<\/td>\n<td>\u224816<\/td>\n<\/tr>\n<tr>\n<td>Tamanho da m\u00e1quina (m)<\/td>\n<td>13.6\u00d72.3\u00d72.8<\/td>\n<\/tr>\n<\/tbody>\n<\/table>\n<p>&nbsp;<\/p>","protected":false},"excerpt":{"rendered":"<p>A M\u00e1quina de Termoformagem de Quatro Esta\u00e7\u00f5es MS720*600 totalmente autom\u00e1tica oferece processos integrados de alimenta\u00e7\u00e3o, aquecimento, alongamento, forma\u00e7\u00e3o, perfura\u00e7\u00e3o, corte e empilhamento com controlo de temperatura avan\u00e7ado, elevada versatilidade, ajuste f\u00e1cil, baixo ru\u00eddo e desempenho est\u00e1vel a longo prazo.<\/p>","protected":false},"featured_media":352,"template":"","meta":[],"product_brand":[],"product_cat":[36,23],"product_tag":[],"class_list":{"0":"post-1745","1":"product","2":"type-product","3":"status-publish","4":"has-post-thumbnail","6":"product_cat-fully-automatic-four-station-thermoforming-machine","7":"product_cat-machine","9":"first","10":"instock","11":"featured","12":"shipping-taxable","13":"product-type-simple"},"_links":{"self":[{"href":"https:\/\/mesoforming.com\/pt\/wp-json\/wp\/v2\/product\/1745","targetHints":{"allow":["GET"]}}],"collection":[{"href":"https:\/\/mesoforming.com\/pt\/wp-json\/wp\/v2\/product"}],"about":[{"href":"https:\/\/mesoforming.com\/pt\/wp-json\/wp\/v2\/types\/product"}],"version-history":[{"count":0,"href":"https:\/\/mesoforming.com\/pt\/wp-json\/wp\/v2\/product\/1745\/revisions"}],"wp:featuredmedia":[{"embeddable":true,"href":"https:\/\/mesoforming.com\/pt\/wp-json\/wp\/v2\/media\/352"}],"wp:attachment":[{"href":"https:\/\/mesoforming.com\/pt\/wp-json\/wp\/v2\/media?parent=1745"}],"wp:term":[{"taxonomy":"product_brand","embeddable":true,"href":"https:\/\/mesoforming.com\/pt\/wp-json\/wp\/v2\/product_brand?post=1745"},{"taxonomy":"product_cat","embeddable":true,"href":"https:\/\/mesoforming.com\/pt\/wp-json\/wp\/v2\/product_cat?post=1745"},{"taxonomy":"product_tag","embeddable":true,"href":"https:\/\/mesoforming.com\/pt\/wp-json\/wp\/v2\/product_tag?post=1745"}],"curies":[{"name":"wp","href":"https:\/\/api.w.org\/{rel}","templated":true}]}}