{"id":1753,"date":"2024-07-05T09:23:21","date_gmt":"2024-07-05T09:23:21","guid":{"rendered":"https:\/\/mesoforming.com\/?post_type=product&#038;p=1753"},"modified":"2024-07-30T02:29:12","modified_gmt":"2024-07-30T02:29:12","slug":"1753","status":"publish","type":"product","link":"https:\/\/mesoforming.com\/pt\/produto\/1753\/","title":{"rendered":"MS800*700 m\u00e1quina de termoformagem de tr\u00eas esta\u00e7\u00f5es totalmente autom\u00e1tica"},"content":{"rendered":"<p><strong>Descri\u00e7\u00e3o do produto<\/strong><\/p>\n<p>A m\u00e1quina de termoformagem de tr\u00eas esta\u00e7\u00f5es MS800*700 totalmente autom\u00e1tica foi concebida para produzir uma variedade de produtos, tais como tampas de copos, caixas de refei\u00e7\u00e3o, recipientes de molho, pratos de molho, pratos, caixas dobr\u00e1veis de fruta, caixas dobr\u00e1veis para bolos e tabuleiros. Integra alimenta\u00e7\u00e3o, aquecimento, estiramento, perfura\u00e7\u00e3o, forma\u00e7\u00e3o, corte e empilhamento num \u00fanico processo automatizado.<\/p>\n<p><strong>Caracter\u00edsticas do produto<\/strong><\/p>\n<table>\n<thead>\n<tr>\n<th>Caracter\u00edstica<\/th>\n<th>Descri\u00e7\u00e3o<\/th>\n<\/tr>\n<\/thead>\n<tbody>\n<tr>\n<td><strong>Automatiza\u00e7\u00e3o<\/strong><\/td>\n<td>Funcionamento totalmente autom\u00e1tico desde a alimenta\u00e7\u00e3o at\u00e9 ao empilhamento, assegurando uma elevada efici\u00eancia e baixos requisitos de m\u00e3o de obra.<\/td>\n<\/tr>\n<tr>\n<td><strong>Sistema de aquecimento<\/strong><\/td>\n<td>Utiliza um avan\u00e7ado controlo de temperatura importado da Alemanha para efici\u00eancia energ\u00e9tica (aproximadamente 23% de poupan\u00e7a), resposta r\u00e1pida e custos operacionais reduzidos.<\/td>\n<\/tr>\n<tr>\n<td><strong>Versatilidade<\/strong><\/td>\n<td>Capaz de processar uma vasta gama de materiais, incluindo folhas \u00e0 base de amido, PP, PS, PET, PVC, PLA, CPLA, CPET, carbonato de c\u00e1lcio e OPS.<\/td>\n<\/tr>\n<tr>\n<td><strong>Desempenho<\/strong><\/td>\n<td>Oferece um funcionamento est\u00e1vel, elevado rendimento, baixos n\u00edveis de ru\u00eddo e capacidades precisas de forma\u00e7\u00e3o de produtos.<\/td>\n<\/tr>\n<\/tbody>\n<\/table>\n<p><strong>Especifica\u00e7\u00f5es t\u00e9cnicas<\/strong><\/p>\n<table style=\"height: 398px;\" width=\"1226\">\n<thead>\n<tr>\n<th>Par\u00e2metro<\/th>\n<th>Detalhes<\/th>\n<\/tr>\n<\/thead>\n<tbody>\n<tr>\n<td><strong>Materiais adequados<\/strong><\/td>\n<td>Degrada\u00e7\u00e3o do amido, fotodegrada\u00e7\u00e3o, PP, PS, PET, PVC, PLA, CPLA, CPET, carbonato de c\u00e1lcio, OPS, etc.<\/td>\n<\/tr>\n<tr>\n<td><strong>Espessura da folha<\/strong><\/td>\n<td>0,2-1,5 mm<\/td>\n<\/tr>\n<tr>\n<td><strong>\u00c1rea de forma\u00e7\u00e3o<\/strong><\/td>\n<td>500-820 mm<\/td>\n<\/tr>\n<tr>\n<td><strong>M\u00e1x. Profundidade de conforma\u00e7\u00e3o<\/strong><\/td>\n<td>120 mm<\/td>\n<\/tr>\n<tr>\n<td><strong>M\u00e1x. Velocidade de forma\u00e7\u00e3o<\/strong><\/td>\n<td>120 ciclos\/min<\/td>\n<\/tr>\n<tr>\n<td><strong>For\u00e7a de corte<\/strong><\/td>\n<td>500-820 kN<\/td>\n<\/tr>\n<tr>\n<td><strong>Curso superior do molde<\/strong><\/td>\n<td>202 mm (4,5 mm de espessura)<\/td>\n<\/tr>\n<tr>\n<td><strong>Curso inferior do molde<\/strong><\/td>\n<td>240 mm (4,5 mm de espessura)<\/td>\n<\/tr>\n<tr>\n<td><strong>M\u00e1x. Altura de empilhamento<\/strong><\/td>\n<td>30 mm<\/td>\n<\/tr>\n<tr>\n<td><strong>Consumo de energia<\/strong><\/td>\n<td>50-70 kW\/h<\/td>\n<\/tr>\n<tr>\n<td><strong>Peso da m\u00e1quina<\/strong><\/td>\n<td>Cerca de 13 toneladas<\/td>\n<\/tr>\n<tr>\n<td><strong>Dimens\u00f5es (C \u00d7 L \u00d7 A)<\/strong><\/td>\n<td>14 \u00d7 2,5 \u00d7 2,8 metros<\/td>\n<\/tr>\n<\/tbody>\n<\/table>\n<p>&nbsp;<\/p>","protected":false},"excerpt":{"rendered":"<p>A m\u00e1quina de termoformagem MS800*700 \u00e9 uma solu\u00e7\u00e3o totalmente autom\u00e1tica e de elevado desempenho para produzir uma vasta gama de produtos termoformados com efici\u00eancia, versatilidade na compatibilidade de materiais e baixos custos operacionais.<\/p>","protected":false},"featured_media":352,"template":"","meta":[],"product_brand":[],"product_cat":[35],"product_tag":[],"class_list":{"0":"post-1753","1":"product","2":"type-product","3":"status-publish","4":"has-post-thumbnail","6":"product_cat-fully-automatic-three-station-thermoforming-machine","8":"first","9":"instock","10":"shipping-taxable","11":"product-type-simple"},"_links":{"self":[{"href":"https:\/\/mesoforming.com\/pt\/wp-json\/wp\/v2\/product\/1753","targetHints":{"allow":["GET"]}}],"collection":[{"href":"https:\/\/mesoforming.com\/pt\/wp-json\/wp\/v2\/product"}],"about":[{"href":"https:\/\/mesoforming.com\/pt\/wp-json\/wp\/v2\/types\/product"}],"version-history":[{"count":0,"href":"https:\/\/mesoforming.com\/pt\/wp-json\/wp\/v2\/product\/1753\/revisions"}],"wp:featuredmedia":[{"embeddable":true,"href":"https:\/\/mesoforming.com\/pt\/wp-json\/wp\/v2\/media\/352"}],"wp:attachment":[{"href":"https:\/\/mesoforming.com\/pt\/wp-json\/wp\/v2\/media?parent=1753"}],"wp:term":[{"taxonomy":"product_brand","embeddable":true,"href":"https:\/\/mesoforming.com\/pt\/wp-json\/wp\/v2\/product_brand?post=1753"},{"taxonomy":"product_cat","embeddable":true,"href":"https:\/\/mesoforming.com\/pt\/wp-json\/wp\/v2\/product_cat?post=1753"},{"taxonomy":"product_tag","embeddable":true,"href":"https:\/\/mesoforming.com\/pt\/wp-json\/wp\/v2\/product_tag?post=1753"}],"curies":[{"name":"wp","href":"https:\/\/api.w.org\/{rel}","templated":true}]}}