{"id":1758,"date":"2024-07-05T09:44:51","date_gmt":"2024-07-05T09:44:51","guid":{"rendered":"https:\/\/mesoforming.com\/?post_type=product&#038;p=1758"},"modified":"2024-07-30T03:27:08","modified_gmt":"2024-07-30T03:27:08","slug":"refrigerador-de-tanque-de-agua-refrigerado-a-ar-tipo-caixa-5hp","status":"publish","type":"product","link":"https:\/\/mesoforming.com\/pt\/produto\/refrigerador-de-tanque-de-agua-refrigerado-a-ar-tipo-caixa-5hp\/","title":{"rendered":"Refrigerador de tanque de \u00e1gua arrefecido a ar tipo caixa 5HP"},"content":{"rendered":"<p><strong>Descri\u00e7\u00e3o do produto<\/strong><\/p>\n<p>O refrigerador de \u00e1gua arrefecido a ar tipo caixa 5HP foi concebido para um arrefecimento eficiente com uma gama de aplica\u00e7\u00f5es em v\u00e1rias ind\u00fastrias. Inclui um compressor Panasonic importado de alta qualidade, uma bomba de \u00e1gua potente e sistemas avan\u00e7ados de permuta de calor.<\/p>\n<p><strong>Especifica\u00e7\u00f5es t\u00e9cnicas<\/strong><\/p>\n<table>\n<thead>\n<tr>\n<th>Par\u00e2metro<\/th>\n<th>Detalhes<\/th>\n<\/tr>\n<\/thead>\n<tbody>\n<tr>\n<td><strong>Compressor<\/strong><\/td>\n<td>Compressor Panasonic importado<\/td>\n<\/tr>\n<tr>\n<td><strong>Bomba de \u00e1gua<\/strong><\/td>\n<td>375 W<\/td>\n<\/tr>\n<tr>\n<td><strong>Condensador<\/strong><\/td>\n<td>Tipo de aleta de rosca externa<\/td>\n<\/tr>\n<tr>\n<td><strong>Evaporador<\/strong><\/td>\n<td>Tipo de bobina de a\u00e7o inoxid\u00e1vel\/cobre<\/td>\n<\/tr>\n<tr>\n<td><strong>Tanque de \u00e1gua<\/strong><\/td>\n<td>Dep\u00f3sito de \u00e1gua em a\u00e7o inoxid\u00e1vel\/cola<\/td>\n<\/tr>\n<tr>\n<td><strong>Tubagem<\/strong><\/td>\n<td>Entrada e sa\u00edda de 1 polegada para meios de \u00e1gua refrigerada<\/td>\n<\/tr>\n<tr>\n<td><strong>Controlo da temperatura<\/strong><\/td>\n<td>Gama: 5-50\u00b0C, Precis\u00e3o: \u00b11,0\u00b0C<\/td>\n<\/tr>\n<tr>\n<td><strong>Arrefecimento Pot\u00eancia de entrada<\/strong><\/td>\n<td>3,75 kW<\/td>\n<\/tr>\n<tr>\n<td><strong>Corrente de funcionamento de arrefecimento<\/strong><\/td>\n<td>3,75 kW<\/td>\n<\/tr>\n<tr>\n<td><strong>Cabe\u00e7a da bomba<\/strong><\/td>\n<td>MH18 0.5 Bomba de \u00e1gua limpa Aoyuan<\/td>\n<\/tr>\n<tr>\n<td><strong>Caudal<\/strong><\/td>\n<td>3 m\u00b3\/h<\/td>\n<\/tr>\n<tr>\n<td><strong>Capacidade de troca de calor<\/strong><\/td>\n<td>Condensador: 13,5 kW, Evaporador: 13,5 kW<\/td>\n<\/tr>\n<tr>\n<td><strong>Volume do dep\u00f3sito de \u00e1gua<\/strong><\/td>\n<td>68 litros<\/td>\n<\/tr>\n<tr>\n<td><strong>Dimens\u00f5es (C \u00d7 L \u00d7 A)<\/strong><\/td>\n<td>1,25 \u00d7 0,63 \u00d7 1,28 metros<\/td>\n<\/tr>\n<tr>\n<td><strong>Peso<\/strong><\/td>\n<td>180 kg<\/td>\n<\/tr>\n<\/tbody>\n<\/table>\n<p>&nbsp;<\/p>","protected":false},"excerpt":{"rendered":"<p>O refrigerador de \u00e1gua arrefecido a ar tipo caixa 5HP foi concebido para um arrefecimento eficiente e fi\u00e1vel com aplica\u00e7\u00f5es em v\u00e1rias ind\u00fastrias. Com um compressor Panasonic importado, uma bomba de \u00e1gua potente e sistemas avan\u00e7ados de permuta de calor, garante um desempenho e uma durabilidade \u00f3ptimos.<\/p>","protected":false},"featured_media":202,"template":"","meta":[],"product_brand":[],"product_cat":[38,46],"product_tag":[],"class_list":{"0":"post-1758","1":"product","2":"type-product","3":"status-publish","4":"has-post-thumbnail","6":"product_cat-auxiliary-machine","7":"product_cat-chiller","9":"first","10":"instock","11":"shipping-taxable","12":"product-type-simple"},"_links":{"self":[{"href":"https:\/\/mesoforming.com\/pt\/wp-json\/wp\/v2\/product\/1758","targetHints":{"allow":["GET"]}}],"collection":[{"href":"https:\/\/mesoforming.com\/pt\/wp-json\/wp\/v2\/product"}],"about":[{"href":"https:\/\/mesoforming.com\/pt\/wp-json\/wp\/v2\/types\/product"}],"version-history":[{"count":0,"href":"https:\/\/mesoforming.com\/pt\/wp-json\/wp\/v2\/product\/1758\/revisions"}],"wp:featuredmedia":[{"embeddable":true,"href":"https:\/\/mesoforming.com\/pt\/wp-json\/wp\/v2\/media\/202"}],"wp:attachment":[{"href":"https:\/\/mesoforming.com\/pt\/wp-json\/wp\/v2\/media?parent=1758"}],"wp:term":[{"taxonomy":"product_brand","embeddable":true,"href":"https:\/\/mesoforming.com\/pt\/wp-json\/wp\/v2\/product_brand?post=1758"},{"taxonomy":"product_cat","embeddable":true,"href":"https:\/\/mesoforming.com\/pt\/wp-json\/wp\/v2\/product_cat?post=1758"},{"taxonomy":"product_tag","embeddable":true,"href":"https:\/\/mesoforming.com\/pt\/wp-json\/wp\/v2\/product_tag?post=1758"}],"curies":[{"name":"wp","href":"https:\/\/api.w.org\/{rel}","templated":true}]}}