{"id":1762,"date":"2024-07-05T10:03:23","date_gmt":"2024-07-05T10:03:23","guid":{"rendered":"https:\/\/mesoforming.com\/?post_type=product&#038;p=1762"},"modified":"2024-07-29T07:32:32","modified_gmt":"2024-07-29T07:32:32","slug":"maquina-de-contagem-e-embalagem-totalmente-automatica-de-tampas-de-copos-descartaveis-de-uma-fila","status":"publish","type":"product","link":"https:\/\/mesoforming.com\/pt\/produto\/maquina-de-contagem-e-embalagem-totalmente-automatica-de-tampas-de-copos-descartaveis-de-uma-fila\/","title":{"rendered":"M\u00e1quina de contagem e embalagem totalmente autom\u00e1tica de tampas de copos descart\u00e1veis de uma fila"},"content":{"rendered":"<p><strong>Descri\u00e7\u00e3o do produto<\/strong><\/p>\n<p>A m\u00e1quina de contagem e embalagem totalmente autom\u00e1tica de tampas de copos descart\u00e1veis de uma fila foi concebida para uma embalagem eficiente e precisa de tampas de copos descart\u00e1veis. Possui um controlo de movimento de ciclo autom\u00e1tico programado por PLC e realiza a alimenta\u00e7\u00e3o, a selagem da pel\u00edcula e o corte. Esta m\u00e1quina assegura o embalamento a alta velocidade com op\u00e7\u00f5es de personaliza\u00e7\u00e3o para satisfazer requisitos espec\u00edficos.<\/p>\n<p><strong>Especifica\u00e7\u00f5es t\u00e9cnicas<\/strong><\/p>\n<table>\n<thead>\n<tr>\n<th>Par\u00e2metro<\/th>\n<th>Detalhes<\/th>\n<\/tr>\n<\/thead>\n<tbody>\n<tr>\n<td><strong>Di\u00e2metro da tampa do copo<\/strong><\/td>\n<td>75-85 mm<\/td>\n<\/tr>\n<tr>\n<td><strong>Capacidade m\u00e1xima de embalagem<\/strong><\/td>\n<td>10-20 vezes\/min<\/td>\n<\/tr>\n<tr>\n<td><strong>Largura da pel\u00edcula de embalagem<\/strong><\/td>\n<td>150-400 mm<\/td>\n<\/tr>\n<tr>\n<td><strong>Comprimento de fabrico de sacos<\/strong><\/td>\n<td>300-900 mm<\/td>\n<\/tr>\n<tr>\n<td><strong>Pot\u00eancia total<\/strong><\/td>\n<td>3,5 kW<\/td>\n<\/tr>\n<tr>\n<td><strong>Fonte de alimenta\u00e7\u00e3o<\/strong><\/td>\n<td>220 V<\/td>\n<\/tr>\n<tr>\n<td><strong>Dimens\u00f5es da m\u00e1quina (C \u00d7 L \u00d7 A)<\/strong><\/td>\n<td>2,4 \u00d7 1,74 \u00d7 1,32 metros<\/td>\n<\/tr>\n<tr>\n<td><strong>Altura da embalagem<\/strong><\/td>\n<td>N\u00e3o superior a 120 mm<\/td>\n<\/tr>\n<tr>\n<td><strong>Peso da m\u00e1quina<\/strong><\/td>\n<td>400 kg<\/td>\n<\/tr>\n<tr>\n<td><strong>Especifica\u00e7\u00f5es da embalagem<\/strong><\/td>\n<td>Sujeito a amostra<\/td>\n<\/tr>\n<\/tbody>\n<\/table>\n<p>&nbsp;<\/p>","protected":false},"excerpt":{"rendered":"<p>A m\u00e1quina de contagem e embalagem totalmente autom\u00e1tica de tampas de copos descart\u00e1veis de uma fila oferece uma embalagem eficiente e de alta velocidade com controlo PLC e op\u00e7\u00f5es de personaliza\u00e7\u00e3o vers\u00e1teis, concebidas especificamente para tampas de copos.<\/p>","protected":false},"featured_media":1764,"template":"","meta":[],"product_brand":[],"product_cat":[38,39],"product_tag":[],"class_list":{"0":"post-1762","1":"product","2":"type-product","3":"status-publish","4":"has-post-thumbnail","6":"product_cat-auxiliary-machine","7":"product_cat-fully-automatic-counting-and-packaging-machine","9":"first","10":"instock","11":"shipping-taxable","12":"product-type-simple"},"_links":{"self":[{"href":"https:\/\/mesoforming.com\/pt\/wp-json\/wp\/v2\/product\/1762","targetHints":{"allow":["GET"]}}],"collection":[{"href":"https:\/\/mesoforming.com\/pt\/wp-json\/wp\/v2\/product"}],"about":[{"href":"https:\/\/mesoforming.com\/pt\/wp-json\/wp\/v2\/types\/product"}],"version-history":[{"count":0,"href":"https:\/\/mesoforming.com\/pt\/wp-json\/wp\/v2\/product\/1762\/revisions"}],"wp:featuredmedia":[{"embeddable":true,"href":"https:\/\/mesoforming.com\/pt\/wp-json\/wp\/v2\/media\/1764"}],"wp:attachment":[{"href":"https:\/\/mesoforming.com\/pt\/wp-json\/wp\/v2\/media?parent=1762"}],"wp:term":[{"taxonomy":"product_brand","embeddable":true,"href":"https:\/\/mesoforming.com\/pt\/wp-json\/wp\/v2\/product_brand?post=1762"},{"taxonomy":"product_cat","embeddable":true,"href":"https:\/\/mesoforming.com\/pt\/wp-json\/wp\/v2\/product_cat?post=1762"},{"taxonomy":"product_tag","embeddable":true,"href":"https:\/\/mesoforming.com\/pt\/wp-json\/wp\/v2\/product_tag?post=1762"}],"curies":[{"name":"wp","href":"https:\/\/api.w.org\/{rel}","templated":true}]}}