{"id":1873,"date":"2024-07-12T02:49:29","date_gmt":"2024-07-12T02:49:29","guid":{"rendered":"https:\/\/mesoforming.com\/?post_type=product&#038;p=1873"},"modified":"2024-07-12T02:49:29","modified_gmt":"2024-07-12T02:49:29","slug":"molde-de-corte-inferior-de-termoformagem-para-a-producao-de-tampas-de-copos-descartaveis-de-precisao","status":"publish","type":"product","link":"https:\/\/mesoforming.com\/pt\/produto\/molde-de-corte-inferior-de-termoformagem-para-a-producao-de-tampas-de-copos-descartaveis-de-precisao\/","title":{"rendered":"Molde de corte inferior de termoformagem para produ\u00e7\u00e3o de tampas de copos descart\u00e1veis de precis\u00e3o"},"content":{"rendered":"<h3 data-immersive-translate-walked=\"6ef4587f-c804-40e4-b5c7-b4c673f006da\" data-immersive-translate-paragraph=\"1\">Vis\u00e3o geral do produto<\/h3>\n<p data-immersive-translate-walked=\"6ef4587f-c804-40e4-b5c7-b4c673f006da\" data-immersive-translate-paragraph=\"1\">Esta imagem mostra o molde de corte inferior utilizado no processo de termoformagem. Ao contr\u00e1rio do molde de corte superior, que forma e apara principalmente os bordos superiores, o molde de corte inferior concentra-se no corte e aparo precisos das sec\u00e7\u00f5es inferiores, garantindo bordos limpos e consistentes. Concebido com tecnologia avan\u00e7ada, este molde garante uma elevada precis\u00e3o e consist\u00eancia na produ\u00e7\u00e3o, tornando-o particularmente adequado para o fabrico de tampas para copos descart\u00e1veis.<\/p>\n<h3 data-immersive-translate-walked=\"6ef4587f-c804-40e4-b5c7-b4c673f006da\" data-immersive-translate-paragraph=\"1\">Carater\u00edsticas principais<\/h3>\n<table data-immersive-translate-walked=\"6ef4587f-c804-40e4-b5c7-b4c673f006da\">\n<thead data-immersive-translate-walked=\"6ef4587f-c804-40e4-b5c7-b4c673f006da\">\n<tr data-immersive-translate-walked=\"6ef4587f-c804-40e4-b5c7-b4c673f006da\">\n<th data-immersive-translate-walked=\"6ef4587f-c804-40e4-b5c7-b4c673f006da\">Item<\/th>\n<th data-immersive-translate-walked=\"6ef4587f-c804-40e4-b5c7-b4c673f006da\">Detalhes<\/th>\n<\/tr>\n<\/thead>\n<tbody data-immersive-translate-walked=\"6ef4587f-c804-40e4-b5c7-b4c673f006da\">\n<tr data-immersive-translate-walked=\"6ef4587f-c804-40e4-b5c7-b4c673f006da\">\n<td data-immersive-translate-walked=\"6ef4587f-c804-40e4-b5c7-b4c673f006da\"><strong data-immersive-translate-walked=\"6ef4587f-c804-40e4-b5c7-b4c673f006da\">Precis\u00e3o de conce\u00e7\u00e3o<\/strong><\/td>\n<td data-immersive-translate-walked=\"6ef4587f-c804-40e4-b5c7-b4c673f006da\" data-immersive-translate-paragraph=\"1\">Corte de alta precis\u00e3o para garantir bordos limpos e consistentes das tampas de ch\u00e1vena formadas.<\/td>\n<\/tr>\n<tr data-immersive-translate-walked=\"6ef4587f-c804-40e4-b5c7-b4c673f006da\">\n<td data-immersive-translate-walked=\"6ef4587f-c804-40e4-b5c7-b4c673f006da\"><strong data-immersive-translate-walked=\"6ef4587f-c804-40e4-b5c7-b4c673f006da\">Material<\/strong><\/td>\n<td data-immersive-translate-walked=\"6ef4587f-c804-40e4-b5c7-b4c673f006da\" data-immersive-translate-paragraph=\"1\">Liga de alum\u00ednio de alta resist\u00eancia, com excelente condutividade t\u00e9rmica e resist\u00eancia \u00e0 corros\u00e3o.<\/td>\n<\/tr>\n<tr data-immersive-translate-walked=\"6ef4587f-c804-40e4-b5c7-b4c673f006da\">\n<td data-immersive-translate-walked=\"6ef4587f-c804-40e4-b5c7-b4c673f006da\"><strong data-immersive-translate-walked=\"6ef4587f-c804-40e4-b5c7-b4c673f006da\" data-immersive-translate-paragraph=\"1\">Sistema de arrefecimento<\/strong><\/td>\n<td data-immersive-translate-walked=\"6ef4587f-c804-40e4-b5c7-b4c673f006da\" data-immersive-translate-paragraph=\"1\">Canais de arrefecimento de alta efici\u00eancia incorporados para um arrefecimento r\u00e1pido, melhorando a efici\u00eancia da produ\u00e7\u00e3o e a qualidade do produto.<\/td>\n<\/tr>\n<tr data-immersive-translate-walked=\"6ef4587f-c804-40e4-b5c7-b4c673f006da\">\n<td data-immersive-translate-walked=\"6ef4587f-c804-40e4-b5c7-b4c673f006da\"><strong data-immersive-translate-walked=\"6ef4587f-c804-40e4-b5c7-b4c673f006da\" data-immersive-translate-paragraph=\"1\">Estrutura<\/strong><\/td>\n<td data-immersive-translate-walked=\"6ef4587f-c804-40e4-b5c7-b4c673f006da\" data-immersive-translate-paragraph=\"1\">Conce\u00e7\u00e3o modular para f\u00e1cil substitui\u00e7\u00e3o e manuten\u00e7\u00e3o, reduzindo o tempo de inatividade.<\/td>\n<\/tr>\n<tr data-immersive-translate-walked=\"6ef4587f-c804-40e4-b5c7-b4c673f006da\">\n<td data-immersive-translate-walked=\"6ef4587f-c804-40e4-b5c7-b4c673f006da\"><strong data-immersive-translate-walked=\"6ef4587f-c804-40e4-b5c7-b4c673f006da\" data-immersive-translate-paragraph=\"1\">Tratamento de superf\u00edcie<\/strong><\/td>\n<td data-immersive-translate-walked=\"6ef4587f-c804-40e4-b5c7-b4c673f006da\" data-immersive-translate-paragraph=\"1\">Tratamento especial da superf\u00edcie para reduzir o atrito, evitar a ader\u00eancia do pl\u00e1stico e garantir a qualidade do corte.<\/td>\n<\/tr>\n<tr data-immersive-translate-walked=\"6ef4587f-c804-40e4-b5c7-b4c673f006da\">\n<td data-immersive-translate-walked=\"6ef4587f-c804-40e4-b5c7-b4c673f006da\"><strong data-immersive-translate-walked=\"6ef4587f-c804-40e4-b5c7-b4c673f006da\">Vida do molde<\/strong><\/td>\n<td data-immersive-translate-walked=\"6ef4587f-c804-40e4-b5c7-b4c673f006da\" data-immersive-translate-paragraph=\"1\">Elevada durabilidade para uma vida \u00fatil prolongada, reduzindo a frequ\u00eancia de substitui\u00e7\u00e3o.<\/td>\n<\/tr>\n<tr data-immersive-translate-walked=\"6ef4587f-c804-40e4-b5c7-b4c673f006da\">\n<td data-immersive-translate-walked=\"6ef4587f-c804-40e4-b5c7-b4c673f006da\"><strong data-immersive-translate-walked=\"6ef4587f-c804-40e4-b5c7-b4c673f006da\">Respeito pelo ambiente<\/strong><\/td>\n<td data-immersive-translate-walked=\"6ef4587f-c804-40e4-b5c7-b4c673f006da\" data-immersive-translate-paragraph=\"1\">Fabricado com materiais e processos amigos do ambiente, cumprindo as normas ambientais internacionais.<\/td>\n<\/tr>\n<\/tbody>\n<\/table>\n<h3 data-immersive-translate-walked=\"6ef4587f-c804-40e4-b5c7-b4c673f006da\" data-immersive-translate-paragraph=\"1\">Especifica\u00e7\u00f5es t\u00e9cnicas<\/h3>\n<table data-immersive-translate-walked=\"6ef4587f-c804-40e4-b5c7-b4c673f006da\">\n<thead data-immersive-translate-walked=\"6ef4587f-c804-40e4-b5c7-b4c673f006da\">\n<tr data-immersive-translate-walked=\"6ef4587f-c804-40e4-b5c7-b4c673f006da\">\n<th data-immersive-translate-walked=\"6ef4587f-c804-40e4-b5c7-b4c673f006da\">Item<\/th>\n<th data-immersive-translate-walked=\"6ef4587f-c804-40e4-b5c7-b4c673f006da\">Detalhes<\/th>\n<\/tr>\n<\/thead>\n<tbody data-immersive-translate-walked=\"6ef4587f-c804-40e4-b5c7-b4c673f006da\">\n<tr data-immersive-translate-walked=\"6ef4587f-c804-40e4-b5c7-b4c673f006da\">\n<td data-immersive-translate-walked=\"6ef4587f-c804-40e4-b5c7-b4c673f006da\"><strong data-immersive-translate-walked=\"6ef4587f-c804-40e4-b5c7-b4c673f006da\" data-immersive-translate-paragraph=\"1\">Contagem de cavidades<\/strong><\/td>\n<td data-immersive-translate-walked=\"6ef4587f-c804-40e4-b5c7-b4c673f006da\" data-immersive-translate-paragraph=\"1\">Personaliz\u00e1vel com base nas necessidades do produto, normalmente configurado com 20 cavidades.<\/td>\n<\/tr>\n<tr data-immersive-translate-walked=\"6ef4587f-c804-40e4-b5c7-b4c673f006da\">\n<td data-immersive-translate-walked=\"6ef4587f-c804-40e4-b5c7-b4c673f006da\"><strong data-immersive-translate-walked=\"6ef4587f-c804-40e4-b5c7-b4c673f006da\" data-immersive-translate-paragraph=\"1\">Tamanho do molde<\/strong><\/td>\n<td data-immersive-translate-walked=\"6ef4587f-c804-40e4-b5c7-b4c673f006da\" data-immersive-translate-paragraph=\"1\">Personaliz\u00e1vel de acordo com os requisitos do equipamento, incluindo comprimento, largura e altura.<\/td>\n<\/tr>\n<tr data-immersive-translate-walked=\"6ef4587f-c804-40e4-b5c7-b4c673f006da\">\n<td data-immersive-translate-walked=\"6ef4587f-c804-40e4-b5c7-b4c673f006da\"><strong data-immersive-translate-walked=\"6ef4587f-c804-40e4-b5c7-b4c673f006da\" data-immersive-translate-paragraph=\"1\">Tamanho do produto<\/strong><\/td>\n<td data-immersive-translate-walked=\"6ef4587f-c804-40e4-b5c7-b4c673f006da\">Cerca de 9,5 cm de di\u00e2metro.<\/td>\n<\/tr>\n<tr data-immersive-translate-walked=\"6ef4587f-c804-40e4-b5c7-b4c673f006da\">\n<td data-immersive-translate-walked=\"6ef4587f-c804-40e4-b5c7-b4c673f006da\"><strong data-immersive-translate-walked=\"6ef4587f-c804-40e4-b5c7-b4c673f006da\">Dureza da superf\u00edcie<\/strong><\/td>\n<td data-immersive-translate-walked=\"6ef4587f-c804-40e4-b5c7-b4c673f006da\" data-immersive-translate-paragraph=\"1\">Dureza at\u00e9 HRC45-48, garantindo a durabilidade do molde.<\/td>\n<\/tr>\n<tr data-immersive-translate-walked=\"6ef4587f-c804-40e4-b5c7-b4c673f006da\">\n<td data-immersive-translate-walked=\"6ef4587f-c804-40e4-b5c7-b4c673f006da\"><strong data-immersive-translate-walked=\"6ef4587f-c804-40e4-b5c7-b4c673f006da\" data-immersive-translate-paragraph=\"1\">Tecnologia de processamento<\/strong><\/td>\n<td data-immersive-translate-walked=\"6ef4587f-c804-40e4-b5c7-b4c673f006da\">Maquina\u00e7\u00e3o de precis\u00e3o CNC, polimento de superf\u00edcies.<\/td>\n<\/tr>\n<tr data-immersive-translate-walked=\"6ef4587f-c804-40e4-b5c7-b4c673f006da\">\n<td data-immersive-translate-walked=\"6ef4587f-c804-40e4-b5c7-b4c673f006da\"><strong data-immersive-translate-walked=\"6ef4587f-c804-40e4-b5c7-b4c673f006da\">Peso<\/strong><\/td>\n<td data-immersive-translate-walked=\"6ef4587f-c804-40e4-b5c7-b4c673f006da\" data-immersive-translate-paragraph=\"1\">Moderado, facilitando a instala\u00e7\u00e3o e a substitui\u00e7\u00e3o.<\/td>\n<\/tr>\n<tr data-immersive-translate-walked=\"6ef4587f-c804-40e4-b5c7-b4c673f006da\">\n<td data-immersive-translate-walked=\"6ef4587f-c804-40e4-b5c7-b4c673f006da\"><strong data-immersive-translate-walked=\"6ef4587f-c804-40e4-b5c7-b4c673f006da\">Compatibilidade<\/strong><\/td>\n<td data-immersive-translate-walked=\"6ef4587f-c804-40e4-b5c7-b4c673f006da\" data-immersive-translate-paragraph=\"1\">Compat\u00edvel com v\u00e1rios equipamentos de termoformagem convencionais.<\/td>\n<\/tr>\n<tr data-immersive-translate-walked=\"6ef4587f-c804-40e4-b5c7-b4c673f006da\">\n<td data-immersive-translate-walked=\"6ef4587f-c804-40e4-b5c7-b4c673f006da\"><strong data-immersive-translate-walked=\"6ef4587f-c804-40e4-b5c7-b4c673f006da\">Temperatura de funcionamento<\/strong><\/td>\n<td data-immersive-translate-walked=\"6ef4587f-c804-40e4-b5c7-b4c673f006da\" data-immersive-translate-paragraph=\"1\">Adequado para ambientes de funcionamento a altas temperaturas, garantindo um desempenho est\u00e1vel do molde.<\/td>\n<\/tr>\n<\/tbody>\n<\/table>\n<h3 data-immersive-translate-walked=\"6ef4587f-c804-40e4-b5c7-b4c673f006da\">Aplica\u00e7\u00f5es<\/h3>\n<ul data-immersive-translate-walked=\"6ef4587f-c804-40e4-b5c7-b4c673f006da\">\n<li data-immersive-translate-walked=\"6ef4587f-c804-40e4-b5c7-b4c673f006da\">Tampas de copos descart\u00e1veis<\/li>\n<\/ul>\n<h3 data-immersive-translate-walked=\"6ef4587f-c804-40e4-b5c7-b4c673f006da\" data-immersive-translate-paragraph=\"1\">Instala\u00e7\u00e3o e manuten\u00e7\u00e3o<\/h3>\n<table data-immersive-translate-walked=\"6ef4587f-c804-40e4-b5c7-b4c673f006da\">\n<thead data-immersive-translate-walked=\"6ef4587f-c804-40e4-b5c7-b4c673f006da\">\n<tr data-immersive-translate-walked=\"6ef4587f-c804-40e4-b5c7-b4c673f006da\">\n<th data-immersive-translate-walked=\"6ef4587f-c804-40e4-b5c7-b4c673f006da\">Item<\/th>\n<th data-immersive-translate-walked=\"6ef4587f-c804-40e4-b5c7-b4c673f006da\">Detalhes<\/th>\n<\/tr>\n<\/thead>\n<tbody data-immersive-translate-walked=\"6ef4587f-c804-40e4-b5c7-b4c673f006da\">\n<tr data-immersive-translate-walked=\"6ef4587f-c804-40e4-b5c7-b4c673f006da\">\n<td data-immersive-translate-walked=\"6ef4587f-c804-40e4-b5c7-b4c673f006da\"><strong data-immersive-translate-walked=\"6ef4587f-c804-40e4-b5c7-b4c673f006da\">Instala\u00e7\u00e3o<\/strong><\/td>\n<td data-immersive-translate-walked=\"6ef4587f-c804-40e4-b5c7-b4c673f006da\" data-immersive-translate-paragraph=\"1\">O molde de corte inferior deve ser instalado por t\u00e9cnicos profissionais para garantir o alinhamento exato com a m\u00e1quina de termoformagem.<\/td>\n<\/tr>\n<tr data-immersive-translate-walked=\"6ef4587f-c804-40e4-b5c7-b4c673f006da\">\n<td data-immersive-translate-walked=\"6ef4587f-c804-40e4-b5c7-b4c673f006da\"><strong data-immersive-translate-walked=\"6ef4587f-c804-40e4-b5c7-b4c673f006da\">Manuten\u00e7\u00e3o<\/strong><\/td>\n<td data-immersive-translate-walked=\"6ef4587f-c804-40e4-b5c7-b4c673f006da\" data-immersive-translate-paragraph=\"1\">Verificar regularmente o estado do sistema de arrefecimento e da superf\u00edcie e limpar imediatamente quaisquer res\u00edduos da superf\u00edcie para garantir uma utiliza\u00e7\u00e3o normal.<\/td>\n<\/tr>\n<tr data-immersive-translate-walked=\"6ef4587f-c804-40e4-b5c7-b4c673f006da\">\n<td data-immersive-translate-walked=\"6ef4587f-c804-40e4-b5c7-b4c673f006da\"><strong data-immersive-translate-walked=\"6ef4587f-c804-40e4-b5c7-b4c673f006da\">Lubrifica\u00e7\u00e3o<\/strong><\/td>\n<td data-immersive-translate-walked=\"6ef4587f-c804-40e4-b5c7-b4c673f006da\" data-immersive-translate-paragraph=\"1\">Lubrificar corretamente as pe\u00e7as m\u00f3veis do molde para evitar o desgaste e a colagem.<\/td>\n<\/tr>\n<\/tbody>\n<\/table>\n<h3 data-immersive-translate-walked=\"6ef4587f-c804-40e4-b5c7-b4c673f006da\" data-immersive-translate-paragraph=\"1\">Apoio ao cliente e servi\u00e7os<\/h3>\n<p data-immersive-translate-walked=\"6ef4587f-c804-40e4-b5c7-b4c673f006da\" data-immersive-translate-paragraph=\"1\">Oferecemos apoio profissional ao cliente e servi\u00e7os, incluindo a personaliza\u00e7\u00e3o do projeto do molde, instala\u00e7\u00e3o e coloca\u00e7\u00e3o em funcionamento, forma\u00e7\u00e3o operacional e manuten\u00e7\u00e3o p\u00f3s-venda. A nossa equipa t\u00e9cnica experiente pode responder rapidamente \u00e0s necessidades do cliente, garantindo um desempenho \u00f3timo do molde durante a produ\u00e7\u00e3o.<\/p>\n<h3 data-immersive-translate-walked=\"6ef4587f-c804-40e4-b5c7-b4c673f006da\" data-immersive-translate-paragraph=\"1\">Contactar-nos<\/h3>\n<p data-immersive-translate-walked=\"6ef4587f-c804-40e4-b5c7-b4c673f006da\" data-immersive-translate-paragraph=\"1\">Para mais informa\u00e7\u00f5es sobre este molde de corte inferior para termoformagem ou para solicitar um or\u00e7amento, contacte-nos:<\/p>\n<ul data-immersive-translate-walked=\"6ef4587f-c804-40e4-b5c7-b4c673f006da\">\n<li data-immersive-translate-walked=\"6ef4587f-c804-40e4-b5c7-b4c673f006da\"><strong data-immersive-translate-walked=\"6ef4587f-c804-40e4-b5c7-b4c673f006da\">Telefone<\/strong>: +86-18025612076<\/li>\n<li data-immersive-translate-walked=\"6ef4587f-c804-40e4-b5c7-b4c673f006da\" data-immersive-translate-paragraph=\"1\"><strong data-immersive-translate-walked=\"6ef4587f-c804-40e4-b5c7-b4c673f006da\">Email:jenny@mesoforming.com<\/strong><\/li>\n<li data-immersive-translate-walked=\"6ef4587f-c804-40e4-b5c7-b4c673f006da\"><strong data-immersive-translate-walked=\"6ef4587f-c804-40e4-b5c7-b4c673f006da\">S\u00edtio Web<\/strong>:https:\/\/mesoforming.com\/<\/li>\n<\/ul>\n<p data-immersive-translate-walked=\"6ef4587f-c804-40e4-b5c7-b4c673f006da\" data-immersive-translate-paragraph=\"1\">Este molde de corte inferior para termoformagem, com a sua qualidade superior e design preciso, \u00e9 a escolha ideal para empresas de fabrico de tampas para copos descart\u00e1veis. Estamos empenhados em fornecer solu\u00e7\u00f5es de moldes eficientes e fi\u00e1veis para ajudar os clientes a melhorar a efici\u00eancia da produ\u00e7\u00e3o e a qualidade dos produtos.<\/p>","protected":false},"excerpt":{"rendered":"<p>Molde de corte inferior de termoformagem feito de liga de alum\u00ednio de alta resist\u00eancia com sistema de arrefecimento eficiente incorporado, design modular e corte de alta precis\u00e3o adequado para produzir tampas de copos descart\u00e1veis com um di\u00e2metro de aproximadamente 9,5 cm.<\/p>","protected":false},"featured_media":1874,"template":"","meta":[],"product_brand":[],"product_cat":[41,42],"product_tag":[],"class_list":{"0":"post-1873","1":"product","2":"type-product","3":"status-publish","4":"has-post-thumbnail","6":"product_cat-mould","7":"product_cat-three-station-mold","9":"first","10":"instock","11":"shipping-taxable","12":"product-type-simple"},"_links":{"self":[{"href":"https:\/\/mesoforming.com\/pt\/wp-json\/wp\/v2\/product\/1873","targetHints":{"allow":["GET"]}}],"collection":[{"href":"https:\/\/mesoforming.com\/pt\/wp-json\/wp\/v2\/product"}],"about":[{"href":"https:\/\/mesoforming.com\/pt\/wp-json\/wp\/v2\/types\/product"}],"version-history":[{"count":0,"href":"https:\/\/mesoforming.com\/pt\/wp-json\/wp\/v2\/product\/1873\/revisions"}],"wp:featuredmedia":[{"embeddable":true,"href":"https:\/\/mesoforming.com\/pt\/wp-json\/wp\/v2\/media\/1874"}],"wp:attachment":[{"href":"https:\/\/mesoforming.com\/pt\/wp-json\/wp\/v2\/media?parent=1873"}],"wp:term":[{"taxonomy":"product_brand","embeddable":true,"href":"https:\/\/mesoforming.com\/pt\/wp-json\/wp\/v2\/product_brand?post=1873"},{"taxonomy":"product_cat","embeddable":true,"href":"https:\/\/mesoforming.com\/pt\/wp-json\/wp\/v2\/product_cat?post=1873"},{"taxonomy":"product_tag","embeddable":true,"href":"https:\/\/mesoforming.com\/pt\/wp-json\/wp\/v2\/product_tag?post=1873"}],"curies":[{"name":"wp","href":"https:\/\/api.w.org\/{rel}","templated":true}]}}