{"id":2019,"date":"2024-07-29T08:37:05","date_gmt":"2024-07-29T08:37:05","guid":{"rendered":"https:\/\/mesoforming.com\/?post_type=product&#038;p=2019"},"modified":"2024-07-29T08:37:05","modified_gmt":"2024-07-29T08:37:05","slug":"ms800700-maquina-de-termoformagem-de-quatro-estacoes-totalmente-automatica","status":"publish","type":"product","link":"https:\/\/mesoforming.com\/pt\/produto\/ms800700-maquina-de-termoformagem-de-quatro-estacoes-totalmente-automatica\/","title":{"rendered":"MS800*700 M\u00e1quina de Termoformagem de Quatro Esta\u00e7\u00f5es Totalmente Autom\u00e1tica"},"content":{"rendered":"<h3 data-immersive-translate-walked=\"dfc54f47-7ef6-4605-b3c7-c00a03d04226\">Descri\u00e7\u00e3o do produto<\/h3>\n<p data-immersive-translate-walked=\"dfc54f47-7ef6-4605-b3c7-c00a03d04226\" data-immersive-translate-paragraph=\"1\">A M\u00e1quina de Termoformagem de Quatro Esta\u00e7\u00f5es MS800*700 totalmente autom\u00e1tica foi concebida para lidar com alimenta\u00e7\u00e3o, aquecimento, estiramento, forma\u00e7\u00e3o, perfura\u00e7\u00e3o, corte e empilhamento num processo cont\u00ednuo. A m\u00e1quina possui um sistema de aquecimento avan\u00e7ado com a mais recente tecnologia alem\u00e3 de controlo de temperatura, conseguindo uma poupan\u00e7a de energia de aproximadamente 23%. Isto assegura tempos de resposta r\u00e1pidos e curtos per\u00edodos de processamento, resultando numa elevada efici\u00eancia e baixos custos. A funcionalidade totalmente autom\u00e1tica proporciona uma ampla aplicabilidade, um funcionamento suave, um elevado rendimento e um baixo ru\u00eddo. Este sistema aumenta significativamente a efici\u00eancia da produ\u00e7\u00e3o e reduz os custos de produ\u00e7\u00e3o.<\/p>\n<h3 data-immersive-translate-walked=\"dfc54f47-7ef6-4605-b3c7-c00a03d04226\" data-immersive-translate-paragraph=\"1\">Caracter\u00edsticas do produto<\/h3>\n<ul data-immersive-translate-walked=\"dfc54f47-7ef6-4605-b3c7-c00a03d04226\">\n<li data-immersive-translate-walked=\"dfc54f47-7ef6-4605-b3c7-c00a03d04226\" data-immersive-translate-paragraph=\"1\"><strong data-immersive-translate-walked=\"dfc54f47-7ef6-4605-b3c7-c00a03d04226\">Processo eficiente e integrado<\/strong>: A alimenta\u00e7\u00e3o, o aquecimento, o estiramento, a moldagem, a perfura\u00e7\u00e3o, o corte e o empilhamento s\u00e3o efectuados de uma s\u00f3 vez.<\/li>\n<li data-immersive-translate-walked=\"dfc54f47-7ef6-4605-b3c7-c00a03d04226\" data-immersive-translate-paragraph=\"1\"><strong data-immersive-translate-walked=\"dfc54f47-7ef6-4605-b3c7-c00a03d04226\">Sistema avan\u00e7ado de controlo da temperatura<\/strong>: Importado da Alemanha, poupa at\u00e9 23% de energia e proporciona um rendimento est\u00e1vel.<\/li>\n<li data-immersive-translate-walked=\"dfc54f47-7ef6-4605-b3c7-c00a03d04226\" data-immersive-translate-paragraph=\"1\"><strong data-immersive-translate-walked=\"dfc54f47-7ef6-4605-b3c7-c00a03d04226\">Elevada versatilidade<\/strong>: Adequado para uma vasta gama de materiais, incluindo pl\u00e1sticos biodegrad\u00e1veis e fotodegrad\u00e1veis.<\/li>\n<li data-immersive-translate-walked=\"dfc54f47-7ef6-4605-b3c7-c00a03d04226\" data-immersive-translate-paragraph=\"1\"><strong data-immersive-translate-walked=\"dfc54f47-7ef6-4605-b3c7-c00a03d04226\">Ajuste f\u00e1cil<\/strong>: O sistema de controlo de ponto \u00fanico facilita o ajuste das defini\u00e7\u00f5es para v\u00e1rias necessidades de produ\u00e7\u00e3o.<\/li>\n<li data-immersive-translate-walked=\"dfc54f47-7ef6-4605-b3c7-c00a03d04226\" data-immersive-translate-paragraph=\"1\"><strong data-immersive-translate-walked=\"dfc54f47-7ef6-4605-b3c7-c00a03d04226\">Baixo ru\u00eddo e alta estabilidade<\/strong>: Concebida para um funcionamento a longo prazo com um ru\u00eddo m\u00ednimo e um desempenho est\u00e1vel.<\/li>\n<\/ul>\n<h3 data-immersive-translate-walked=\"dfc54f47-7ef6-4605-b3c7-c00a03d04226\" data-immersive-translate-paragraph=\"1\">Caracter\u00edsticas do produto em formato de tabela<\/h3>\n<table data-immersive-translate-walked=\"dfc54f47-7ef6-4605-b3c7-c00a03d04226\">\n<thead data-immersive-translate-walked=\"dfc54f47-7ef6-4605-b3c7-c00a03d04226\">\n<tr data-immersive-translate-walked=\"dfc54f47-7ef6-4605-b3c7-c00a03d04226\">\n<th data-immersive-translate-walked=\"dfc54f47-7ef6-4605-b3c7-c00a03d04226\">Caracter\u00edstica<\/th>\n<th data-immersive-translate-walked=\"dfc54f47-7ef6-4605-b3c7-c00a03d04226\">Descri\u00e7\u00e3o<\/th>\n<\/tr>\n<\/thead>\n<tbody data-immersive-translate-walked=\"dfc54f47-7ef6-4605-b3c7-c00a03d04226\">\n<tr data-immersive-translate-walked=\"dfc54f47-7ef6-4605-b3c7-c00a03d04226\">\n<td data-immersive-translate-walked=\"dfc54f47-7ef6-4605-b3c7-c00a03d04226\" data-immersive-translate-paragraph=\"1\">Processo eficiente e integrado<\/td>\n<td data-immersive-translate-walked=\"dfc54f47-7ef6-4605-b3c7-c00a03d04226\" data-immersive-translate-paragraph=\"1\">Alimenta\u00e7\u00e3o, aquecimento, estiramento, moldagem, perfura\u00e7\u00e3o, corte e empilhamento de uma s\u00f3 vez<span class=\"notranslate immersive-translate-target-wrapper\" lang=\"zh-CN\" data-immersive-translate-translation-element-mark=\"1\"><span class=\"notranslate immersive-translate-target-translation-pre-whitespace immersive-translate-target-translation-theme-none immersive-translate-target-translation-block-wrapper-theme-none immersive-translate-target-translation-block-wrapper\" data-immersive-translate-translation-element-mark=\"1\"><span class=\"notranslate immersive-translate-target-inner immersive-translate-target-translation-theme-none-inner\" data-immersive-translate-translation-element-mark=\"1\">\u8fdb\u6599\u3001\u52a0\u70ed\u3001\u62c9\u4f38\u3001\u6210\u578b\u3001\u51b2\u5b54\u3001\u5207\u5272\u3001\u5806\u579b\u4e00\u6c14\u5475\u6210<\/span><\/span><\/span><\/td>\n<\/tr>\n<tr data-immersive-translate-walked=\"dfc54f47-7ef6-4605-b3c7-c00a03d04226\">\n<td data-immersive-translate-walked=\"dfc54f47-7ef6-4605-b3c7-c00a03d04226\">Controlo avan\u00e7ado da temperatura<\/td>\n<td data-immersive-translate-walked=\"dfc54f47-7ef6-4605-b3c7-c00a03d04226\">O sistema importado da Alemanha poupa at\u00e9 23% de energia e garante uma produ\u00e7\u00e3o est\u00e1vel<\/td>\n<\/tr>\n<tr data-immersive-translate-walked=\"dfc54f47-7ef6-4605-b3c7-c00a03d04226\">\n<td data-immersive-translate-walked=\"dfc54f47-7ef6-4605-b3c7-c00a03d04226\">Elevada versatilidade<\/td>\n<td data-immersive-translate-walked=\"dfc54f47-7ef6-4605-b3c7-c00a03d04226\">Adequado para folhas biodegrad\u00e1veis, fotodegrad\u00e1veis, PP, PS, PET, PVC, PLA, CPLA, CPET, carbonato de c\u00e1lcio, OPS e outras<\/td>\n<\/tr>\n<tr>\n<td>Ajuste f\u00e1cil<\/td>\n<td>Sistema de controlo de ponto \u00fanico para um ajuste f\u00e1cil<\/td>\n<\/tr>\n<tr>\n<td>Baixo ru\u00eddo e alta estabilidade<\/td>\n<td>Mant\u00e9m um desempenho excelente e est\u00e1vel com o m\u00ednimo de ru\u00eddo durante o funcionamento a longo prazo<\/td>\n<\/tr>\n<\/tbody>\n<\/table>\n<h3>Par\u00e2metros t\u00e9cnicos<\/h3>\n<table>\n<thead>\n<tr>\n<th>Par\u00e2metro<\/th>\n<th>Valor<\/th>\n<\/tr>\n<\/thead>\n<tbody>\n<tr>\n<td>Modelo<\/td>\n<td>MS800*700 Quatro esta\u00e7\u00f5es<\/td>\n<\/tr>\n<tr>\n<td>Materiais aplic\u00e1veis<\/td>\n<td>Degrada\u00e7\u00e3o do amido, fotodegrada\u00e7\u00e3o, PP, PS, PET, PVC, PLA, CPLA, CPET, carbonato de c\u00e1lcio, OPS e outras folhas<\/td>\n<\/tr>\n<tr>\n<td>Espessura aplic\u00e1vel (mm)<\/td>\n<td>0.2-1.5<\/td>\n<\/tr>\n<tr>\n<td>Largura aplic\u00e1vel (mm)<\/td>\n<td>500-820<\/td>\n<\/tr>\n<tr>\n<td>Di\u00e2metro m\u00e1ximo do rolo de folha (mm)<\/td>\n<td>1200<\/td>\n<\/tr>\n<tr>\n<td>Profundidade de conforma\u00e7\u00e3o (mm)<\/td>\n<td>110<\/td>\n<\/tr>\n<tr>\n<td>Largura de conforma\u00e7\u00e3o (mm)<\/td>\n<td>500-820<\/td>\n<\/tr>\n<tr>\n<td>Efici\u00eancia de trabalho (ciclos\/min)<\/td>\n<td>M\u00e1x. 30<\/td>\n<\/tr>\n<tr>\n<td>Pot\u00eancia m\u00e1xima do forno de aquecimento el\u00e9trico (kw)<\/td>\n<td>215<\/td>\n<\/tr>\n<tr>\n<td>Pot\u00eancia m\u00e1xima de toda a m\u00e1quina (kw)<\/td>\n<td>253<\/td>\n<\/tr>\n<tr>\n<td>Estiramento do servo (kw)<\/td>\n<td>3<\/td>\n<\/tr>\n<tr>\n<td>Alimenta\u00e7\u00e3o do servo (kw)<\/td>\n<td>3<\/td>\n<\/tr>\n<tr>\n<td>Servo de forma\u00e7\u00e3o do molde superior (kw)<\/td>\n<td>4.5<\/td>\n<\/tr>\n<tr>\n<td>Servo de forma\u00e7\u00e3o do molde inferior (kw)<\/td>\n<td>4.5<\/td>\n<\/tr>\n<tr>\n<td>Servo de perfura\u00e7\u00e3o do molde superior (kw)<\/td>\n<td>7.5<\/td>\n<\/tr>\n<tr>\n<td>Servo de perfura\u00e7\u00e3o do molde inferior (kw)<\/td>\n<td>4.5<\/td>\n<\/tr>\n<tr>\n<td>Servo de empilhamento (kw)<\/td>\n<td>3<\/td>\n<\/tr>\n<tr>\n<td>Consumo de energia (kw)<\/td>\n<td>50-70KW\/H<\/td>\n<\/tr>\n<tr>\n<td>Peso da m\u00e1quina (T)<\/td>\n<td>\u224816.5<\/td>\n<\/tr>\n<tr>\n<td>Tamanho da m\u00e1quina (m)<\/td>\n<td>16\u00d72.5\u00d72.8<\/td>\n<\/tr>\n<\/tbody>\n<\/table>","protected":false},"excerpt":{"rendered":"<p>A M\u00e1quina de Termoformagem de Quatro Esta\u00e7\u00f5es MS800*700 totalmente autom\u00e1tica oferece processos integrados de alimenta\u00e7\u00e3o, aquecimento, alongamento, forma\u00e7\u00e3o, perfura\u00e7\u00e3o, corte e empilhamento com controlo avan\u00e7ado de temperatura, elevada versatilidade, ajuste f\u00e1cil, baixo ru\u00eddo e desempenho est\u00e1vel a longo prazo.<\/p>","protected":false},"featured_media":352,"template":"","meta":[],"product_brand":[],"product_cat":[36,23],"product_tag":[],"class_list":{"0":"post-2019","1":"product","2":"type-product","3":"status-publish","4":"has-post-thumbnail","6":"product_cat-fully-automatic-four-station-thermoforming-machine","7":"product_cat-machine","9":"first","10":"instock","11":"shipping-taxable","12":"product-type-simple"},"_links":{"self":[{"href":"https:\/\/mesoforming.com\/pt\/wp-json\/wp\/v2\/product\/2019","targetHints":{"allow":["GET"]}}],"collection":[{"href":"https:\/\/mesoforming.com\/pt\/wp-json\/wp\/v2\/product"}],"about":[{"href":"https:\/\/mesoforming.com\/pt\/wp-json\/wp\/v2\/types\/product"}],"version-history":[{"count":0,"href":"https:\/\/mesoforming.com\/pt\/wp-json\/wp\/v2\/product\/2019\/revisions"}],"wp:featuredmedia":[{"embeddable":true,"href":"https:\/\/mesoforming.com\/pt\/wp-json\/wp\/v2\/media\/352"}],"wp:attachment":[{"href":"https:\/\/mesoforming.com\/pt\/wp-json\/wp\/v2\/media?parent=2019"}],"wp:term":[{"taxonomy":"product_brand","embeddable":true,"href":"https:\/\/mesoforming.com\/pt\/wp-json\/wp\/v2\/product_brand?post=2019"},{"taxonomy":"product_cat","embeddable":true,"href":"https:\/\/mesoforming.com\/pt\/wp-json\/wp\/v2\/product_cat?post=2019"},{"taxonomy":"product_tag","embeddable":true,"href":"https:\/\/mesoforming.com\/pt\/wp-json\/wp\/v2\/product_tag?post=2019"}],"curies":[{"name":"wp","href":"https:\/\/api.w.org\/{rel}","templated":true}]}}