{"id":2347,"date":"2024-11-16T08:58:42","date_gmt":"2024-11-16T08:58:42","guid":{"rendered":"https:\/\/mesoforming.com\/?post_type=product&#038;p=2347"},"modified":"2024-11-16T08:58:42","modified_gmt":"2024-11-16T08:58:42","slug":"2347","status":"publish","type":"product","link":"https:\/\/mesoforming.com\/pt\/produto\/2347\/","title":{"rendered":"Moldagem de copos por termoformagem"},"content":{"rendered":"<p data-immersive-translate-walked=\"d1207889-47dc-4c96-860f-476502e87264\"><strong data-immersive-translate-walked=\"d1207889-47dc-4c96-860f-476502e87264\" data-immersive-translate-paragraph=\"1\">Vis\u00e3o geral do produto<\/strong><\/p>\n<p data-immersive-translate-walked=\"d1207889-47dc-4c96-860f-476502e87264\" data-immersive-translate-paragraph=\"1\">Esta imagem mostra uma ferramenta de moldagem de copos de termoformagem de alta precis\u00e3o, especialmente concebida para m\u00e1quinas de fabrico de copos. Este molde permite uma produ\u00e7\u00e3o eficiente e consistente de copos de pl\u00e1stico, moldando, formando e cortando materiais com precis\u00e3o. Constru\u00eddo com tecnologia avan\u00e7ada, este molde para copos proporciona formas suaves e uniformes, ideais para as ind\u00fastrias de embalagens e de copos descart\u00e1veis.<\/p>\n<p data-immersive-translate-walked=\"d1207889-47dc-4c96-860f-476502e87264\"><strong data-immersive-translate-walked=\"d1207889-47dc-4c96-860f-476502e87264\" data-immersive-translate-paragraph=\"1\">Carater\u00edsticas principais<\/strong><\/p>\n<table data-immersive-translate-walked=\"d1207889-47dc-4c96-860f-476502e87264\">\n<thead data-immersive-translate-walked=\"d1207889-47dc-4c96-860f-476502e87264\">\n<tr data-immersive-translate-walked=\"d1207889-47dc-4c96-860f-476502e87264\">\n<th data-immersive-translate-walked=\"d1207889-47dc-4c96-860f-476502e87264\" data-immersive-translate-paragraph=\"1\">Item<\/th>\n<th data-immersive-translate-walked=\"d1207889-47dc-4c96-860f-476502e87264\" data-immersive-translate-paragraph=\"1\">Detalhes<\/th>\n<\/tr>\n<\/thead>\n<tbody data-immersive-translate-walked=\"d1207889-47dc-4c96-860f-476502e87264\">\n<tr data-immersive-translate-walked=\"d1207889-47dc-4c96-860f-476502e87264\">\n<td data-immersive-translate-walked=\"d1207889-47dc-4c96-860f-476502e87264\"><strong data-immersive-translate-walked=\"d1207889-47dc-4c96-860f-476502e87264\" data-immersive-translate-paragraph=\"1\">Design de precis\u00e3o<\/strong><\/td>\n<td data-immersive-translate-walked=\"d1207889-47dc-4c96-860f-476502e87264\" data-immersive-translate-paragraph=\"1\">Design optimizado da cavidade do molde para garantir uma espessura uniforme e superf\u00edcies lisas para copos de alta qualidade.<\/td>\n<\/tr>\n<tr data-immersive-translate-walked=\"d1207889-47dc-4c96-860f-476502e87264\">\n<td data-immersive-translate-walked=\"d1207889-47dc-4c96-860f-476502e87264\"><strong data-immersive-translate-walked=\"d1207889-47dc-4c96-860f-476502e87264\" data-immersive-translate-paragraph=\"1\">Material<\/strong><\/td>\n<td data-immersive-translate-walked=\"d1207889-47dc-4c96-860f-476502e87264\" data-immersive-translate-paragraph=\"1\">A\u00e7o ou liga de alum\u00ednio de alta qualidade para uma excelente durabilidade, resist\u00eancia ao calor e prote\u00e7\u00e3o contra a corros\u00e3o.<\/td>\n<\/tr>\n<tr data-immersive-translate-walked=\"d1207889-47dc-4c96-860f-476502e87264\">\n<td data-immersive-translate-walked=\"d1207889-47dc-4c96-860f-476502e87264\"><strong data-immersive-translate-walked=\"d1207889-47dc-4c96-860f-476502e87264\" data-immersive-translate-paragraph=\"1\">Sistema de arrefecimento<\/strong><\/td>\n<td data-immersive-translate-walked=\"d1207889-47dc-4c96-860f-476502e87264\" data-immersive-translate-paragraph=\"1\">Canais de arrefecimento integrados para um controlo r\u00e1pido da temperatura, aumentando a velocidade e a efici\u00eancia da produ\u00e7\u00e3o.<\/td>\n<\/tr>\n<tr data-immersive-translate-walked=\"d1207889-47dc-4c96-860f-476502e87264\">\n<td data-immersive-translate-walked=\"d1207889-47dc-4c96-860f-476502e87264\"><strong data-immersive-translate-walked=\"d1207889-47dc-4c96-860f-476502e87264\" data-immersive-translate-paragraph=\"1\">Tratamento de superf\u00edcie<\/strong><\/td>\n<td data-immersive-translate-walked=\"d1207889-47dc-4c96-860f-476502e87264\" data-immersive-translate-paragraph=\"1\">Acabamento especial da superf\u00edcie para evitar a ader\u00eancia e reduzir o atrito, garantindo a qualidade do produto e uma f\u00e1cil eje\u00e7\u00e3o.<\/td>\n<\/tr>\n<tr data-immersive-translate-walked=\"d1207889-47dc-4c96-860f-476502e87264\">\n<td data-immersive-translate-walked=\"d1207889-47dc-4c96-860f-476502e87264\"><strong data-immersive-translate-walked=\"d1207889-47dc-4c96-860f-476502e87264\" data-immersive-translate-paragraph=\"1\">Respeito pelo ambiente<\/strong><\/td>\n<td data-immersive-translate-walked=\"d1207889-47dc-4c96-860f-476502e87264\" data-immersive-translate-paragraph=\"1\">Concebida com processos amigos do ambiente, cumprindo as normas internacionais de fabrico sustent\u00e1vel.<\/td>\n<\/tr>\n<\/tbody>\n<\/table>\n<p data-immersive-translate-walked=\"d1207889-47dc-4c96-860f-476502e87264\"><strong data-immersive-translate-walked=\"d1207889-47dc-4c96-860f-476502e87264\" data-immersive-translate-paragraph=\"1\">Especifica\u00e7\u00f5es t\u00e9cnicas<\/strong><\/p>\n<table data-immersive-translate-walked=\"d1207889-47dc-4c96-860f-476502e87264\">\n<thead data-immersive-translate-walked=\"d1207889-47dc-4c96-860f-476502e87264\">\n<tr data-immersive-translate-walked=\"d1207889-47dc-4c96-860f-476502e87264\">\n<th data-immersive-translate-walked=\"d1207889-47dc-4c96-860f-476502e87264\" data-immersive-translate-paragraph=\"1\">Item<\/th>\n<th data-immersive-translate-walked=\"d1207889-47dc-4c96-860f-476502e87264\" data-immersive-translate-paragraph=\"1\">Detalhes<\/th>\n<\/tr>\n<\/thead>\n<tbody data-immersive-translate-walked=\"d1207889-47dc-4c96-860f-476502e87264\">\n<tr data-immersive-translate-walked=\"d1207889-47dc-4c96-860f-476502e87264\">\n<td data-immersive-translate-walked=\"d1207889-47dc-4c96-860f-476502e87264\"><strong data-immersive-translate-walked=\"d1207889-47dc-4c96-860f-476502e87264\" data-immersive-translate-paragraph=\"1\">Contagem de cavidades<\/strong><\/td>\n<td data-immersive-translate-walked=\"d1207889-47dc-4c96-860f-476502e87264\" data-immersive-translate-paragraph=\"1\">Personaliz\u00e1vel, normalmente dispon\u00edvel em configura\u00e7\u00f5es de 12, 16 ou 20 cavidades.<\/td>\n<\/tr>\n<tr data-immersive-translate-walked=\"d1207889-47dc-4c96-860f-476502e87264\">\n<td data-immersive-translate-walked=\"d1207889-47dc-4c96-860f-476502e87264\"><strong data-immersive-translate-walked=\"d1207889-47dc-4c96-860f-476502e87264\" data-immersive-translate-paragraph=\"1\">Tamanho do molde<\/strong><\/td>\n<td data-immersive-translate-walked=\"d1207889-47dc-4c96-860f-476502e87264\" data-immersive-translate-paragraph=\"1\">Adaptado a diferentes m\u00e1quinas de termoformagem, com op\u00e7\u00f5es de tamanho baseadas em requisitos espec\u00edficos.<\/td>\n<\/tr>\n<tr data-immersive-translate-walked=\"d1207889-47dc-4c96-860f-476502e87264\">\n<td data-immersive-translate-walked=\"d1207889-47dc-4c96-860f-476502e87264\"><strong data-immersive-translate-walked=\"d1207889-47dc-4c96-860f-476502e87264\" data-immersive-translate-paragraph=\"1\">Tamanho do copo<\/strong><\/td>\n<td data-immersive-translate-walked=\"d1207889-47dc-4c96-860f-476502e87264\" data-immersive-translate-paragraph=\"1\">Adequado para v\u00e1rias dimens\u00f5es de ch\u00e1venas, incluindo ch\u00e1venas normais de 8 oz, 12 oz e 16 oz.<\/td>\n<\/tr>\n<tr data-immersive-translate-walked=\"d1207889-47dc-4c96-860f-476502e87264\">\n<td data-immersive-translate-walked=\"d1207889-47dc-4c96-860f-476502e87264\"><strong data-immersive-translate-walked=\"d1207889-47dc-4c96-860f-476502e87264\" data-immersive-translate-paragraph=\"1\">Dureza da superf\u00edcie<\/strong><\/td>\n<td data-immersive-translate-walked=\"d1207889-47dc-4c96-860f-476502e87264\" data-immersive-translate-paragraph=\"1\">Atinge at\u00e9 HRC50-55, aumentando a durabilidade e prolongando a vida \u00fatil do molde.<\/td>\n<\/tr>\n<tr data-immersive-translate-walked=\"d1207889-47dc-4c96-860f-476502e87264\">\n<td data-immersive-translate-walked=\"d1207889-47dc-4c96-860f-476502e87264\"><strong data-immersive-translate-walked=\"d1207889-47dc-4c96-860f-476502e87264\" data-immersive-translate-paragraph=\"1\">Tecnologia de processamento<\/strong><\/td>\n<td data-immersive-translate-walked=\"d1207889-47dc-4c96-860f-476502e87264\" data-immersive-translate-paragraph=\"1\">Maquina\u00e7\u00e3o CNC com polimento de precis\u00e3o para superf\u00edcies perfeitas e de alta qualidade.<\/td>\n<\/tr>\n<tr data-immersive-translate-walked=\"d1207889-47dc-4c96-860f-476502e87264\">\n<td data-immersive-translate-walked=\"d1207889-47dc-4c96-860f-476502e87264\"><strong data-immersive-translate-walked=\"d1207889-47dc-4c96-860f-476502e87264\" data-immersive-translate-paragraph=\"1\">Peso<\/strong><\/td>\n<td data-immersive-translate-walked=\"d1207889-47dc-4c96-860f-476502e87264\" data-immersive-translate-paragraph=\"1\">Optimizado para uma f\u00e1cil instala\u00e7\u00e3o e manuten\u00e7\u00e3o na m\u00e1quina de moldagem de copos.<\/td>\n<\/tr>\n<tr data-immersive-translate-walked=\"d1207889-47dc-4c96-860f-476502e87264\">\n<td data-immersive-translate-walked=\"d1207889-47dc-4c96-860f-476502e87264\"><strong data-immersive-translate-walked=\"d1207889-47dc-4c96-860f-476502e87264\" data-immersive-translate-paragraph=\"1\">Compatibilidade<\/strong><\/td>\n<td data-immersive-translate-walked=\"d1207889-47dc-4c96-860f-476502e87264\" data-immersive-translate-paragraph=\"1\">Compat\u00edvel com a maioria das m\u00e1quinas modernas de termoformagem e de fabrico de copos existentes no mercado.<\/td>\n<\/tr>\n<tr data-immersive-translate-walked=\"d1207889-47dc-4c96-860f-476502e87264\">\n<td data-immersive-translate-walked=\"d1207889-47dc-4c96-860f-476502e87264\"><strong data-immersive-translate-walked=\"d1207889-47dc-4c96-860f-476502e87264\" data-immersive-translate-paragraph=\"1\">Temperatura de funcionamento<\/strong><\/td>\n<td data-immersive-translate-walked=\"d1207889-47dc-4c96-860f-476502e87264\" data-immersive-translate-paragraph=\"1\">Resist\u00eancia a altas temperaturas para manter a estabilidade e o desempenho durante o funcionamento cont\u00ednuo.<\/td>\n<\/tr>\n<\/tbody>\n<\/table>\n<p data-immersive-translate-walked=\"d1207889-47dc-4c96-860f-476502e87264\"><strong data-immersive-translate-walked=\"d1207889-47dc-4c96-860f-476502e87264\" data-immersive-translate-paragraph=\"1\">Aplica\u00e7\u00f5es<\/strong><\/p>\n<ul data-immersive-translate-walked=\"d1207889-47dc-4c96-860f-476502e87264\">\n<li data-immersive-translate-walked=\"d1207889-47dc-4c96-860f-476502e87264\" data-immersive-translate-paragraph=\"1\">Copos descart\u00e1veis para bebidas<\/li>\n<li data-immersive-translate-walked=\"d1207889-47dc-4c96-860f-476502e87264\" data-immersive-translate-paragraph=\"1\">Tampas de pl\u00e1stico para copos de bebidas quentes e frias<\/li>\n<li data-immersive-translate-walked=\"d1207889-47dc-4c96-860f-476502e87264\" data-immersive-translate-paragraph=\"1\">Copos para embalagem de alimentos<\/li>\n<\/ul>\n<p data-immersive-translate-walked=\"d1207889-47dc-4c96-860f-476502e87264\"><strong data-immersive-translate-walked=\"d1207889-47dc-4c96-860f-476502e87264\" data-immersive-translate-paragraph=\"1\">Instala\u00e7\u00e3o e manuten\u00e7\u00e3o<\/strong><\/p>\n<table data-immersive-translate-walked=\"d1207889-47dc-4c96-860f-476502e87264\">\n<thead data-immersive-translate-walked=\"d1207889-47dc-4c96-860f-476502e87264\">\n<tr data-immersive-translate-walked=\"d1207889-47dc-4c96-860f-476502e87264\">\n<th data-immersive-translate-walked=\"d1207889-47dc-4c96-860f-476502e87264\" data-immersive-translate-paragraph=\"1\">Item<\/th>\n<th data-immersive-translate-walked=\"d1207889-47dc-4c96-860f-476502e87264\" data-immersive-translate-paragraph=\"1\">Detalhes<\/th>\n<\/tr>\n<\/thead>\n<tbody data-immersive-translate-walked=\"d1207889-47dc-4c96-860f-476502e87264\">\n<tr data-immersive-translate-walked=\"d1207889-47dc-4c96-860f-476502e87264\">\n<td data-immersive-translate-walked=\"d1207889-47dc-4c96-860f-476502e87264\"><strong data-immersive-translate-walked=\"d1207889-47dc-4c96-860f-476502e87264\" data-immersive-translate-paragraph=\"1\">Instala\u00e7\u00e3o<\/strong><\/td>\n<td data-immersive-translate-walked=\"d1207889-47dc-4c96-860f-476502e87264\" data-immersive-translate-paragraph=\"1\">Devem ser instalados por t\u00e9cnicos com forma\u00e7\u00e3o adequada para garantir um alinhamento e uma funcionalidade exactos.<\/td>\n<\/tr>\n<tr data-immersive-translate-walked=\"d1207889-47dc-4c96-860f-476502e87264\">\n<td data-immersive-translate-walked=\"d1207889-47dc-4c96-860f-476502e87264\"><strong data-immersive-translate-walked=\"d1207889-47dc-4c96-860f-476502e87264\" data-immersive-translate-paragraph=\"1\">Manuten\u00e7\u00e3o<\/strong><\/td>\n<td data-immersive-translate-walked=\"d1207889-47dc-4c96-860f-476502e87264\" data-immersive-translate-paragraph=\"1\">Limpeza e lubrifica\u00e7\u00e3o regulares das pe\u00e7as m\u00f3veis para evitar o desgaste e manter a efici\u00eancia.<\/td>\n<\/tr>\n<tr data-immersive-translate-walked=\"d1207889-47dc-4c96-860f-476502e87264\">\n<td data-immersive-translate-walked=\"d1207889-47dc-4c96-860f-476502e87264\"><strong data-immersive-translate-walked=\"d1207889-47dc-4c96-860f-476502e87264\" data-immersive-translate-paragraph=\"1\">Sistema de arrefecimento<\/strong><\/td>\n<td data-immersive-translate-walked=\"d1207889-47dc-4c96-860f-476502e87264\" data-immersive-translate-paragraph=\"1\">Verifique se os canais de arrefecimento est\u00e3o bloqueados para garantir um controlo de temperatura consistente e uma produ\u00e7\u00e3o de alta qualidade.<\/td>\n<\/tr>\n<\/tbody>\n<\/table>\n<p data-immersive-translate-walked=\"d1207889-47dc-4c96-860f-476502e87264\"><strong data-immersive-translate-walked=\"d1207889-47dc-4c96-860f-476502e87264\" data-immersive-translate-paragraph=\"1\">Apoio ao cliente e servi\u00e7os<\/strong><\/p>\n<p data-immersive-translate-walked=\"d1207889-47dc-4c96-860f-476502e87264\" data-immersive-translate-paragraph=\"1\">Fornecemos apoio total para a nossa ferramenta de moldagem de copos para termoformagem, incluindo op\u00e7\u00f5es de personaliza\u00e7\u00e3o, orienta\u00e7\u00e3o de instala\u00e7\u00e3o, forma\u00e7\u00e3o operacional e manuten\u00e7\u00e3o p\u00f3s-venda. A nossa equipa de especialistas est\u00e1 empenhada em ajudar os clientes com quaisquer quest\u00f5es e garantir um desempenho \u00f3timo para cada aplica\u00e7\u00e3o.<\/p>\n<p data-immersive-translate-walked=\"d1207889-47dc-4c96-860f-476502e87264\"><strong data-immersive-translate-walked=\"d1207889-47dc-4c96-860f-476502e87264\" data-immersive-translate-paragraph=\"1\">Contactar-nos<\/strong><\/p>\n<p data-immersive-translate-walked=\"d1207889-47dc-4c96-860f-476502e87264\" data-immersive-translate-paragraph=\"1\">Para mais informa\u00e7\u00f5es sobre esta ferramenta de moldagem de copos ou para solicitar um or\u00e7amento:<\/p>\n<ul data-immersive-translate-walked=\"d1207889-47dc-4c96-860f-476502e87264\">\n<li data-immersive-translate-walked=\"d1207889-47dc-4c96-860f-476502e87264\" data-immersive-translate-paragraph=\"1\"><strong data-immersive-translate-walked=\"d1207889-47dc-4c96-860f-476502e87264\">Telefone<\/strong>: +86-15989023253<\/li>\n<li data-immersive-translate-walked=\"d1207889-47dc-4c96-860f-476502e87264\" data-immersive-translate-paragraph=\"1\"><strong data-immersive-translate-walked=\"d1207889-47dc-4c96-860f-476502e87264\">Correio eletr\u00f3nico<\/strong>:<a href=\"mailto:jenny@mesoforming.com\"><u>jenny@mesoforming.com<\/u><\/a><\/li>\n<li data-immersive-translate-walked=\"d1207889-47dc-4c96-860f-476502e87264\" data-immersive-translate-paragraph=\"1\"><strong data-immersive-translate-walked=\"d1207889-47dc-4c96-860f-476502e87264\">S\u00edtio Web<\/strong>:https:\/\/mesoforming.com\/<\/li>\n<\/ul>\n<p data-immersive-translate-walked=\"d1207889-47dc-4c96-860f-476502e87264\" data-immersive-translate-paragraph=\"1\">Esta ferramenta de moldagem de copos oferece elevada precis\u00e3o e efici\u00eancia, tornando-a a escolha preferida dos fabricantes da ind\u00fastria de copos descart\u00e1veis e embalagens.<\/p>","protected":false},"excerpt":{"rendered":"<p>Ferramenta de moldagem de copos para termoformagem de alta precis\u00e3o, concebida para uma produ\u00e7\u00e3o eficiente e consistente de copos descart\u00e1veis. Fabricada com materiais duradouros, sistemas de arrefecimento avan\u00e7ados e op\u00e7\u00f5es de cavidade personaliz\u00e1veis, garante uma qualidade uniforme, funcionamento a alta velocidade e compatibilidade com a maioria das m\u00e1quinas de fabrico de copos. Ideal para as ind\u00fastrias de embalagens de bebidas e alimentos.<\/p>","protected":false},"featured_media":2344,"template":"","meta":[],"product_brand":[],"product_cat":[41,63],"product_tag":[64],"class_list":{"0":"post-2347","1":"product","2":"type-product","3":"status-publish","4":"has-post-thumbnail","6":"product_cat-mould","7":"product_cat-cup-mould","8":"product_tag-cup-mold","10":"first","11":"instock","12":"shipping-taxable","13":"product-type-simple"},"_links":{"self":[{"href":"https:\/\/mesoforming.com\/pt\/wp-json\/wp\/v2\/product\/2347","targetHints":{"allow":["GET"]}}],"collection":[{"href":"https:\/\/mesoforming.com\/pt\/wp-json\/wp\/v2\/product"}],"about":[{"href":"https:\/\/mesoforming.com\/pt\/wp-json\/wp\/v2\/types\/product"}],"version-history":[{"count":0,"href":"https:\/\/mesoforming.com\/pt\/wp-json\/wp\/v2\/product\/2347\/revisions"}],"wp:featuredmedia":[{"embeddable":true,"href":"https:\/\/mesoforming.com\/pt\/wp-json\/wp\/v2\/media\/2344"}],"wp:attachment":[{"href":"https:\/\/mesoforming.com\/pt\/wp-json\/wp\/v2\/media?parent=2347"}],"wp:term":[{"taxonomy":"product_brand","embeddable":true,"href":"https:\/\/mesoforming.com\/pt\/wp-json\/wp\/v2\/product_brand?post=2347"},{"taxonomy":"product_cat","embeddable":true,"href":"https:\/\/mesoforming.com\/pt\/wp-json\/wp\/v2\/product_cat?post=2347"},{"taxonomy":"product_tag","embeddable":true,"href":"https:\/\/mesoforming.com\/pt\/wp-json\/wp\/v2\/product_tag?post=2347"}],"curies":[{"name":"wp","href":"https:\/\/api.w.org\/{rel}","templated":true}]}}